{"id":23303,"date":"2014-06-01T12:21:50","date_gmt":"2014-06-01T10:21:50","guid":{"rendered":"http:\/\/www.libraria-occitana.org\/all-products\/chas-los-ponticauds-chez-les-ponticauds-en-lemosin-12-dvd-cd?lang=oc"},"modified":"2026-04-29T04:36:14","modified_gmt":"2026-04-29T02:36:14","slug":"chas-los-ponticauds-chez-les-ponticauds-en-lemosin-12-dvd-cd","status":"publish","type":"product","link":"https:\/\/www.libraria-occitana.org\/oc\/produch\/chas-los-ponticauds-chez-les-ponticauds-en-lemosin-12-dvd-cd\/","title":{"rendered":"Chas los Ponticauds &#8211; Chez les Ponticauds (En Lemosin 12) (DVD+ CD)"},"content":{"rendered":"<p>\u00c0 fl\u00e2ner le long des berges de la Vienne, dans les ruelles coquettes de l\u2019Abbessaille ou du Clos Sainte-Marie, il para\u00eet bien loin d\u00e9sormais le temps o\u00f9 le quartier des ponts \u00e9tait un lieu populeux et industriel d\u00e9nigr\u00e9 par les Limougeauds des \u201cbeaux quartiers\u201d.<\/p>\n<p>Pourtant, \u00e0 \u00e9couter Simone Jeammot et Jacques Combeau raconter leur enfance dans deux c\u00e9l\u00e8bres caf\u00e9s-restaurants de l\u2019endroit, \u201c\u00c0 la crotte de poule\u201d pour l\u2019une, au \u201cPoisson soleil\u201d pour l\u2019autre, ce petit monde nous para\u00eet \u00e9tonnement proche.<\/p>\n<p>C\u2019est dans un fran\u00e7ais au bel accent accent limousin, cet \u201caccent des ponts\u201d aux intonations occitanes, qu\u2019ils nous parlent de leur quartier. Sous leurs \u00e9vocations tout un peuple d\u2019ouvriers, de lavandi\u00e8res, de personnalit\u00e9s fortes en couleur au verbe haut et au r\u00e9pertoire chansonnier in\u00e9puisable reprend vie.<\/p>\n<p>Documentaires et chansons en occitan et fran\u00e7ais.<br \/>\nCoffret 2 films \u201cChas los Ponticauds\u201d Suivi de \u201cLa festa daus ponts\u201d + 1 CD 6 titres \u201cChansons des ponts\u201d (Simone et Nicole Jeammot)<\/p>\n<p><strong>Titres CD :<\/strong><br \/>\n1. Boulevard Saint-Maurice 2&#8217;12<br \/>\n2. Soun pourtrai 3&#8217;28<br \/>\n3. L&#8217;Arabie 1&#8217;50<br \/>\n4. \u00c0 la crotte de poule 0&#8217;42<br \/>\n5. La Vienne 2&#8217;26<br \/>\n6. Dans les jardins de l&#8217;\u00c9v\u00each\u00e9 1&#8217;38<\/p>\n","protected":false},"excerpt":{"rendered":"<p>\u00c0 fl\u00e2ner le long des berges de la Vienne, dans les ruelles coquettes de l\u2019Abbessaille ou du Clos Sainte-Marie, il para\u00eet bien loin d\u00e9sormais le temps o\u00f9 le quartier des ponts \u00e9tait un lieu populeux et industriel d\u00e9nigr\u00e9 par les Limougeauds des \u201cbeaux quartiers\u201d. Pourtant, \u00e0 \u00e9couter Simone Jeammot et Jacques Combeau raconter leur enfance [&hellip;]<\/p>\n","protected":false},"featured_media":27886,"template":"","meta":{"_acf_changed":false,"_genesis_hide_title":false,"_genesis_hide_breadcrumbs":false,"_genesis_hide_singular_image":false,"_genesis_hide_footer_widgets":false,"_genesis_custom_body_class":"","_genesis_custom_post_class":"","_genesis_layout":""},"product_brand":[],"product_cat":[7242,7240],"product_tag":[],"class_list":{"0":"post-23303","1":"product","2":"type-product","3":"status-publish","4":"has-post-thumbnail","6":"product_cat-documentari-oc","7":"product_cat-video-oc","8":"pa_auteur-ieo-lemosin-fr-oc","9":"pa_editeur-ieo-lemosin-oc","10":"pa_langue-francais-oc","11":"pa_langue-occitan-oc","12":"pa_langue-occitan-lemosin-oc","13":"entry","15":"first","16":"outofstock","17":"shipping-taxable","18":"purchasable","19":"product-type-simple"},"acf":[],"_links":{"self":[{"href":"https:\/\/www.libraria-occitana.org\/oc\/wp-json\/wp\/v2\/product\/23303","targetHints":{"allow":["GET"]}}],"collection":[{"href":"https:\/\/www.libraria-occitana.org\/oc\/wp-json\/wp\/v2\/product"}],"about":[{"href":"https:\/\/www.libraria-occitana.org\/oc\/wp-json\/wp\/v2\/types\/product"}],"wp:featuredmedia":[{"embeddable":true,"href":"https:\/\/www.libraria-occitana.org\/oc\/wp-json\/wp\/v2\/media\/27886"}],"wp:attachment":[{"href":"https:\/\/www.libraria-occitana.org\/oc\/wp-json\/wp\/v2\/media?parent=23303"}],"wp:term":[{"taxonomy":"product_brand","embeddable":true,"href":"https:\/\/www.libraria-occitana.org\/oc\/wp-json\/wp\/v2\/product_brand?post=23303"},{"taxonomy":"product_cat","embeddable":true,"href":"https:\/\/www.libraria-occitana.org\/oc\/wp-json\/wp\/v2\/product_cat?post=23303"},{"taxonomy":"product_tag","embeddable":true,"href":"https:\/\/www.libraria-occitana.org\/oc\/wp-json\/wp\/v2\/product_tag?post=23303"}],"curies":[{"name":"wp","href":"https:\/\/api.w.org\/{rel}","templated":true}]}}