{"id":23316,"date":"2014-05-01T10:33:49","date_gmt":"2014-05-01T09:33:49","guid":{"rendered":"http:\/\/www.libraria-occitana.org\/all-products\/canotiers-au-fil-de-leau-lescapade-dargentat-a-bergerac?lang=oc"},"modified":"2026-04-25T07:46:46","modified_gmt":"2026-04-25T05:46:46","slug":"canotiers-au-fil-de-leau-lescapade-dargentat-a-bergerac","status":"publish","type":"product","link":"https:\/\/www.libraria-occitana.org\/oc\/produch\/canotiers-au-fil-de-leau-lescapade-dargentat-a-bergerac\/","title":{"rendered":"Canotiers au fil de l&#8217;eau : L&#8217;escapade d&#8217;Argentat \u00e0 Bergerac"},"content":{"rendered":"<p><strong>M\u00e9tamorphose&#8230;<\/strong><\/p>\n<p>Si nous avions pu mat\u00e9rialiser et donner une forme \u00e0 ce livre, il aurait pris la forme d&#8217;une barque de Dordogne.<br \/>\nIl aurait \u00e9t\u00e9 <em>nau<\/em>, il aurait amen\u00e9 le lecteur d&#8217;une rive \u00e0 l&#8217;autre et d&#8217;un r\u00eave \u00e0 l&#8217;autre. Il se serait fait passeur \u00e0 la rencontre du monde d&#8217;en face.<br \/>\nIl aurait \u00e9t\u00e9 &#8220;courau&#8221;, il aurait navigu\u00e9 d&#8217;un port \u00e0 l&#8217;autre, il aurait navigu\u00e9 d&#8217;un port \u00e0 l&#8217;autre, il aurait apport\u00e9 son grain de sel, transport\u00e9 diversit\u00e9 et curiosit\u00e9.<br \/>\nIl aurait \u00e9t\u00e9 notre cano\u00eb, il aurait voyag\u00e9 ; il aurait tout simplement fait voyager le lecteur, lui aurait donn\u00e9 l&#8217;envie de d\u00e9couvrir le monde de l&#8217;eau, celui englouti et celui d&#8217;aujourd&#8217;hui.<\/p>\n<p><a title=\"Dordonha\u2026 L\u2019\u00e9pop\u00e9e de la Rivi\u00e8re sauvage et mythique\" href=\"http:\/\/www.libraria-occitana.org\/all-products\/dordonha-lepopee-de-la-riviere-sauvage-et-mythique\"><em>Dordonha&#8230; L&#8217;\u00e9pop\u00e9e de la Rivi\u00e8re sauvage et mythique<\/em><\/a> (Premi\u00e8re partie &#8211;\u00a0Du Puy de Sancy \u00e0 Argentat)<\/p>\n","protected":false},"excerpt":{"rendered":"<p>M\u00e9tamorphose&#8230; Si nous avions pu mat\u00e9rialiser et donner une forme \u00e0 ce livre, il aurait pris la forme d&#8217;une barque de Dordogne. Il aurait \u00e9t\u00e9 nau, il aurait amen\u00e9 le lecteur d&#8217;une rive \u00e0 l&#8217;autre et d&#8217;un r\u00eave \u00e0 l&#8217;autre. Il se serait fait passeur \u00e0 la rencontre du monde d&#8217;en face. Il aurait \u00e9t\u00e9 [&hellip;]<\/p>\n","protected":false},"featured_media":36656,"template":"","meta":{"_acf_changed":false,"_genesis_hide_title":false,"_genesis_hide_breadcrumbs":false,"_genesis_hide_singular_image":false,"_genesis_hide_footer_widgets":false,"_genesis_custom_body_class":"","_genesis_custom_post_class":"","_genesis_layout":""},"product_brand":[],"product_cat":[7199,7133,7197],"product_tag":[],"class_list":{"0":"post-23316","1":"product","2":"type-product","3":"status-publish","4":"has-post-thumbnail","6":"product_cat-guides-torisme-viatge-oc","7":"product_cat-libres-oc","8":"product_cat-natura-torisme-oc","9":"pa_auteur-hebrard-claudine-oc","10":"pa_auteur-peirat-olivier-oc","11":"pa_editeur-coneissenca-oc","12":"pa_langue-francais-oc","13":"pa_langue-occitan-oc","14":"pa_langue-occitan-lengadocian-oc","15":"entry","17":"first","18":"instock","19":"shipping-taxable","20":"purchasable","21":"product-type-simple"},"acf":[],"_links":{"self":[{"href":"https:\/\/www.libraria-occitana.org\/oc\/wp-json\/wp\/v2\/product\/23316","targetHints":{"allow":["GET"]}}],"collection":[{"href":"https:\/\/www.libraria-occitana.org\/oc\/wp-json\/wp\/v2\/product"}],"about":[{"href":"https:\/\/www.libraria-occitana.org\/oc\/wp-json\/wp\/v2\/types\/product"}],"wp:featuredmedia":[{"embeddable":true,"href":"https:\/\/www.libraria-occitana.org\/oc\/wp-json\/wp\/v2\/media\/36656"}],"wp:attachment":[{"href":"https:\/\/www.libraria-occitana.org\/oc\/wp-json\/wp\/v2\/media?parent=23316"}],"wp:term":[{"taxonomy":"product_brand","embeddable":true,"href":"https:\/\/www.libraria-occitana.org\/oc\/wp-json\/wp\/v2\/product_brand?post=23316"},{"taxonomy":"product_cat","embeddable":true,"href":"https:\/\/www.libraria-occitana.org\/oc\/wp-json\/wp\/v2\/product_cat?post=23316"},{"taxonomy":"product_tag","embeddable":true,"href":"https:\/\/www.libraria-occitana.org\/oc\/wp-json\/wp\/v2\/product_tag?post=23316"}],"curies":[{"name":"wp","href":"https:\/\/api.w.org\/{rel}","templated":true}]}}