{"id":23329,"date":"2014-04-01T13:36:13","date_gmt":"2014-04-01T11:36:13","guid":{"rendered":"http:\/\/www.libraria-occitana.org\/all-products\/le-rosier-pourpre-et-autres-nouvelles?lang=oc"},"modified":"2026-04-13T04:32:06","modified_gmt":"2026-04-13T02:32:06","slug":"le-rosier-pourpre-et-autres-nouvelles","status":"publish","type":"product","link":"https:\/\/www.libraria-occitana.org\/oc\/produch\/le-rosier-pourpre-et-autres-nouvelles\/","title":{"rendered":"Le rosier pourpre et autres nouvelles"},"content":{"rendered":"<p>Autour de ses trente ans, dans les ann\u00e9es 1950, en une quarantaine de nouvelles, Marcelle Delpastre mit \u00e0 jour un univers romanesque qu\u2019elle qualifia de surr\u00e9el, univers d\u2019une extr\u00eame violence et si loin d\u2019elle qu\u2019on ne se serait pas attendu \u00e0 voir na\u00eetre de la jeune paysanne sans histoire qu\u2019elle avait choisi ou sembl\u00e9 accepter d\u2019\u00eatre depuis d\u00e9j\u00e0 dix ans. Le narrateur &#8211; un homme toujours &#8211; y vit des amours passionn\u00e9es qui &#8211; jalousie, suspicion &#8211; le m\u00e8nent le plus souvent au crime, sans qu\u2019on sache vraiment jamais dans quel ordre de r\u00e9alit\u00e9 on est. Tout \u00e7a \u00e9crit, au dire de l\u2019auteur, avec une grande jubilation, comme en un jeu qu\u2019on a du mal \u00e0 penser innocent (bien qu\u2019une seule nouvelle, <em>D\u00e9parts<\/em>, nous semble directement nourrie de sa propre vie). Tout se passe comme si Marcelle Delpastre avait eu alors besoin d\u2019extirper d\u2019elle certains d\u00e9mons (tant personnels que litt\u00e9raires) pour devenir l\u2019immense po\u00e8te que nous savons aujourd\u2019hui et dont on voit \u00e0 la m\u00eame \u00e9poque les premiers \u00e9clats dans <a title=\"Le testament de l\u2019eau douce\" href=\"http:\/\/www.libraria-occitana.org\/all-products\/le-testament-de-leau-douce\"><em>Le Testament de l\u2019eau douce<\/em><\/a> et plus encore dans les <a title=\"Ballades\" href=\"http:\/\/www.libraria-occitana.org\/all-products\/ballades\"><em>Ballades<\/em><\/a> publi\u00e9es en 2001 dans cette m\u00eame collection (et r\u00e9imprim\u00e9es parall\u00e8lement au pr\u00e9sent recueil). De l\u2019ensemble nous avons choisi vingt-cinq nouvelles illustrant bien toutes les facettes de ce moment d\u2019une \u0153uvre encore en gestation. Le lecteur va d\u00e9couvrir une Marcelle Delpastre \u00e9tonnante et qu\u2019il \u00e9tait probablement bien loin de soup\u00e7onner.<\/p>\n<p style=\"text-align: right\">JdM<\/p>\n","protected":false},"excerpt":{"rendered":"<p>Autour de ses trente ans, dans les ann\u00e9es 1950, en une quarantaine de nouvelles, Marcelle Delpastre mit \u00e0 jour un univers romanesque qu\u2019elle qualifia de surr\u00e9el, univers d\u2019une extr\u00eame violence et si loin d\u2019elle qu\u2019on ne se serait pas attendu \u00e0 voir na\u00eetre de la jeune paysanne sans histoire qu\u2019elle avait choisi ou sembl\u00e9 accepter [&hellip;]<\/p>\n","protected":false},"featured_media":23330,"template":"","meta":{"_acf_changed":false,"_genesis_hide_title":false,"_genesis_hide_breadcrumbs":false,"_genesis_hide_singular_image":false,"_genesis_hide_footer_widgets":false,"_genesis_custom_body_class":"","_genesis_custom_post_class":"","_genesis_layout":""},"product_brand":[],"product_cat":[7133,7175,7183],"product_tag":[],"class_list":{"0":"post-23329","1":"product","2":"type-product","3":"status-publish","4":"has-post-thumbnail","6":"product_cat-libres-oc","7":"product_cat-literatura-oc","8":"product_cat-romans-novelas-oc","9":"pa_auteur-delpastre-marcela-oc","10":"pa_editeur-plein-chant-oc","11":"pa_illustrateur-delpastre-marcelle-oc","12":"pa_langue-francais-oc","13":"entry","15":"first","16":"instock","17":"shipping-taxable","18":"purchasable","19":"product-type-simple"},"acf":[],"_links":{"self":[{"href":"https:\/\/www.libraria-occitana.org\/oc\/wp-json\/wp\/v2\/product\/23329","targetHints":{"allow":["GET"]}}],"collection":[{"href":"https:\/\/www.libraria-occitana.org\/oc\/wp-json\/wp\/v2\/product"}],"about":[{"href":"https:\/\/www.libraria-occitana.org\/oc\/wp-json\/wp\/v2\/types\/product"}],"wp:featuredmedia":[{"embeddable":true,"href":"https:\/\/www.libraria-occitana.org\/oc\/wp-json\/wp\/v2\/media\/23330"}],"wp:attachment":[{"href":"https:\/\/www.libraria-occitana.org\/oc\/wp-json\/wp\/v2\/media?parent=23329"}],"wp:term":[{"taxonomy":"product_brand","embeddable":true,"href":"https:\/\/www.libraria-occitana.org\/oc\/wp-json\/wp\/v2\/product_brand?post=23329"},{"taxonomy":"product_cat","embeddable":true,"href":"https:\/\/www.libraria-occitana.org\/oc\/wp-json\/wp\/v2\/product_cat?post=23329"},{"taxonomy":"product_tag","embeddable":true,"href":"https:\/\/www.libraria-occitana.org\/oc\/wp-json\/wp\/v2\/product_tag?post=23329"}],"curies":[{"name":"wp","href":"https:\/\/api.w.org\/{rel}","templated":true}]}}