{"id":23335,"date":"2014-04-01T11:09:59","date_gmt":"2014-04-01T10:09:59","guid":{"rendered":"http:\/\/www.libraria-occitana.org\/all-products\/la-faute-au-midi?lang=oc"},"modified":"2026-04-25T22:21:13","modified_gmt":"2026-04-25T20:21:13","slug":"la-faute-au-midi","status":"publish","type":"product","link":"https:\/\/www.libraria-occitana.org\/oc\/produch\/la-faute-au-midi\/","title":{"rendered":"La faute au Midi"},"content":{"rendered":"<p>Les 20 et 21 ao\u00fbt 1914, les soldats proven\u00e7aux du XVe corps sont lanc\u00e9s dans la bataille de Lorraine, sans appui d\u2019artillerie. Dix mille soldats sont fauch\u00e9s par les obus sans m\u00eame voir un seul Allemand. Pour Joffre, g\u00e9n\u00e9ralissime des arm\u00e9es fran\u00e7aises, cette d\u00e9faite est catastrophique. Afin de se d\u00e9douaner, il rejette la faute sur les soldats du Midi, laissant entendre que la d\u00e9faite est due \u00e0 leur manque de courage.<\/p>\n<p>Humble combattant proven\u00e7al, Auguste Odde a \u00e9t\u00e9 bless\u00e9 au bras. Un m\u00e9decin convaincu l&#8217;ausculte et le soup\u00e7onne de mutilation volontaire. Auguste Odde est alors pr\u00e9sent\u00e9 devant un conseil de guerre, il risque la peine de mort&#8230;<\/p>\n","protected":false},"excerpt":{"rendered":"<p>Les 20 et 21 ao\u00fbt 1914, les soldats proven\u00e7aux du XVe corps sont lanc\u00e9s dans la bataille de Lorraine, sans appui d\u2019artillerie. Dix mille soldats sont fauch\u00e9s par les obus sans m\u00eame voir un seul Allemand. Pour Joffre, g\u00e9n\u00e9ralissime des arm\u00e9es fran\u00e7aises, cette d\u00e9faite est catastrophique. Afin de se d\u00e9douaner, il rejette la faute sur [&hellip;]<\/p>\n","protected":false},"featured_media":23336,"template":"","meta":{"_acf_changed":false,"_genesis_hide_title":false,"_genesis_hide_breadcrumbs":false,"_genesis_hide_singular_image":false,"_genesis_hide_footer_widgets":false,"_genesis_custom_body_class":"","_genesis_custom_post_class":"","_genesis_layout":""},"product_brand":[],"product_cat":[7169,7165,7133],"product_tag":[],"class_list":{"0":"post-23335","1":"product","2":"type-product","3":"status-publish","4":"has-post-thumbnail","6":"product_cat-benda-dessenhada-oc","7":"product_cat-jounessa-bd-umor","8":"product_cat-libres-oc","9":"pa_editeur-bamboo-edition-oc","10":"pa_illustrateur-a-dan-oc","11":"pa_langue-francais-oc","12":"entry","14":"first","15":"instock","16":"shipping-taxable","17":"purchasable","18":"product-type-simple"},"acf":[],"_links":{"self":[{"href":"https:\/\/www.libraria-occitana.org\/oc\/wp-json\/wp\/v2\/product\/23335","targetHints":{"allow":["GET"]}}],"collection":[{"href":"https:\/\/www.libraria-occitana.org\/oc\/wp-json\/wp\/v2\/product"}],"about":[{"href":"https:\/\/www.libraria-occitana.org\/oc\/wp-json\/wp\/v2\/types\/product"}],"wp:featuredmedia":[{"embeddable":true,"href":"https:\/\/www.libraria-occitana.org\/oc\/wp-json\/wp\/v2\/media\/23336"}],"wp:attachment":[{"href":"https:\/\/www.libraria-occitana.org\/oc\/wp-json\/wp\/v2\/media?parent=23335"}],"wp:term":[{"taxonomy":"product_brand","embeddable":true,"href":"https:\/\/www.libraria-occitana.org\/oc\/wp-json\/wp\/v2\/product_brand?post=23335"},{"taxonomy":"product_cat","embeddable":true,"href":"https:\/\/www.libraria-occitana.org\/oc\/wp-json\/wp\/v2\/product_cat?post=23335"},{"taxonomy":"product_tag","embeddable":true,"href":"https:\/\/www.libraria-occitana.org\/oc\/wp-json\/wp\/v2\/product_tag?post=23335"}],"curies":[{"name":"wp","href":"https:\/\/api.w.org\/{rel}","templated":true}]}}