{"id":23339,"date":"2014-03-01T14:37:32","date_gmt":"2014-03-01T13:37:32","guid":{"rendered":"http:\/\/www.libraria-occitana.org\/all-products\/tot-en-un-lexic-occitanfrances-francaisoccitan-lengadocian?lang=oc"},"modified":"2026-04-29T10:40:52","modified_gmt":"2026-04-29T08:40:52","slug":"tot-en-un-lexic-occitanfrances-francaisoccitan-lengadocian","status":"publish","type":"product","link":"https:\/\/www.libraria-occitana.org\/oc\/produch\/tot-en-un-lexic-occitanfrances-francaisoccitan-lengadocian\/","title":{"rendered":"Tot en un : Lexic occitan\/franc\u00e9s &#8211; fran\u00e7ais\/occitan, Lengadocian"},"content":{"rendered":"<p><strong>[oc]<\/strong><br \/>\nLo lexic del temps present aisit de manejar, per passar de l&#8217;occitan (lengadocian) al franc\u00e9s o del franc\u00e9s a l&#8217;occitan. 70000 dintradas.<br \/>\n3ena edicion, corregida e augmentada<\/p>\n<p><strong>[fr]<\/strong><br \/>\nLe lexique du temps pr\u00e9sent facile \u00e0 utiliser, pour aller de l&#8217;occitan (languedocien) au fran\u00e7ais ou du fran\u00e7ais \u00e0 l&#8217;occitan. 70000 entr\u00e9es.<br \/>\n3e \u00e9dition, corrig\u00e9e et augment\u00e9e.<\/p>\n","protected":false},"excerpt":{"rendered":"<p>[oc] Lo lexic del temps present aisit de manejar, per passar de l&#8217;occitan (lengadocian) al franc\u00e9s o del franc\u00e9s a l&#8217;occitan. 70000 dintradas. 3ena edicion, corregida e augmentada [fr] Le lexique du temps pr\u00e9sent facile \u00e0 utiliser, pour aller de l&#8217;occitan (languedocien) au fran\u00e7ais ou du fran\u00e7ais \u00e0 l&#8217;occitan. 70000 entr\u00e9es. 3e \u00e9dition, corrig\u00e9e et [&hellip;]<\/p>\n","protected":false},"featured_media":23340,"template":"","meta":{"_acf_changed":false,"_genesis_hide_title":false,"_genesis_hide_breadcrumbs":false,"_genesis_hide_singular_image":false,"_genesis_hide_footer_widgets":false,"_genesis_custom_body_class":"","_genesis_custom_post_class":"","_genesis_layout":""},"product_brand":[],"product_cat":[7139,7137,7133],"product_tag":[],"class_list":{"0":"post-23339","1":"product","2":"type-product","3":"status-publish","4":"has-post-thumbnail","6":"product_cat-diccionaris-gramaticas-oc","7":"product_cat-diccionaris-lenga-escolar-oc","8":"product_cat-libres-oc","9":"pa_auteur-serras-joan-claudi-oc","10":"pa_editeur-ieo-fr-oc","11":"pa_langue-occitan-lengadocian-oc","12":"pa_langue-occitan-francais-oc","13":"entry","15":"first","16":"outofstock","17":"shipping-taxable","18":"purchasable","19":"product-type-simple"},"acf":[],"_links":{"self":[{"href":"https:\/\/www.libraria-occitana.org\/oc\/wp-json\/wp\/v2\/product\/23339","targetHints":{"allow":["GET"]}}],"collection":[{"href":"https:\/\/www.libraria-occitana.org\/oc\/wp-json\/wp\/v2\/product"}],"about":[{"href":"https:\/\/www.libraria-occitana.org\/oc\/wp-json\/wp\/v2\/types\/product"}],"wp:featuredmedia":[{"embeddable":true,"href":"https:\/\/www.libraria-occitana.org\/oc\/wp-json\/wp\/v2\/media\/23340"}],"wp:attachment":[{"href":"https:\/\/www.libraria-occitana.org\/oc\/wp-json\/wp\/v2\/media?parent=23339"}],"wp:term":[{"taxonomy":"product_brand","embeddable":true,"href":"https:\/\/www.libraria-occitana.org\/oc\/wp-json\/wp\/v2\/product_brand?post=23339"},{"taxonomy":"product_cat","embeddable":true,"href":"https:\/\/www.libraria-occitana.org\/oc\/wp-json\/wp\/v2\/product_cat?post=23339"},{"taxonomy":"product_tag","embeddable":true,"href":"https:\/\/www.libraria-occitana.org\/oc\/wp-json\/wp\/v2\/product_tag?post=23339"}],"curies":[{"name":"wp","href":"https:\/\/api.w.org\/{rel}","templated":true}]}}