{"id":23355,"date":"2014-01-01T14:21:21","date_gmt":"2014-01-01T13:21:21","guid":{"rendered":"http:\/\/www.libraria-occitana.org\/all-products\/la-boria-delh-bestial-un-conte-fadier?lang=oc"},"modified":"2026-04-26T00:37:06","modified_gmt":"2026-04-25T22:37:06","slug":"la-boria-delh-bestial-un-conte-fadier","status":"publish","type":"product","link":"https:\/\/www.libraria-occitana.org\/oc\/produch\/la-boria-delh-bestial-un-conte-fadier\/","title":{"rendered":"La b\u00f2ria delh bestial : Un conte fadi\u00e8r"},"content":{"rendered":"<p>Los Comandaments fugu\u00e8ron escriuts sobre la paret enquintranada en grandas letras blanchas que se podi\u00e1n legir trenta pas d&#8217;alai. Disi\u00e1n coma aqu\u00f2 :<\/p>\n<p>LOS S\u00c8T COMANDAMENTS<\/p>\n<p>1. Tot \u00e7\u00f2 que vai sobre doas chambas es enemic.<br \/>\n2. Tot \u00e7\u00f2 que vai sobre quatre chambas o z-a d&#8217;alas es amic.<br \/>\n3. Ges de b\u00e8stia portar\u00e1 pas vestits.<br \/>\n4. Ges de b\u00e8stia durmir\u00e1 pas en l\u00e8it.<br \/>\n5. Ges de b\u00e8stia beur\u00e0 pas alco\u00f2l.<br \/>\n6. Ges de b\u00e8stia tuar\u00e0 pas una autra b\u00e8stia.<br \/>\n7. Totas las b\u00e8stias son egalas.<\/p>\n<p>Lo cel\u00e8bre <em>Animal farm<\/em> de George Orwell, un dels melhors contes filosofics jamai escrichs. Jove o adult, cadun i tastar\u00e0 un plaser vertadi\u00e8r, que se p\u00f2t legir coma un conte animali\u00e8r viu e colorat tant coma una satira politica ferotja.<\/p>\n","protected":false},"excerpt":{"rendered":"<p>Los Comandaments fugu\u00e8ron escriuts sobre la paret enquintranada en grandas letras blanchas que se podi\u00e1n legir trenta pas d&#8217;alai. Disi\u00e1n coma aqu\u00f2 : LOS S\u00c8T COMANDAMENTS 1. Tot \u00e7\u00f2 que vai sobre doas chambas es enemic. 2. Tot \u00e7\u00f2 que vai sobre quatre chambas o z-a d&#8217;alas es amic. 3. Ges de b\u00e8stia portar\u00e1 pas [&hellip;]<\/p>\n","protected":false},"featured_media":23356,"template":"","meta":{"_acf_changed":false,"_genesis_hide_title":false,"_genesis_hide_breadcrumbs":false,"_genesis_hide_singular_image":false,"_genesis_hide_footer_widgets":false,"_genesis_custom_body_class":"","_genesis_custom_post_class":"","_genesis_layout":""},"product_brand":[],"product_cat":[7133,7175,7183],"product_tag":[],"class_list":{"0":"post-23355","1":"product","2":"type-product","3":"status-publish","4":"has-post-thumbnail","6":"product_cat-libres-oc","7":"product_cat-literatura-oc","8":"product_cat-romans-novelas-oc","9":"pa_auteur-orwell-georges-oc","10":"pa_auteur-ros-joan-auv-oc","11":"pa_editeur-lostal-del-libre-oc","12":"pa_langue-occitan-oc","13":"pa_langue-occitan-auvernhat-oc","14":"entry","16":"first","17":"instock","18":"shipping-taxable","19":"purchasable","20":"product-type-simple"},"acf":[],"_links":{"self":[{"href":"https:\/\/www.libraria-occitana.org\/oc\/wp-json\/wp\/v2\/product\/23355","targetHints":{"allow":["GET"]}}],"collection":[{"href":"https:\/\/www.libraria-occitana.org\/oc\/wp-json\/wp\/v2\/product"}],"about":[{"href":"https:\/\/www.libraria-occitana.org\/oc\/wp-json\/wp\/v2\/types\/product"}],"wp:featuredmedia":[{"embeddable":true,"href":"https:\/\/www.libraria-occitana.org\/oc\/wp-json\/wp\/v2\/media\/23356"}],"wp:attachment":[{"href":"https:\/\/www.libraria-occitana.org\/oc\/wp-json\/wp\/v2\/media?parent=23355"}],"wp:term":[{"taxonomy":"product_brand","embeddable":true,"href":"https:\/\/www.libraria-occitana.org\/oc\/wp-json\/wp\/v2\/product_brand?post=23355"},{"taxonomy":"product_cat","embeddable":true,"href":"https:\/\/www.libraria-occitana.org\/oc\/wp-json\/wp\/v2\/product_cat?post=23355"},{"taxonomy":"product_tag","embeddable":true,"href":"https:\/\/www.libraria-occitana.org\/oc\/wp-json\/wp\/v2\/product_tag?post=23355"}],"curies":[{"name":"wp","href":"https:\/\/api.w.org\/{rel}","templated":true}]}}