{"id":23360,"date":"2014-10-01T15:33:42","date_gmt":"2014-10-01T13:33:42","guid":{"rendered":"http:\/\/www.libraria-occitana.org\/all-products\/autour-du-courrier-du-centre-chroniques-des-annees-1950?lang=oc"},"modified":"2026-04-29T11:01:24","modified_gmt":"2026-04-29T09:01:24","slug":"autour-du-courrier-du-centre-chroniques-des-annees-1950","status":"publish","type":"product","link":"https:\/\/www.libraria-occitana.org\/oc\/produch\/autour-du-courrier-du-centre-chroniques-des-annees-1950\/","title":{"rendered":"Autour du Courrier du Centre : Chroniques des ann\u00e9es 1950"},"content":{"rendered":"<p>En 1957, suite \u00e0 la petite notori\u00e9t\u00e9 acquise \u00e0 Marcelle Delpastre par la parution dans la revue <em>R\u00e9alit\u00e9s Secr\u00e8tes<\/em> de quelques-unes de ses nouvelles, <em>Le Courrier du Centre<\/em>, journal de la r\u00e9gion, publie cinq chroniques avant de dispara\u00eetre pour devenir <em>Centre Presse<\/em> quelques mois plus tard.<br \/>\nCinq sur douze \u00e9crites alors, les autres demeur\u00e9es in\u00e9dites.<\/p>\n<p>Mais entre 1954 et 1959, la grande \u00e9poque des nouvelles, nous avons retrouv\u00e9 une dizaine de textes suppl\u00e9mentaires pouvant s&#8217;apparenter au genre chronique tel qu&#8217;elle le concevait, tr\u00e8s large, allant de la relation d&#8217;une anecdote significative \u00e0 la prose po\u00e9tique, en passant par le conte ou la fable, source de r\u00e9flexion, de m\u00e9ditation, d&#8217;\u00e9motion.<br \/>\nC&#8217;est ce petit ensemble que nous pr\u00e9sentons ici, cl\u00f4turant d&#8217;ailleurs l&#8217;\u00e9dition des \u0153uvres compl\u00e8tes, une quarantaine de volumes en vingt ans.<\/p>\n","protected":false},"excerpt":{"rendered":"<p>En 1957, suite \u00e0 la petite notori\u00e9t\u00e9 acquise \u00e0 Marcelle Delpastre par la parution dans la revue R\u00e9alit\u00e9s Secr\u00e8tes de quelques-unes de ses nouvelles, Le Courrier du Centre, journal de la r\u00e9gion, publie cinq chroniques avant de dispara\u00eetre pour devenir Centre Presse quelques mois plus tard. Cinq sur douze \u00e9crites alors, les autres demeur\u00e9es in\u00e9dites. [&hellip;]<\/p>\n","protected":false},"featured_media":20652,"template":"","meta":{"_acf_changed":false,"_genesis_hide_title":false,"_genesis_hide_breadcrumbs":false,"_genesis_hide_singular_image":false,"_genesis_hide_footer_widgets":false,"_genesis_custom_body_class":"","_genesis_custom_post_class":"","_genesis_layout":""},"product_brand":[],"product_cat":[7133,7175,7187],"product_tag":[],"class_list":{"0":"post-23360","1":"product","2":"type-product","3":"status-publish","4":"has-post-thumbnail","6":"product_cat-libres-oc","7":"product_cat-literatura-oc","8":"product_cat-temonhatges-memoris-oc","9":"pa_auteur-delpastre-marcela-oc","10":"pa_editeur-lo-chamin-de-sent-jaume-oc","11":"pa_langue-francais-oc","12":"entry","14":"first","15":"instock","16":"shipping-taxable","17":"purchasable","18":"product-type-simple"},"acf":[],"_links":{"self":[{"href":"https:\/\/www.libraria-occitana.org\/oc\/wp-json\/wp\/v2\/product\/23360","targetHints":{"allow":["GET"]}}],"collection":[{"href":"https:\/\/www.libraria-occitana.org\/oc\/wp-json\/wp\/v2\/product"}],"about":[{"href":"https:\/\/www.libraria-occitana.org\/oc\/wp-json\/wp\/v2\/types\/product"}],"wp:featuredmedia":[{"embeddable":true,"href":"https:\/\/www.libraria-occitana.org\/oc\/wp-json\/wp\/v2\/media\/20652"}],"wp:attachment":[{"href":"https:\/\/www.libraria-occitana.org\/oc\/wp-json\/wp\/v2\/media?parent=23360"}],"wp:term":[{"taxonomy":"product_brand","embeddable":true,"href":"https:\/\/www.libraria-occitana.org\/oc\/wp-json\/wp\/v2\/product_brand?post=23360"},{"taxonomy":"product_cat","embeddable":true,"href":"https:\/\/www.libraria-occitana.org\/oc\/wp-json\/wp\/v2\/product_cat?post=23360"},{"taxonomy":"product_tag","embeddable":true,"href":"https:\/\/www.libraria-occitana.org\/oc\/wp-json\/wp\/v2\/product_tag?post=23360"}],"curies":[{"name":"wp","href":"https:\/\/api.w.org\/{rel}","templated":true}]}}