{"id":23367,"date":"2014-09-01T19:49:53","date_gmt":"2014-09-01T17:49:53","guid":{"rendered":"http:\/\/www.libraria-occitana.org\/all-products\/les-sites-remarquables-du-limousin-haute-vienne?lang=oc"},"modified":"2026-04-29T00:56:28","modified_gmt":"2026-04-28T22:56:28","slug":"les-sites-remarquables-du-limousin-haute-vienne","status":"publish","type":"product","link":"https:\/\/www.libraria-occitana.org\/oc\/produch\/les-sites-remarquables-du-limousin-haute-vienne\/","title":{"rendered":"Les sites remarquables du Limousin T. 1 : Haute-Vienne"},"content":{"rendered":"<p>Depuis la loi de 1906 institu\u00e9e en faveur des paysages patrimoniaux exceptionnels, environ 7500 sites ont \u00e9t\u00e9 class\u00e9s ou inscrits en France, afin de prot\u00e9ger des espaces et monuments naturels \u00ab dont la conservation pr\u00e9sente, au point de vue artistique, historique, scientifique, l\u00e9gendaire ou pittoresque, un int\u00e9r\u00eat g\u00e9n\u00e9ral. \u00bb<\/p>\n<p>Cet ouvrage pr\u00e9sente les 56 sites remarquables de la Haute-Vienne en Limousin, class\u00e9s ou inscrits entre 1942 et 2005. All\u00e9es, jardins, bourgs, rochers, gorges, monts ou vall\u00e9es\u2026 Chaque site est abondamment d\u00e9crit. Est ainsi expliqu\u00e9 l\u2019int\u00e9r\u00eat du site et de son \u00e9crin paysager : sont rappel\u00e9s le contexte historique et les raisons du classement ; sont retrac\u00e9es les \u00e9volutions qu\u2019il a subies au cours du temps. Sont \u00e9galement formul\u00e9es des propositions d\u2019am\u00e9lioration, dans l\u2019objectif de conserver l\u2019identit\u00e9 propre de ces espaces remarquables, de les valoriser ou les faire d\u00e9couvrir et appr\u00e9cier.<\/p>\n<p>\u00c0 travers cet ouvrage richement illustr\u00e9, la Direction R\u00e9gionale de l\u2019Environnement, de l\u2019Am\u00e9nagement et du Logement (DREAL) du Limousin invite les lecteurs \u00e0 la d\u00e9couverte de la richesse et de la vari\u00e9t\u00e9 insoup\u00e7onn\u00e9es du patrimoine paysager, historique et l\u00e9gendaire du d\u00e9partement de la Haute-Vienne.<\/p>\n<p><strong>Les lieux<\/strong><\/p>\n<p>56 sites exceptionnels en Haute-Vienne dont les 4 sites inscrits du Chalard, des ch\u00e2teaux de Nieul et Cognac-la-For\u00eat et du mont Gargan, en passant par les sites inscrits de Bellac \u00e0 Ch\u00e2lus et de Rochechouart \u00e0 Eymoutiers&#8230;<\/p>\n","protected":false},"excerpt":{"rendered":"<p>Depuis la loi de 1906 institu\u00e9e en faveur des paysages patrimoniaux exceptionnels, environ 7500 sites ont \u00e9t\u00e9 class\u00e9s ou inscrits en France, afin de prot\u00e9ger des espaces et monuments naturels \u00ab dont la conservation pr\u00e9sente, au point de vue artistique, historique, scientifique, l\u00e9gendaire ou pittoresque, un int\u00e9r\u00eat g\u00e9n\u00e9ral. \u00bb Cet ouvrage pr\u00e9sente les 56 sites [&hellip;]<\/p>\n","protected":false},"featured_media":23368,"template":"","meta":{"_acf_changed":false,"_genesis_hide_title":false,"_genesis_hide_breadcrumbs":false,"_genesis_hide_singular_image":false,"_genesis_hide_footer_widgets":false,"_genesis_custom_body_class":"","_genesis_custom_post_class":"","_genesis_layout":""},"product_brand":[],"product_cat":[7199,7133,7197],"product_tag":[],"class_list":{"0":"post-23367","1":"product","2":"type-product","3":"status-publish","4":"has-post-thumbnail","6":"product_cat-guides-torisme-viatge-oc","7":"product_cat-libres-oc","8":"product_cat-natura-torisme-oc","9":"pa_auteur-dreal-du-limousin-oc","10":"pa_editeur-les-ardents-editeurs-oc","11":"pa_langue-francais-oc","12":"entry","14":"first","15":"instock","16":"shipping-taxable","17":"purchasable","18":"product-type-simple"},"acf":[],"_links":{"self":[{"href":"https:\/\/www.libraria-occitana.org\/oc\/wp-json\/wp\/v2\/product\/23367","targetHints":{"allow":["GET"]}}],"collection":[{"href":"https:\/\/www.libraria-occitana.org\/oc\/wp-json\/wp\/v2\/product"}],"about":[{"href":"https:\/\/www.libraria-occitana.org\/oc\/wp-json\/wp\/v2\/types\/product"}],"wp:featuredmedia":[{"embeddable":true,"href":"https:\/\/www.libraria-occitana.org\/oc\/wp-json\/wp\/v2\/media\/23368"}],"wp:attachment":[{"href":"https:\/\/www.libraria-occitana.org\/oc\/wp-json\/wp\/v2\/media?parent=23367"}],"wp:term":[{"taxonomy":"product_brand","embeddable":true,"href":"https:\/\/www.libraria-occitana.org\/oc\/wp-json\/wp\/v2\/product_brand?post=23367"},{"taxonomy":"product_cat","embeddable":true,"href":"https:\/\/www.libraria-occitana.org\/oc\/wp-json\/wp\/v2\/product_cat?post=23367"},{"taxonomy":"product_tag","embeddable":true,"href":"https:\/\/www.libraria-occitana.org\/oc\/wp-json\/wp\/v2\/product_tag?post=23367"}],"curies":[{"name":"wp","href":"https:\/\/api.w.org\/{rel}","templated":true}]}}