{"id":23383,"date":"2014-09-01T11:31:44","date_gmt":"2014-09-01T09:31:44","guid":{"rendered":"http:\/\/www.libraria-occitana.org\/all-products\/la-perla?lang=oc"},"modified":"2026-04-29T00:46:29","modified_gmt":"2026-04-28T22:46:29","slug":"la-perla","status":"publish","type":"product","link":"https:\/\/www.libraria-occitana.org\/oc\/produch\/la-perla\/","title":{"rendered":"La P\u00e8rla"},"content":{"rendered":"<p>Se conta que vivi\u00e1 autresc\u00f2ps un paure pescaire de p\u00e8rlas dins un vilatge de la c\u00f2sta mexicana, amb sa femna e son nenet.<br \/>\nMas la pesca d\u2019una p\u00e8rla miraclosa anava capvirar la vida de Kino, lo jove pescaire.<br \/>\nAl del\u00e0 dels sieus s\u00f2mis, coss\u00ed Kino saupr\u00e0 s\u2019aparar de la gelosi\u00e1 dels vesins, de l\u2019aviditat dels crompaires, de las r\u00e8glas que mestrejan la societat o de la viol\u00e9ncia dels \u00f2mes ?<\/p>\n","protected":false},"excerpt":{"rendered":"<p>Se conta que vivi\u00e1 autresc\u00f2ps un paure pescaire de p\u00e8rlas dins un vilatge de la c\u00f2sta mexicana, amb sa femna e son nenet. Mas la pesca d\u2019una p\u00e8rla miraclosa anava capvirar la vida de Kino, lo jove pescaire. Al del\u00e0 dels sieus s\u00f2mis, coss\u00ed Kino saupr\u00e0 s\u2019aparar de la gelosi\u00e1 dels vesins, de l\u2019aviditat dels [&hellip;]<\/p>\n","protected":false},"featured_media":23384,"template":"","meta":{"_acf_changed":false,"_genesis_hide_title":false,"_genesis_hide_breadcrumbs":false,"_genesis_hide_singular_image":false,"_genesis_hide_footer_widgets":false,"_genesis_custom_body_class":"","_genesis_custom_post_class":"","_genesis_layout":""},"product_brand":[],"product_cat":[7133,7175,7183],"product_tag":[],"class_list":{"0":"post-23383","1":"product","2":"type-product","3":"status-publish","4":"has-post-thumbnail","6":"product_cat-libres-oc","7":"product_cat-literatura-oc","8":"product_cat-romans-novelas-oc","9":"pa_auteur-steinbeck-john-oc","10":"pa_editeur-letras-doc-oc","11":"pa_illustrateur-lacomba-joan-peire-oc","12":"pa_langue-occitan-oc","13":"pa_langue-occitan-lemosin-oc","14":"entry","16":"first","17":"instock","18":"shipping-taxable","19":"purchasable","20":"product-type-simple"},"acf":[],"_links":{"self":[{"href":"https:\/\/www.libraria-occitana.org\/oc\/wp-json\/wp\/v2\/product\/23383","targetHints":{"allow":["GET"]}}],"collection":[{"href":"https:\/\/www.libraria-occitana.org\/oc\/wp-json\/wp\/v2\/product"}],"about":[{"href":"https:\/\/www.libraria-occitana.org\/oc\/wp-json\/wp\/v2\/types\/product"}],"wp:featuredmedia":[{"embeddable":true,"href":"https:\/\/www.libraria-occitana.org\/oc\/wp-json\/wp\/v2\/media\/23384"}],"wp:attachment":[{"href":"https:\/\/www.libraria-occitana.org\/oc\/wp-json\/wp\/v2\/media?parent=23383"}],"wp:term":[{"taxonomy":"product_brand","embeddable":true,"href":"https:\/\/www.libraria-occitana.org\/oc\/wp-json\/wp\/v2\/product_brand?post=23383"},{"taxonomy":"product_cat","embeddable":true,"href":"https:\/\/www.libraria-occitana.org\/oc\/wp-json\/wp\/v2\/product_cat?post=23383"},{"taxonomy":"product_tag","embeddable":true,"href":"https:\/\/www.libraria-occitana.org\/oc\/wp-json\/wp\/v2\/product_tag?post=23383"}],"curies":[{"name":"wp","href":"https:\/\/api.w.org\/{rel}","templated":true}]}}