{"id":23389,"date":"2014-07-01T19:04:10","date_gmt":"2014-07-01T17:04:10","guid":{"rendered":"http:\/\/www.libraria-occitana.org\/all-products\/tours-de-merle-joyau-du-limousin-medieval?lang=oc"},"modified":"2026-04-26T00:46:57","modified_gmt":"2026-04-25T22:46:57","slug":"tours-de-merle-joyau-du-limousin-medieval","status":"publish","type":"product","link":"https:\/\/www.libraria-occitana.org\/oc\/produch\/tours-de-merle-joyau-du-limousin-medieval\/","title":{"rendered":"Tours de Merle : Joyau du Limousin m\u00e9di\u00e9val"},"content":{"rendered":"<p>Dress\u00e9es c\u00f4te \u00e0 c\u00f4te contre l&#8217;oubli des hommes, tours sentinelles bravant le temps, elles sont l\u00e0 depuis des si\u00e8cles, t\u00e9moins d\u2019une \u00e9poque brillante et guerri\u00e8re.<\/p>\n<p>L\u2019histoire se passe au beau pays de Xaintrie (Corr\u00e8ze), aux confins de l\u2019Auvergne et du Limousin, dans l\u2019actuelle commune de Saint-Geniez-\u00f4-Merle. Sur un \u00e9troit rocher cern\u00e9 par la Maronne, se sont install\u00e9s jadis, pour se prot\u00e9ger sans doute, une famille, puis deux, puis quatre et tous leurs descendants, r\u00e9gnant en coseigneurs sur leur ch\u00e2tellenie, chacun dans sa tour ou sa portion de tour, \u00e9gaux entre eux ou presque, avec \u00e0 leurs pieds un village. Pourtant, ils quittaient souvent leur repaire : c\u2019\u00e9tait pour s\u2019en aller chercher fortune \u00e0 la cour de leurs cousins d\u2019Avignon, les Papes\u2026<\/p>\n<p>Il fallait bien \u00eatre trois, Pierre Gire, l\u2019homme de terrain passionn\u00e9, G\u00e9rard d\u2019Alboy, f\u00e9ru d\u2019histoire m\u00e9di\u00e9vale, Marie-France Houdart conceptrice de l\u2019ensemble, pour vous faire d\u00e9couvrir la vieille forteresse, tour apr\u00e8s tour et de si\u00e8cle en si\u00e8cle. Cette visite en leur compagnie changera d\u00e9finitivement l\u2019image traditionnelle de la f\u00e9odalit\u00e9 dans le sud de ce pays qui n\u2019\u00e9tait pas encore tout \u00e0 fait la France.<\/p>\n","protected":false},"excerpt":{"rendered":"<p>Dress\u00e9es c\u00f4te \u00e0 c\u00f4te contre l&#8217;oubli des hommes, tours sentinelles bravant le temps, elles sont l\u00e0 depuis des si\u00e8cles, t\u00e9moins d\u2019une \u00e9poque brillante et guerri\u00e8re. L\u2019histoire se passe au beau pays de Xaintrie (Corr\u00e8ze), aux confins de l\u2019Auvergne et du Limousin, dans l\u2019actuelle commune de Saint-Geniez-\u00f4-Merle. Sur un \u00e9troit rocher cern\u00e9 par la Maronne, se [&hellip;]<\/p>\n","protected":false},"featured_media":53583,"template":"","meta":{"_acf_changed":false,"_genesis_hide_title":false,"_genesis_hide_breadcrumbs":false,"_genesis_hide_singular_image":false,"_genesis_hide_footer_widgets":false,"_genesis_custom_body_class":"","_genesis_custom_post_class":"","_genesis_layout":""},"product_brand":[],"product_cat":[7161,7149,7133],"product_tag":[],"class_list":{"0":"post-23389","1":"product","2":"type-product","3":"status-publish","4":"has-post-thumbnail","6":"product_cat-istoria-medievala-oc","7":"product_cat-istoria-geografia-oc","8":"product_cat-libres-oc","9":"pa_auteur-alboy-gerard-d-oc","10":"pa_auteur-gire-pierre-fr-oc","11":"pa_auteur-houdart-marie-france-oc","12":"pa_editeur-maiade-oc","13":"pa_illustrateur-editions-reines-des-pres-oc","14":"pa_illustrateur-gire-pierre-oc-2","15":"pa_illustrateur-magnol-jean-oc","16":"pa_langue-francais-oc","17":"entry","19":"first","20":"instock","21":"shipping-taxable","22":"purchasable","23":"product-type-simple"},"acf":[],"_links":{"self":[{"href":"https:\/\/www.libraria-occitana.org\/oc\/wp-json\/wp\/v2\/product\/23389","targetHints":{"allow":["GET"]}}],"collection":[{"href":"https:\/\/www.libraria-occitana.org\/oc\/wp-json\/wp\/v2\/product"}],"about":[{"href":"https:\/\/www.libraria-occitana.org\/oc\/wp-json\/wp\/v2\/types\/product"}],"wp:featuredmedia":[{"embeddable":true,"href":"https:\/\/www.libraria-occitana.org\/oc\/wp-json\/wp\/v2\/media\/53583"}],"wp:attachment":[{"href":"https:\/\/www.libraria-occitana.org\/oc\/wp-json\/wp\/v2\/media?parent=23389"}],"wp:term":[{"taxonomy":"product_brand","embeddable":true,"href":"https:\/\/www.libraria-occitana.org\/oc\/wp-json\/wp\/v2\/product_brand?post=23389"},{"taxonomy":"product_cat","embeddable":true,"href":"https:\/\/www.libraria-occitana.org\/oc\/wp-json\/wp\/v2\/product_cat?post=23389"},{"taxonomy":"product_tag","embeddable":true,"href":"https:\/\/www.libraria-occitana.org\/oc\/wp-json\/wp\/v2\/product_tag?post=23389"}],"curies":[{"name":"wp","href":"https:\/\/api.w.org\/{rel}","templated":true}]}}