{"id":23398,"date":"2014-07-01T14:36:05","date_gmt":"2014-07-01T13:36:05","guid":{"rendered":"http:\/\/www.libraria-occitana.org\/all-products\/sous-le-ciel-du-midi-tome-1-la-belle-epoque?lang=oc"},"modified":"2026-04-12T20:21:33","modified_gmt":"2026-04-12T18:21:33","slug":"sous-le-ciel-du-midi-tome-1-la-belle-epoque","status":"publish","type":"product","link":"https:\/\/www.libraria-occitana.org\/oc\/produch\/sous-le-ciel-du-midi-tome-1-la-belle-epoque\/","title":{"rendered":"Sous le ciel du Midi : Tome 1 \u2013 La Belle \u00c9poque"},"content":{"rendered":"<p>\u00c7a se passe l\u00e0 o\u00f9 souffle le vent d&#8217;autan&#8230; L\u00e0 o\u00f9 la langue occitane fredonne, roule et claque. En pays ardent, gorg\u00e9 de soleil, o\u00f9 hommes et femmes vivent entre p\u00e2tures, pailles et vignes, o\u00f9 le temps s&#8217;\u00e9graine entre semences et moissons&#8230;<\/p>\n<p>Ce sont des sc\u00e8nes telles qu&#8217;auraient pu les capturer les chauds pinceaux d&#8217;un Van Gogh qui s&#8217;y serait aventur\u00e9. Ou des daguerr\u00e9otypes aux contrastes \u00e0 peine pass\u00e9s.<\/p>\n<p>On y voit ainsi, au premier plan, l&#8217;existence rurale au moment o\u00f9 le XXe si\u00e8cle s&#8217;appr\u00eate \u00e0 \u00e9clore. On y lit les gestes presque rituels, les cocasseries, les m\u00e9saventures qui \u00e9gayent le quotidien et vous affublent, \u00e0 vie, de surnoms. Les chamailleries et les discussions emport\u00e9es pourraient m\u00eame s&#8217;en \u00e9chapper et ravir les tympans&#8230; Et puis, en arri\u00e8re-plan, pointant timidement du fond de l&#8217;azur, le temps du cosmos, la marche de l&#8217;histoire, celle qui emporte tout sur son chemin, qui r\u00e9volutionne les pratiques ancestrales, qui annonce les tourments, les luttes et les guerres.<\/p>\n<p>Riche fresque provinciale, ancr\u00e9e \u00e0 toute une r\u00e9gion &#8211; \u00e0 sa culture, \u00e0 sa langue, \u00e0 son identit\u00e9 &#8211; compos\u00e9e par un auteur qui donne corps et \u00e2me \u00e0 toute une communaut\u00e9, <em>Sous le ciel du Midi<\/em> est une \u0153uvre immersive, port\u00e9e par cette langue occitane qui l&#8217;habite intimement et qui lui donne ses accents incomparables. Une \u00e9criture p\u00e9trie d&#8217;humour et de po\u00e9sie, un texte comme l&#8217;on en lit peu, capable de saisir tout ce que l&#8217;ordinaire et le quotidien peuvent avoir de litt\u00e9ralement fabuleux. <\/p>\n","protected":false},"excerpt":{"rendered":"<p>\u00c7a se passe l\u00e0 o\u00f9 souffle le vent d&#8217;autan&#8230; L\u00e0 o\u00f9 la langue occitane fredonne, roule et claque. En pays ardent, gorg\u00e9 de soleil, o\u00f9 hommes et femmes vivent entre p\u00e2tures, pailles et vignes, o\u00f9 le temps s&#8217;\u00e9graine entre semences et moissons&#8230; Ce sont des sc\u00e8nes telles qu&#8217;auraient pu les capturer les chauds pinceaux d&#8217;un [&hellip;]<\/p>\n","protected":false},"featured_media":23399,"template":"","meta":{"_acf_changed":false,"_genesis_hide_title":false,"_genesis_hide_breadcrumbs":false,"_genesis_hide_singular_image":false,"_genesis_hide_footer_widgets":false,"_genesis_custom_body_class":"","_genesis_custom_post_class":"","_genesis_layout":""},"product_brand":[],"product_cat":[7133,7175,7183],"product_tag":[],"class_list":{"0":"post-23398","1":"product","2":"type-product","3":"status-publish","4":"has-post-thumbnail","6":"product_cat-libres-oc","7":"product_cat-literatura-oc","8":"product_cat-romans-novelas-oc","9":"pa_auteur-coste-andre-oc","10":"pa_editeur-societe-des-ecrivains-oc","11":"pa_langue-francais-oc","12":"entry","14":"first","15":"outofstock","16":"shipping-taxable","17":"purchasable","18":"product-type-simple"},"acf":[],"_links":{"self":[{"href":"https:\/\/www.libraria-occitana.org\/oc\/wp-json\/wp\/v2\/product\/23398","targetHints":{"allow":["GET"]}}],"collection":[{"href":"https:\/\/www.libraria-occitana.org\/oc\/wp-json\/wp\/v2\/product"}],"about":[{"href":"https:\/\/www.libraria-occitana.org\/oc\/wp-json\/wp\/v2\/types\/product"}],"wp:featuredmedia":[{"embeddable":true,"href":"https:\/\/www.libraria-occitana.org\/oc\/wp-json\/wp\/v2\/media\/23399"}],"wp:attachment":[{"href":"https:\/\/www.libraria-occitana.org\/oc\/wp-json\/wp\/v2\/media?parent=23398"}],"wp:term":[{"taxonomy":"product_brand","embeddable":true,"href":"https:\/\/www.libraria-occitana.org\/oc\/wp-json\/wp\/v2\/product_brand?post=23398"},{"taxonomy":"product_cat","embeddable":true,"href":"https:\/\/www.libraria-occitana.org\/oc\/wp-json\/wp\/v2\/product_cat?post=23398"},{"taxonomy":"product_tag","embeddable":true,"href":"https:\/\/www.libraria-occitana.org\/oc\/wp-json\/wp\/v2\/product_tag?post=23398"}],"curies":[{"name":"wp","href":"https:\/\/api.w.org\/{rel}","templated":true}]}}