{"id":23402,"date":"2014-07-01T11:36:52","date_gmt":"2014-07-01T10:36:52","guid":{"rendered":"http:\/\/www.libraria-occitana.org\/all-products\/pel-cros-de-la-sarralha-120-dessenhs-per-ausir-parlar-lo-monde?lang=oc"},"modified":"2026-04-03T05:42:03","modified_gmt":"2026-04-03T03:42:03","slug":"pel-cros-de-la-sarralha-120-dessenhs-per-ausir-parlar-lo-monde","status":"publish","type":"product","link":"https:\/\/www.libraria-occitana.org\/oc\/produch\/pel-cros-de-la-sarralha-120-dessenhs-per-ausir-parlar-lo-monde\/","title":{"rendered":"Pel cr\u00f2s de la Sarralha&#8230; : 120 dessenhs per ausir parlar lo monde&#8230;"},"content":{"rendered":"<p>Lo monde, tot alentorn de nosautres, parla. Si l&#8217;escotatz, vos dir\u00e1 sos malors, sos plasers, sos espers, sas paurs e mai&#8230; vos parlejar\u00e1 \u00e7\u00f2 que voli\u00e1 pas vos fisar&#8230;<\/p>\n<p>Alaidonc&#8230; avisatz, auvissetz, quitament pel&#8230;<br \/>\nCr\u00f2s de la sarralha !<\/p>\n","protected":false},"excerpt":{"rendered":"<p>Lo monde, tot alentorn de nosautres, parla. Si l&#8217;escotatz, vos dir\u00e1 sos malors, sos plasers, sos espers, sas paurs e mai&#8230; vos parlejar\u00e1 \u00e7\u00f2 que voli\u00e1 pas vos fisar&#8230; Alaidonc&#8230; avisatz, auvissetz, quitament pel&#8230; Cr\u00f2s de la sarralha !<\/p>\n","protected":false},"featured_media":23403,"template":"","meta":{"_acf_changed":false,"_genesis_hide_title":false,"_genesis_hide_breadcrumbs":false,"_genesis_hide_singular_image":false,"_genesis_hide_footer_widgets":false,"_genesis_custom_body_class":"","_genesis_custom_post_class":"","_genesis_layout":""},"product_brand":[],"product_cat":[7133,7165,7173],"product_tag":[],"class_list":{"0":"post-23402","1":"product","2":"type-product","3":"status-publish","4":"has-post-thumbnail","6":"product_cat-libres-oc","7":"product_cat-jounessa-bd-umor","8":"product_cat-umor-oc","9":"pa_auteur-delibie-miquel-2-oc","10":"pa_editeur-atalhers-sarlades-de-cultura-occitana-asco-oc","11":"pa_langue-occitan-lengadocian-oc","12":"pa_langue-occitan-francais-oc","13":"entry","15":"first","16":"instock","17":"shipping-taxable","18":"purchasable","19":"product-type-simple"},"acf":[],"_links":{"self":[{"href":"https:\/\/www.libraria-occitana.org\/oc\/wp-json\/wp\/v2\/product\/23402","targetHints":{"allow":["GET"]}}],"collection":[{"href":"https:\/\/www.libraria-occitana.org\/oc\/wp-json\/wp\/v2\/product"}],"about":[{"href":"https:\/\/www.libraria-occitana.org\/oc\/wp-json\/wp\/v2\/types\/product"}],"wp:featuredmedia":[{"embeddable":true,"href":"https:\/\/www.libraria-occitana.org\/oc\/wp-json\/wp\/v2\/media\/23403"}],"wp:attachment":[{"href":"https:\/\/www.libraria-occitana.org\/oc\/wp-json\/wp\/v2\/media?parent=23402"}],"wp:term":[{"taxonomy":"product_brand","embeddable":true,"href":"https:\/\/www.libraria-occitana.org\/oc\/wp-json\/wp\/v2\/product_brand?post=23402"},{"taxonomy":"product_cat","embeddable":true,"href":"https:\/\/www.libraria-occitana.org\/oc\/wp-json\/wp\/v2\/product_cat?post=23402"},{"taxonomy":"product_tag","embeddable":true,"href":"https:\/\/www.libraria-occitana.org\/oc\/wp-json\/wp\/v2\/product_tag?post=23402"}],"curies":[{"name":"wp","href":"https:\/\/api.w.org\/{rel}","templated":true}]}}