{"id":23412,"date":"2014-06-01T18:18:05","date_gmt":"2014-06-01T16:18:05","guid":{"rendered":"http:\/\/www.libraria-occitana.org\/all-products\/la-chanson-de-la-croisade-albigeoise?lang=oc"},"modified":"2026-04-16T20:17:05","modified_gmt":"2026-04-16T18:17:05","slug":"la-chanson-de-la-croisade-albigeoise","status":"publish","type":"product","link":"https:\/\/www.libraria-occitana.org\/oc\/produch\/la-chanson-de-la-croisade-albigeoise\/","title":{"rendered":"La Chanson de la croisade albigeoise"},"content":{"rendered":"<p>Cette chronique de la croisade contre les Albigeois sous la forme d\u2019une chanson de geste en langue d\u2019oc a \u00e9t\u00e9 compos\u00e9e \u00e0 chaud dans le premier quart du XIIIe si\u00e8cle. Commenc\u00e9e par un po\u00e8te favorable aux crois\u00e9s \u2013 Guillaume de Tud\u00e8le -, elle a \u00e9t\u00e9 poursuivie par un autre \u2013 anonyme \u2013 qui leur est hostile. L\u2019adaptation qu\u2019on lira en regard du texte original est l\u2019\u0153uvre d\u2019un po\u00e8te. Elle restitue le rythme, la passion, la couleur de la Chanson.<\/p>\n<p>\u201c\u00c9crite dans la langue dont on usait dans les cours et les cit\u00e9s m\u00e9ridionales, ce langage admirable, sonore, ferme, dru, qui procure jouissance \u00e0 seulement en prononcer les mots rutilants, \u00e0 en \u00e9pouser les rythmes, <em>La Chanson de la croisade<\/em> est l\u2019un des monuments de la litt\u00e9rature occitane.\u201d (Georges Duby)<\/p>\n","protected":false},"excerpt":{"rendered":"<p>Cette chronique de la croisade contre les Albigeois sous la forme d\u2019une chanson de geste en langue d\u2019oc a \u00e9t\u00e9 compos\u00e9e \u00e0 chaud dans le premier quart du XIIIe si\u00e8cle. Commenc\u00e9e par un po\u00e8te favorable aux crois\u00e9s \u2013 Guillaume de Tud\u00e8le -, elle a \u00e9t\u00e9 poursuivie par un autre \u2013 anonyme \u2013 qui leur est [&hellip;]<\/p>\n","protected":false},"featured_media":23413,"template":"","meta":{"_acf_changed":false,"_genesis_hide_title":false,"_genesis_hide_breadcrumbs":false,"_genesis_hide_singular_image":false,"_genesis_hide_footer_widgets":false,"_genesis_custom_body_class":"","_genesis_custom_post_class":"","_genesis_layout":""},"product_brand":[],"product_cat":[7161,7149,7133],"product_tag":[],"class_list":{"0":"post-23412","1":"product","2":"type-product","3":"status-publish","4":"has-post-thumbnail","6":"product_cat-istoria-medievala-oc","7":"product_cat-istoria-geografia-oc","8":"product_cat-libres-oc","9":"pa_auteur-anonime-oc","10":"pa_auteur-gougaud-henri-oc","11":"pa_auteur-tudela-guilhem-de-oc","12":"pa_editeur-lgf-oc","13":"pa_langue-occitan-medievau-oc","14":"pa_langue-occitan-francais-oc","15":"entry","17":"first","18":"outofstock","19":"shipping-taxable","20":"purchasable","21":"product-type-simple"},"acf":[],"_links":{"self":[{"href":"https:\/\/www.libraria-occitana.org\/oc\/wp-json\/wp\/v2\/product\/23412","targetHints":{"allow":["GET"]}}],"collection":[{"href":"https:\/\/www.libraria-occitana.org\/oc\/wp-json\/wp\/v2\/product"}],"about":[{"href":"https:\/\/www.libraria-occitana.org\/oc\/wp-json\/wp\/v2\/types\/product"}],"wp:featuredmedia":[{"embeddable":true,"href":"https:\/\/www.libraria-occitana.org\/oc\/wp-json\/wp\/v2\/media\/23413"}],"wp:attachment":[{"href":"https:\/\/www.libraria-occitana.org\/oc\/wp-json\/wp\/v2\/media?parent=23412"}],"wp:term":[{"taxonomy":"product_brand","embeddable":true,"href":"https:\/\/www.libraria-occitana.org\/oc\/wp-json\/wp\/v2\/product_brand?post=23412"},{"taxonomy":"product_cat","embeddable":true,"href":"https:\/\/www.libraria-occitana.org\/oc\/wp-json\/wp\/v2\/product_cat?post=23412"},{"taxonomy":"product_tag","embeddable":true,"href":"https:\/\/www.libraria-occitana.org\/oc\/wp-json\/wp\/v2\/product_tag?post=23412"}],"curies":[{"name":"wp","href":"https:\/\/api.w.org\/{rel}","templated":true}]}}