{"id":23436,"date":"2015-02-01T17:04:43","date_gmt":"2015-02-01T16:04:43","guid":{"rendered":"http:\/\/www.libraria-occitana.org\/all-products\/grains-of-gold-an-anthology-of-occitan-literature?lang=oc"},"modified":"2026-04-27T05:51:39","modified_gmt":"2026-04-27T03:51:39","slug":"grains-of-gold-an-anthology-of-occitan-literature","status":"publish","type":"product","link":"https:\/\/www.libraria-occitana.org\/oc\/produch\/grains-of-gold-an-anthology-of-occitan-literature\/","title":{"rendered":"Grains of Gold : An Anthology of Occitan Literature"},"content":{"rendered":"<p>Occitan isn&#8217;t just the troubadours ! The language is still spoken in the south of France and parts of Italy and Spain and has a vibrant contemporary literature. James Thomas has put together an astonishing collection of Occitan texts \u2013 from the 10th century to the present day. Troubadours too ! Including the women troubadours, the <em>Trobairitz<\/em>. Five years of research, it&#8217;s almost 800 pages long.<\/p>\n<p><em>Grains of Gold<\/em> brings together for the first time an extensive selection of Occitan literature with English translations from the tenth to the twenty-first centuries.<br \/>\nOccitan is a Romance language spoken in southern and south-central France, the Val d\u2019Aran in north-eastern Spain, and a small part of north-western Italy. For many, it is associated with the troubadours, composers of courtly lyric poetry in the twelfth and thirteenth centuries.<br \/>\nThis anthology offers something new. Alongside troubadour and other medieval texts, <em>Grains of Gold<\/em> introduces the English-speaking reader to the rich body of Occitan literature from the middle ages to the present day, covering the Renaissance, the Enlightenment and French Revolution, Romanticism, Fr\u00e9d\u00e9ric Mistral and the F\u00e9librige \u2013 the first organised revival of Occitan \u2013 Modernism and twentieth-century Occitanism, as well as the work of twentieth- and twenty-first century writers.<br \/>\n<em>Grains of Gold<\/em> offers English-speaking readers \u2013 students, academics, lovers of southern France \u2013 a unique opportunity to see Occitan literature within the context of European and world culture.<\/p>\n","protected":false},"excerpt":{"rendered":"<p>Occitan isn&#8217;t just the troubadours ! The language is still spoken in the south of France and parts of Italy and Spain and has a vibrant contemporary literature. James Thomas has put together an astonishing collection of Occitan texts \u2013 from the 10th century to the present day. Troubadours too ! Including the women troubadours, [&hellip;]<\/p>\n","protected":false},"featured_media":23437,"template":"","meta":{"_acf_changed":false,"_genesis_hide_title":false,"_genesis_hide_breadcrumbs":false,"_genesis_hide_singular_image":false,"_genesis_hide_footer_widgets":false,"_genesis_custom_body_class":"","_genesis_custom_post_class":"","_genesis_layout":""},"product_brand":[],"product_cat":[7189,7133,7175],"product_tag":[],"class_list":{"0":"post-23436","1":"product","2":"type-product","3":"status-publish","4":"has-post-thumbnail","6":"product_cat-estudis-literaris-oc","7":"product_cat-libres-oc","8":"product_cat-literatura-oc","9":"pa_auteur-collectiu-oc-2","10":"pa_auteur-thomas-james-oc","11":"pa_editeur-francis-boutle-publishers-oc","12":"pa_langue-autras-lingas-oc","13":"pa_langue-occitan-oc","14":"entry","16":"first","17":"outofstock","18":"shipping-taxable","19":"purchasable","20":"product-type-simple"},"acf":[],"_links":{"self":[{"href":"https:\/\/www.libraria-occitana.org\/oc\/wp-json\/wp\/v2\/product\/23436","targetHints":{"allow":["GET"]}}],"collection":[{"href":"https:\/\/www.libraria-occitana.org\/oc\/wp-json\/wp\/v2\/product"}],"about":[{"href":"https:\/\/www.libraria-occitana.org\/oc\/wp-json\/wp\/v2\/types\/product"}],"wp:featuredmedia":[{"embeddable":true,"href":"https:\/\/www.libraria-occitana.org\/oc\/wp-json\/wp\/v2\/media\/23437"}],"wp:attachment":[{"href":"https:\/\/www.libraria-occitana.org\/oc\/wp-json\/wp\/v2\/media?parent=23436"}],"wp:term":[{"taxonomy":"product_brand","embeddable":true,"href":"https:\/\/www.libraria-occitana.org\/oc\/wp-json\/wp\/v2\/product_brand?post=23436"},{"taxonomy":"product_cat","embeddable":true,"href":"https:\/\/www.libraria-occitana.org\/oc\/wp-json\/wp\/v2\/product_cat?post=23436"},{"taxonomy":"product_tag","embeddable":true,"href":"https:\/\/www.libraria-occitana.org\/oc\/wp-json\/wp\/v2\/product_tag?post=23436"}],"curies":[{"name":"wp","href":"https:\/\/api.w.org\/{rel}","templated":true}]}}