{"id":23442,"date":"2015-01-01T16:09:37","date_gmt":"2015-01-01T15:09:37","guid":{"rendered":"http:\/\/www.libraria-occitana.org\/all-products\/parler-plusieurs-langues-le-monde-des-bilingues?lang=oc"},"modified":"2026-04-15T20:11:53","modified_gmt":"2026-04-15T18:11:53","slug":"parler-plusieurs-langues-le-monde-des-bilingues","status":"publish","type":"product","link":"https:\/\/www.libraria-occitana.org\/oc\/produch\/parler-plusieurs-langues-le-monde-des-bilingues\/","title":{"rendered":"Parler plusieurs langues : Le monde des bilingues"},"content":{"rendered":"<p>M\u00eame lorsque la n\u00e9cessit\u00e9 de poss\u00e9der plusieurs langues s\u2019impose, le bilinguisme reste m\u00e9connu et victime d\u2019id\u00e9es re\u00e7ues : on croit \u00e0 tort que les bilingues ont une ma\u00eetrise \u00e9quivalente de leurs langues et sont des traducteurs-n\u00e9s ; que, pour \u00eatre bilingue, les langues doivent \u00eatre acquises dans la prime enfance ; que toute personne bilingue est aussi biculturelle ; ou que le bilinguisme pr\u00e9coce chez l\u2019enfant retarde l\u2019acquisition du langage\u2026<\/p>\n<p>Pour mieux comprendre la r\u00e9alit\u00e9 de tant de personnes qui se servent r\u00e9guli\u00e8rement de plusieurs langues \u2013 en France, par exemple, environ 13 millions de locuteurs, soit un habitant sur cinq, sont concern\u00e9s \u2013, Fran\u00e7ois Grosjean d\u00e9crit l\u2019\u00e9tendue du ph\u00e9nom\u00e8ne et ses caract\u00e9ristiques linguistiques et psycholinguistiques chez l\u2019adulte et l\u2019enfant. Quels sont les r\u00f4les de la famille et de l\u2019\u00e9cole dans le devenir bilingue de l\u2019enfant ? Qu\u2019en est-il du biculturalisme, de l\u2019identit\u00e9 biculturelle, ainsi que du bilinguisme exceptionnel des traducteurs, interpr\u00e8tes, enseignants de langues vivantes et \u00e9crivains bilingues ?<\/p>\n<p>Fond\u00e9 sur les recherches r\u00e9centes dans le domaine, ce livre passionnant souligne les effets, largement positifs, du bilinguisme sur le d\u00e9veloppement cognitif et invite \u00e0 consid\u00e9rer toute personne bilingue comme un \u00eatre de communication \u00e0 part enti\u00e8re.<\/p>\n","protected":false},"excerpt":{"rendered":"<p>M\u00eame lorsque la n\u00e9cessit\u00e9 de poss\u00e9der plusieurs langues s\u2019impose, le bilinguisme reste m\u00e9connu et victime d\u2019id\u00e9es re\u00e7ues : on croit \u00e0 tort que les bilingues ont une ma\u00eetrise \u00e9quivalente de leurs langues et sont des traducteurs-n\u00e9s ; que, pour \u00eatre bilingue, les langues doivent \u00eatre acquises dans la prime enfance ; que toute personne bilingue [&hellip;]<\/p>\n","protected":false},"featured_media":23443,"template":"","meta":{"_acf_changed":false,"_genesis_hide_title":false,"_genesis_hide_breadcrumbs":false,"_genesis_hide_singular_image":false,"_genesis_hide_footer_widgets":false,"_genesis_custom_body_class":"","_genesis_custom_post_class":"","_genesis_layout":""},"product_brand":[],"product_cat":[7133,7203],"product_tag":[],"class_list":{"0":"post-23442","1":"product","2":"type-product","3":"status-publish","4":"has-post-thumbnail","6":"product_cat-libres-oc","7":"product_cat-politica-sociologia-actualitat-oc","8":"pa_auteur-grosjean-francois-oc","9":"pa_editeur-albin-michel-oc","10":"pa_langue-francais-oc","11":"entry","13":"first","14":"instock","15":"shipping-taxable","16":"purchasable","17":"product-type-simple"},"acf":[],"_links":{"self":[{"href":"https:\/\/www.libraria-occitana.org\/oc\/wp-json\/wp\/v2\/product\/23442","targetHints":{"allow":["GET"]}}],"collection":[{"href":"https:\/\/www.libraria-occitana.org\/oc\/wp-json\/wp\/v2\/product"}],"about":[{"href":"https:\/\/www.libraria-occitana.org\/oc\/wp-json\/wp\/v2\/types\/product"}],"wp:featuredmedia":[{"embeddable":true,"href":"https:\/\/www.libraria-occitana.org\/oc\/wp-json\/wp\/v2\/media\/23443"}],"wp:attachment":[{"href":"https:\/\/www.libraria-occitana.org\/oc\/wp-json\/wp\/v2\/media?parent=23442"}],"wp:term":[{"taxonomy":"product_brand","embeddable":true,"href":"https:\/\/www.libraria-occitana.org\/oc\/wp-json\/wp\/v2\/product_brand?post=23442"},{"taxonomy":"product_cat","embeddable":true,"href":"https:\/\/www.libraria-occitana.org\/oc\/wp-json\/wp\/v2\/product_cat?post=23442"},{"taxonomy":"product_tag","embeddable":true,"href":"https:\/\/www.libraria-occitana.org\/oc\/wp-json\/wp\/v2\/product_tag?post=23442"}],"curies":[{"name":"wp","href":"https:\/\/api.w.org\/{rel}","templated":true}]}}