{"id":23446,"date":"2015-01-01T11:09:56","date_gmt":"2015-01-01T10:09:56","guid":{"rendered":"http:\/\/www.libraria-occitana.org\/all-products\/cornilh-e-bernat-vol-5-langel-gardian?lang=oc"},"modified":"2026-04-20T04:56:18","modified_gmt":"2026-04-20T02:56:18","slug":"cornilh-e-bernat-vol-5-langel-gardian","status":"publish","type":"product","link":"https:\/\/www.libraria-occitana.org\/oc\/produch\/cornilh-e-bernat-vol-5-langel-gardian\/","title":{"rendered":"Cornilh e Bernat Vol 5 : L&#8217;ang\u00e8l gardian"},"content":{"rendered":"<p>Version occitane de <em>Corneil et Bernie<\/em> (Millimages \/ France 3).<\/p>\n<p>Cornilh es un can excepcional. Sap parlar, legir e jogar del violon ! Mas a pas jamai fach veire \u00e7\u00f2 que sap far, de paur que vengu\u00e8sse un subj\u00e8cte d&#8217;experi\u00e9ncias scientificas.<br \/>\nQuand sos m\u00e8stres prenon coma garda-can un jovent, Bernat, la vida suava e mofla de Cornilh n&#8217;es tota cambavirada.<\/p>\n<p>9 epis\u00f2dis de 13 minutas.<\/p>\n<p>1. Cans que parlan p\u00f2don mentir<br \/>\n2. Bragardisa sus la rampa<br \/>\n3. Instint basic<br \/>\n4. Se n&#8217;es mancat d&#8217;un pel<br \/>\n5. Trobaires malastrucs<br \/>\n6. C\u00f2p d&#8217;amor<br \/>\n7. Lo club dels poetas<br \/>\n8. M\u00e8stre de son ostal<br \/>\n9. L&#8217;\u00e0ngel gardian<\/p>\n<p><a title=\"Cornilh e Bernat Vol 1 : Panica a b\u00f2rd\" href=\"http:\/\/www.libraria-occitana.org\/all-products\/cornilh-e-bernat-vol-1-panica-a-bord\"><em>Cornilh e Bernat<\/em> Vol 1 : Panica a b\u00f2rd<\/a><br \/>\n<a title=\"Cornilh e Bernat Vol 2 : Una vida de can\" href=\"http:\/\/www.libraria-occitana.org\/all-products\/cornilh-e-bernat-vol-2-una-vida-de-can\"><em>Cornilh e Bernat<\/em> Vol 2 : Una vida de can<\/a><br \/>\n<a title=\"Cornilh e Bernat Vol 3 : Doble j\u00f2c\" href=\"http:\/\/www.libraria-occitana.org\/all-products\/cornilh-e-bernat-vol-3-doble-joc\"><em>Cornilh e Bernat<\/em> Vol 3 : Doble j\u00f2c<\/a><br \/>\n<a title=\"Cornilh e Bernat Vol 4 : Un sopar de can\" href=\"http:\/\/www.libraria-occitana.org\/all-products\/cornilh-e-bernat-vol-4-un-sopar-de-can\"><em>Cornilh e Bernat<\/em> Vol 4 : Un sopar de can<\/a><br \/>\n<a title=\"Cornilh e Bernat Vol 6 : Coma Cat e Can\" href=\"http:\/\/www.libraria-occitana.org\/all-products\/cornilh-e-bernat-vol-6-coma-cat-e-can\"><em>Cornilh e Bernat<\/em> Vol 6 : Coma Cat e Can<\/a><\/p>\n<p><iframe loading=\"lazy\" title=\"YouTube video player\" src=\"https:\/\/www.youtube.com\/embed\/8X3jYvvhyvw\" width=\"560\" height=\"315\" frameborder=\"0\" allowfullscreen=\"allowfullscreen\"><\/iframe><\/p>\n","protected":false},"excerpt":{"rendered":"<p>Version occitane de Corneil et Bernie (Millimages \/ France 3). Cornilh es un can excepcional. Sap parlar, legir e jogar del violon ! Mas a pas jamai fach veire \u00e7\u00f2 que sap far, de paur que vengu\u00e8sse un subj\u00e8cte d&#8217;experi\u00e9ncias scientificas. Quand sos m\u00e8stres prenon coma garda-can un jovent, Bernat, la vida suava e mofla [&hellip;]<\/p>\n","protected":false},"featured_media":23447,"template":"","meta":{"_acf_changed":false,"_genesis_hide_title":false,"_genesis_hide_breadcrumbs":false,"_genesis_hide_singular_image":false,"_genesis_hide_footer_widgets":false,"_genesis_custom_body_class":"","_genesis_custom_post_class":"","_genesis_layout":""},"product_brand":[],"product_cat":[7246,7240],"product_tag":[],"class_list":{"0":"post-23446","1":"product","2":"type-product","3":"status-publish","4":"has-post-thumbnail","6":"product_cat-jounessa-videos-2-oc","7":"product_cat-video-oc","8":"pa_auteur-franck-emmanuel-oc","9":"pa_auteur-franck-stephane-oc","10":"pa_editeur-contam-oc","11":"pa_editeur-millimages-oc","12":"pa_langue-occitan-oc","13":"entry","15":"first","16":"instock","17":"shipping-taxable","18":"purchasable","19":"product-type-simple"},"acf":[],"_links":{"self":[{"href":"https:\/\/www.libraria-occitana.org\/oc\/wp-json\/wp\/v2\/product\/23446","targetHints":{"allow":["GET"]}}],"collection":[{"href":"https:\/\/www.libraria-occitana.org\/oc\/wp-json\/wp\/v2\/product"}],"about":[{"href":"https:\/\/www.libraria-occitana.org\/oc\/wp-json\/wp\/v2\/types\/product"}],"wp:featuredmedia":[{"embeddable":true,"href":"https:\/\/www.libraria-occitana.org\/oc\/wp-json\/wp\/v2\/media\/23447"}],"wp:attachment":[{"href":"https:\/\/www.libraria-occitana.org\/oc\/wp-json\/wp\/v2\/media?parent=23446"}],"wp:term":[{"taxonomy":"product_brand","embeddable":true,"href":"https:\/\/www.libraria-occitana.org\/oc\/wp-json\/wp\/v2\/product_brand?post=23446"},{"taxonomy":"product_cat","embeddable":true,"href":"https:\/\/www.libraria-occitana.org\/oc\/wp-json\/wp\/v2\/product_cat?post=23446"},{"taxonomy":"product_tag","embeddable":true,"href":"https:\/\/www.libraria-occitana.org\/oc\/wp-json\/wp\/v2\/product_tag?post=23446"}],"curies":[{"name":"wp","href":"https:\/\/api.w.org\/{rel}","templated":true}]}}