{"id":23462,"date":"2014-12-01T17:03:43","date_gmt":"2014-12-01T16:03:43","guid":{"rendered":"http:\/\/www.libraria-occitana.org\/all-products\/la-musique-traditionnelle-du-comte-de-nice?lang=oc"},"modified":"2026-04-29T05:06:57","modified_gmt":"2026-04-29T03:06:57","slug":"la-musique-traditionnelle-du-comte-de-nice","status":"publish","type":"product","link":"https:\/\/www.libraria-occitana.org\/oc\/produch\/la-musique-traditionnelle-du-comte-de-nice\/","title":{"rendered":"La musique traditionnelle du Comt\u00e9 de Nice"},"content":{"rendered":"<p><strong>Direction artistique :<\/strong> Michel Bianco<br \/>\nLe <strong>Corou de Berra<\/strong> (Michel Bianco, Joris Barcaroli, Pascal Feret, Francoise Marchetti, Claudia Musso) invite des musiciens innovants pour une relecture du Patrimoine musical Ni\u00e7ois.<br \/>\n<strong>Invit\u00e9s :<\/strong> Andr\u00e9 Ceccarelli, Max Miguel, Bruno Desbiolles, batterie \/ S\u00e9bastien Chouard, Fran\u00e7ois Calais, guitare \u00e9lectrique \/ David Amar, Franco Olivero, saxophone \/ Sergio Berado, hautbois \/ Eros Cordogli, piano, accord\u00e9on \/ Thomas Bramerie, contrebasse \/ Serge, Laurent &amp; Sergio du Trio mandoline &amp; guitares \/ Pierre Perdigon, orgue \/ Benjamin Melia, cornemuse, fifre \/ Valentin Conte, tuba \/ Ga\u00ebl Navard, wavedrum\u2026.<\/p>\n<p>Ce disque est l\u2019illustration de l\u2019exposition qui pr\u00e9sente dans les Alpes Maritimes et ailleurs les musiques traditionnelles et populaires du Comt\u00e9 de Nice. Cette r\u00e9alisation, initi\u00e9e en 2012 \u00e0 Berre les Alpes, autour de Michel Bianco, de l\u2019ensemble le Corou de Berra et de musiciens et musicologues impr\u00e9gn\u00e9s de cette culture, a pris toute sa mesure au fil des ann\u00e9es, en fonction des rencontres, des moyens des id\u00e9es\u2026 Les instruments pr\u00e9sent\u00e9s sont jou\u00e9s dans le Comt\u00e9 de Nice et participent \u00e0 l\u2019\u00e9laboration de ce patrimoine musical sp\u00e9cifique, en perp\u00e9tuelle \u00e9volution : accord\u00e9ons, vielles, fifres, tambours, cloches, mandolines, orgues, musiques m\u00e9caniques, chants. Une tradition qui vit est une tradition qui cr\u00e9e.<\/p>\n<p><strong>Titres :<\/strong><br \/>\n1. Li estella 3&#8217;28<br \/>\n2. Garibaldi 3&#8217;20<br \/>\n3. Tantum ergo 2&#8217;36<br \/>\n4. Mazurka 2&#8217;30<br \/>\n5. Se canto 4&#8217;10<br \/>\n6. Allemande 1&#8217;37<br \/>\n7. Brandi dau pailloun 3&#8217;56<br \/>\n8. Tres filhete 2&#8217;01<br \/>\n9. Offerta dei festins 1&#8217;49<br \/>\n10. Aila en aqueu jardin 3&#8217;42<br \/>\n11. Agnus dei 3&#8217;34<br \/>\n12. Bressa 3&#8217;21<br \/>\n13. Mes de mai 9&#8217;08<br \/>\n14. Viva la vida 4&#8217;01<\/p>\n","protected":false},"excerpt":{"rendered":"<p>Direction artistique : Michel Bianco Le Corou de Berra (Michel Bianco, Joris Barcaroli, Pascal Feret, Francoise Marchetti, Claudia Musso) invite des musiciens innovants pour une relecture du Patrimoine musical Ni\u00e7ois. Invit\u00e9s : Andr\u00e9 Ceccarelli, Max Miguel, Bruno Desbiolles, batterie \/ S\u00e9bastien Chouard, Fran\u00e7ois Calais, guitare \u00e9lectrique \/ David Amar, Franco Olivero, saxophone \/ Sergio Berado, [&hellip;]<\/p>\n","protected":false},"featured_media":23463,"template":"","meta":{"_acf_changed":false,"_genesis_hide_title":false,"_genesis_hide_breadcrumbs":false,"_genesis_hide_singular_image":false,"_genesis_hide_footer_widgets":false,"_genesis_custom_body_class":"","_genesis_custom_post_class":"","_genesis_layout":""},"product_brand":[],"product_cat":[16683,7229],"product_tag":[],"class_list":{"0":"post-23462","1":"product","2":"type-product","3":"status-publish","4":"has-post-thumbnail","6":"product_cat-musica-oc","7":"product_cat-novela-tradicion-oc","8":"pa_auteur-collectiu-oc-2","9":"pa_auteur-corou-de-berra-oc","10":"pa_editeur-buda-oc","11":"pa_langue-occitan-oc","12":"pa_langue-occitan-provencau-oc","13":"entry","15":"first","16":"instock","17":"shipping-taxable","18":"purchasable","19":"product-type-simple"},"acf":[],"_links":{"self":[{"href":"https:\/\/www.libraria-occitana.org\/oc\/wp-json\/wp\/v2\/product\/23462","targetHints":{"allow":["GET"]}}],"collection":[{"href":"https:\/\/www.libraria-occitana.org\/oc\/wp-json\/wp\/v2\/product"}],"about":[{"href":"https:\/\/www.libraria-occitana.org\/oc\/wp-json\/wp\/v2\/types\/product"}],"wp:featuredmedia":[{"embeddable":true,"href":"https:\/\/www.libraria-occitana.org\/oc\/wp-json\/wp\/v2\/media\/23463"}],"wp:attachment":[{"href":"https:\/\/www.libraria-occitana.org\/oc\/wp-json\/wp\/v2\/media?parent=23462"}],"wp:term":[{"taxonomy":"product_brand","embeddable":true,"href":"https:\/\/www.libraria-occitana.org\/oc\/wp-json\/wp\/v2\/product_brand?post=23462"},{"taxonomy":"product_cat","embeddable":true,"href":"https:\/\/www.libraria-occitana.org\/oc\/wp-json\/wp\/v2\/product_cat?post=23462"},{"taxonomy":"product_tag","embeddable":true,"href":"https:\/\/www.libraria-occitana.org\/oc\/wp-json\/wp\/v2\/product_tag?post=23462"}],"curies":[{"name":"wp","href":"https:\/\/api.w.org\/{rel}","templated":true}]}}