{"id":23488,"date":"2016-04-01T13:19:53","date_gmt":"2016-04-01T11:19:53","guid":{"rendered":"http:\/\/www.libraria-occitana.org\/all-products\/faune-sauvage-dauvergne-et-du-limousin-wildlife-of-auvergne-and-limousin?lang=oc"},"modified":"2026-04-10T06:31:32","modified_gmt":"2026-04-10T04:31:32","slug":"faune-sauvage-dauvergne-et-du-limousin-wildlife-of-auvergne-and-limousin","status":"publish","type":"product","link":"https:\/\/www.libraria-occitana.org\/oc\/produch\/faune-sauvage-dauvergne-et-du-limousin-wildlife-of-auvergne-and-limousin\/","title":{"rendered":"Auvergne et Limousin sauvages &#8211; Auvergne and Limousin wild"},"content":{"rendered":"<p>La faune sauvage du Limousin et de l&#8217;Auvergne b\u00e9n\u00e9ficie d&#8217;un vaste territoire lui-m\u00eame en grande partie encore sauvage. Plateau de Millevaches, \u00e9tang des Landes en Limousin, cha\u00eene des Puys, Hautes-Chaumes en Auvergne, ne sont ainsi que quelques-uns des sites embl\u00e9matiques o\u00f9 de nombreux animaux peuvent encore \u00eatre observ\u00e9s dans leurs milieux naturels. Aigle royal, sanglier, faucon p\u00e8lerin, chevreuil, grenouille verte, renard roux&#8230;<\/p>\n","protected":false},"excerpt":{"rendered":"<p>La faune sauvage du Limousin et de l&#8217;Auvergne b\u00e9n\u00e9ficie d&#8217;un vaste territoire lui-m\u00eame en grande partie encore sauvage. Plateau de Millevaches, \u00e9tang des Landes en Limousin, cha\u00eene des Puys, Hautes-Chaumes en Auvergne, ne sont ainsi que quelques-uns des sites embl\u00e9matiques o\u00f9 de nombreux animaux peuvent encore \u00eatre observ\u00e9s dans leurs milieux naturels. Aigle royal, sanglier, [&hellip;]<\/p>\n","protected":false},"featured_media":44455,"template":"","meta":{"_acf_changed":false,"_genesis_hide_title":false,"_genesis_hide_breadcrumbs":false,"_genesis_hide_singular_image":false,"_genesis_hide_footer_widgets":false,"_genesis_custom_body_class":"","_genesis_custom_post_class":"","_genesis_layout":""},"product_brand":[],"product_cat":[7133,7197,7201],"product_tag":[],"class_list":{"0":"post-23488","1":"product","2":"type-product","3":"status-publish","4":"has-post-thumbnail","6":"product_cat-libres-oc","7":"product_cat-natura-torisme-oc","8":"product_cat-natura-vargier-oc","9":"pa_auteur-cahez-fabrice-oc","10":"pa_auteur-coumes-paul-andre-oc","11":"pa_auteur-dubrac-bruno-oc","12":"pa_editeur-page-centrale-oc","13":"pa_langue-autras-lingas-oc","14":"pa_langue-francais-oc","15":"entry","17":"first","18":"instock","19":"shipping-taxable","20":"purchasable","21":"product-type-simple"},"acf":[],"_links":{"self":[{"href":"https:\/\/www.libraria-occitana.org\/oc\/wp-json\/wp\/v2\/product\/23488","targetHints":{"allow":["GET"]}}],"collection":[{"href":"https:\/\/www.libraria-occitana.org\/oc\/wp-json\/wp\/v2\/product"}],"about":[{"href":"https:\/\/www.libraria-occitana.org\/oc\/wp-json\/wp\/v2\/types\/product"}],"wp:featuredmedia":[{"embeddable":true,"href":"https:\/\/www.libraria-occitana.org\/oc\/wp-json\/wp\/v2\/media\/44455"}],"wp:attachment":[{"href":"https:\/\/www.libraria-occitana.org\/oc\/wp-json\/wp\/v2\/media?parent=23488"}],"wp:term":[{"taxonomy":"product_brand","embeddable":true,"href":"https:\/\/www.libraria-occitana.org\/oc\/wp-json\/wp\/v2\/product_brand?post=23488"},{"taxonomy":"product_cat","embeddable":true,"href":"https:\/\/www.libraria-occitana.org\/oc\/wp-json\/wp\/v2\/product_cat?post=23488"},{"taxonomy":"product_tag","embeddable":true,"href":"https:\/\/www.libraria-occitana.org\/oc\/wp-json\/wp\/v2\/product_tag?post=23488"}],"curies":[{"name":"wp","href":"https:\/\/api.w.org\/{rel}","templated":true}]}}