{"id":23491,"date":"2014-11-01T12:30:18","date_gmt":"2014-11-01T11:30:18","guid":{"rendered":"http:\/\/www.libraria-occitana.org\/all-products\/cinquanta-chancons-de-brassens-reviradas-per-melhau?lang=oc"},"modified":"2026-04-29T11:01:28","modified_gmt":"2026-04-29T09:01:28","slug":"cinquanta-chancons-de-brassens-reviradas-per-melhau","status":"publish","type":"product","link":"https:\/\/www.libraria-occitana.org\/oc\/produch\/cinquanta-chancons-de-brassens-reviradas-per-melhau\/","title":{"rendered":"Cinquanta chan\u00e7ons de Brassens reviradas per Melhau"},"content":{"rendered":"<p>De tot j\u00f2une temps, Melhau &#8211; qu&#8217;era &#8216;laidonc lonh de naisser a &#8216;queu chafre &#8211; re\u00e7auguet e se nuiriguet de l&#8217;\u00f2bra de Brassens. &#8216;Quo era lo mestre, lo companh, coma per beuc\u00f2p, l&#8217;amic pr\u00f2pche. Vint ans de vesinatge fideu.<\/p>\n<p>Apr\u00e8s-&#8216;qu\u00f2 Melhau aguet de far la soa \u00f2bra chan\u00e7onairitz, se deguet d&#8217;obludar, tan pauc sigues&#8230;<\/p>\n<p>L-i tornet a Brassens, a la prima de 2011 &#8211; fasia trenta ans qu&#8217;era m\u00f2rt -, per li far omenatge en lo revirar, dins lo temps que zo fasia maitot de textes de Cout\u00e9 que metia en musica. Ne&#8217;n nasquet &#8216;n espectacle que siguet creat a Lem\u00f2tges en oct\u00f2bre de la mesma annada.<\/p>\n<p>Es estat fach un <a href=\"http:\/\/www.libraria-occitana.org\/produit\/jan-dau-melhau-chanta-gaston-coute\/\">disc<\/a> de la part de Cout\u00e9.<\/p>\n<p>Entre 2012 e 2013 contunhet, d&#8217;aicia n&#8217;aver cinquanta, sas reviradas de las chan\u00e7ons de Brassens, las que li agradavan lo mai, segur, o be tot que li eran lo mai d&#8217;interes dins &#8216;queu pretzfach.<br \/>\nAvetz &#8216;qu\u00ed l&#8217;ensemble que s&#8217;amerita beleu maitot d&#8217;esser legit&#8230;<\/p>\n<p>CD <a href=\"http:\/\/www.libraria-occitana.org\/produit\/melhau-chanta-brassens-en-occitan-dau-lemosin\/\"><em>Melhau chanta Brassens<\/em><\/a> (22 chan\u00e7ons)<\/p>\n","protected":false},"excerpt":{"rendered":"<p>De tot j\u00f2une temps, Melhau &#8211; qu&#8217;era &#8216;laidonc lonh de naisser a &#8216;queu chafre &#8211; re\u00e7auguet e se nuiriguet de l&#8217;\u00f2bra de Brassens. &#8216;Quo era lo mestre, lo companh, coma per beuc\u00f2p, l&#8217;amic pr\u00f2pche. Vint ans de vesinatge fideu. Apr\u00e8s-&#8216;qu\u00f2 Melhau aguet de far la soa \u00f2bra chan\u00e7onairitz, se deguet d&#8217;obludar, tan pauc sigues&#8230; L-i [&hellip;]<\/p>\n","protected":false},"featured_media":36258,"template":"","meta":{"_acf_changed":false,"_genesis_hide_title":false,"_genesis_hide_breadcrumbs":false,"_genesis_hide_singular_image":false,"_genesis_hide_footer_widgets":false,"_genesis_custom_body_class":"","_genesis_custom_post_class":"","_genesis_layout":""},"product_brand":[],"product_cat":[7133,7191,7193],"product_tag":[],"class_list":{"0":"post-23491","1":"product","2":"type-product","3":"status-publish","4":"has-post-thumbnail","6":"product_cat-libres-oc","7":"product_cat-musica-danca-oc","8":"product_cat-particions-paraulas-de-chancons-oc","9":"pa_auteur-melhau-jan-dau-fr-oc","10":"pa_editeur-lo-chamin-de-sent-jaume-oc","11":"pa_langue-occitan-oc","12":"pa_langue-occitan-lemosin-oc","13":"entry","15":"first","16":"outofstock","17":"shipping-taxable","18":"purchasable","19":"product-type-simple"},"acf":[],"_links":{"self":[{"href":"https:\/\/www.libraria-occitana.org\/oc\/wp-json\/wp\/v2\/product\/23491","targetHints":{"allow":["GET"]}}],"collection":[{"href":"https:\/\/www.libraria-occitana.org\/oc\/wp-json\/wp\/v2\/product"}],"about":[{"href":"https:\/\/www.libraria-occitana.org\/oc\/wp-json\/wp\/v2\/types\/product"}],"wp:featuredmedia":[{"embeddable":true,"href":"https:\/\/www.libraria-occitana.org\/oc\/wp-json\/wp\/v2\/media\/36258"}],"wp:attachment":[{"href":"https:\/\/www.libraria-occitana.org\/oc\/wp-json\/wp\/v2\/media?parent=23491"}],"wp:term":[{"taxonomy":"product_brand","embeddable":true,"href":"https:\/\/www.libraria-occitana.org\/oc\/wp-json\/wp\/v2\/product_brand?post=23491"},{"taxonomy":"product_cat","embeddable":true,"href":"https:\/\/www.libraria-occitana.org\/oc\/wp-json\/wp\/v2\/product_cat?post=23491"},{"taxonomy":"product_tag","embeddable":true,"href":"https:\/\/www.libraria-occitana.org\/oc\/wp-json\/wp\/v2\/product_tag?post=23491"}],"curies":[{"name":"wp","href":"https:\/\/api.w.org\/{rel}","templated":true}]}}