{"id":23514,"date":"2015-03-01T18:38:38","date_gmt":"2015-03-01T17:38:38","guid":{"rendered":"http:\/\/www.libraria-occitana.org\/all-products\/oradour-apres-oradour-conserver-reconstruire-commemorer?lang=oc"},"modified":"2026-04-16T23:16:12","modified_gmt":"2026-04-16T21:16:12","slug":"oradour-apres-oradour-conserver-reconstruire-commemorer","status":"publish","type":"product","link":"https:\/\/www.libraria-occitana.org\/oc\/produch\/oradour-apres-oradour-conserver-reconstruire-commemorer\/","title":{"rendered":"Oradour apr\u00e8s Oradour : Conserver &#8211; Reconstruire &#8211; Comm\u00e9morer"},"content":{"rendered":"<p>Fruit du regard crois\u00e9 de deux historiens, l\u2019ouvrage ne revient pas sur le drame d\u2019Oradour-sur-Glane mais sur le devenir du lieu apr\u00e8s le 10 juin 1944.<\/p>\n<p>\u00c9tudiant les enjeux de la conservation des ruines, de la reconstruction du village et de la comm\u00e9moration de l\u2019\u00e9v\u00e8nement, il montre que les r\u00e9ponses apport\u00e9es suscitent de nouvelles interrogations\u2026 Les ruines ont-elles un avenir ? Quels rituels pour perp\u00e9tuer et transmettre le souvenir ? &#8230; M\u00ealant les dimensions patrimoniales et politiques, la r\u00e9flexion des auteurs s\u2019appuie sur les donn\u00e9es d\u2019archives, les travaux d\u2019historiens et la connaissance du terrain.<\/p>\n<p>Le caract\u00e8re exceptionnel de ce \u00ab Lieu de m\u00e9moire\u00bb m\u00e9ritait un ouvrage \u00e0 sa mesure.<\/p>\n","protected":false},"excerpt":{"rendered":"<p>Fruit du regard crois\u00e9 de deux historiens, l\u2019ouvrage ne revient pas sur le drame d\u2019Oradour-sur-Glane mais sur le devenir du lieu apr\u00e8s le 10 juin 1944. \u00c9tudiant les enjeux de la conservation des ruines, de la reconstruction du village et de la comm\u00e9moration de l\u2019\u00e9v\u00e8nement, il montre que les r\u00e9ponses apport\u00e9es suscitent de nouvelles interrogations\u2026 [&hellip;]<\/p>\n","protected":false},"featured_media":23515,"template":"","meta":{"_acf_changed":false,"_genesis_hide_title":false,"_genesis_hide_breadcrumbs":false,"_genesis_hide_singular_image":false,"_genesis_hide_footer_widgets":false,"_genesis_custom_body_class":"","_genesis_custom_post_class":"","_genesis_layout":""},"product_brand":[],"product_cat":[7159,7149,7133],"product_tag":[],"class_list":{"0":"post-23514","1":"product","2":"type-product","3":"status-publish","4":"has-post-thumbnail","6":"product_cat-istoria-moderna-e-contemporala-oc","7":"product_cat-istoria-geografia-oc","8":"product_cat-libres-oc","9":"pa_auteur-danthieux-dominique-oc","10":"pa_auteur-grandcoing-philippe-oc","11":"pa_editeur-culture-patrimoine-en-limousin-oc","12":"pa_langue-francais-oc","13":"entry","15":"first","16":"outofstock","17":"shipping-taxable","18":"purchasable","19":"product-type-simple"},"acf":[],"_links":{"self":[{"href":"https:\/\/www.libraria-occitana.org\/oc\/wp-json\/wp\/v2\/product\/23514","targetHints":{"allow":["GET"]}}],"collection":[{"href":"https:\/\/www.libraria-occitana.org\/oc\/wp-json\/wp\/v2\/product"}],"about":[{"href":"https:\/\/www.libraria-occitana.org\/oc\/wp-json\/wp\/v2\/types\/product"}],"wp:featuredmedia":[{"embeddable":true,"href":"https:\/\/www.libraria-occitana.org\/oc\/wp-json\/wp\/v2\/media\/23515"}],"wp:attachment":[{"href":"https:\/\/www.libraria-occitana.org\/oc\/wp-json\/wp\/v2\/media?parent=23514"}],"wp:term":[{"taxonomy":"product_brand","embeddable":true,"href":"https:\/\/www.libraria-occitana.org\/oc\/wp-json\/wp\/v2\/product_brand?post=23514"},{"taxonomy":"product_cat","embeddable":true,"href":"https:\/\/www.libraria-occitana.org\/oc\/wp-json\/wp\/v2\/product_cat?post=23514"},{"taxonomy":"product_tag","embeddable":true,"href":"https:\/\/www.libraria-occitana.org\/oc\/wp-json\/wp\/v2\/product_tag?post=23514"}],"curies":[{"name":"wp","href":"https:\/\/api.w.org\/{rel}","templated":true}]}}