{"id":23518,"date":"2015-03-01T18:12:21","date_gmt":"2015-03-01T17:12:21","guid":{"rendered":"http:\/\/www.libraria-occitana.org\/all-products\/langues-regionales-au-bord-du-gouffre?lang=oc"},"modified":"2026-04-08T00:31:59","modified_gmt":"2026-04-07T22:31:59","slug":"langues-regionales-au-bord-du-gouffre","status":"publish","type":"product","link":"https:\/\/www.libraria-occitana.org\/oc\/produch\/langues-regionales-au-bord-du-gouffre\/","title":{"rendered":"Langues r\u00e9gionales au bord du gouffre ?"},"content":{"rendered":"<p>Ce livre a pour ambition d&#8217;offrir des pistes pour sortir les langues r\u00e9gionales de France de la clandestinit\u00e9. Il appelle la France \u00e0 mettre fin au monolinguisme institutionnel, signe d&#8217;une intol\u00e9rance structurelle et d&#8217;une mentalit\u00e9 sur la d\u00e9fensive.<\/p>\n<p>La France doit prendre conscience des immenses avantages \u00e9conomiques et sociaux de ses langues et des identit\u00e9s qu&#8217;elles v\u00e9hiculent. Officialiser les huit principales langues de France permettra de tourner le dos \u00e0 une d\u00e9fiance pathologique \u00e0 l&#8217;encontre de la diversit\u00e9 linguistique et de lib\u00e9rer un potentiel unique et inestimable de d\u00e9veloppement \u00e9conomique et social.<\/p>\n<p>Un aveuglement de civilisation nous a fait oublier que les huit principaux \u00ab vulgaires patois \u00bb de France sont aussi langues officielles ou nationales d&#8217;autres pays europ\u00e9ens, et que le fran\u00e7ais n&#8217;est au d\u00e9part qu&#8217;une langue r\u00e9gionale parmi d&#8217;autres. La v\u00e9rit\u00e9 des chiffres est cruelle : 97% des \u00e9l\u00e8ves concern\u00e9s par une langue r\u00e9gionale en France n&#8217;ont pas acc\u00e8s \u00e0 une \u00e9ducation bilingue.<\/p>\n","protected":false},"excerpt":{"rendered":"<p>Ce livre a pour ambition d&#8217;offrir des pistes pour sortir les langues r\u00e9gionales de France de la clandestinit\u00e9. Il appelle la France \u00e0 mettre fin au monolinguisme institutionnel, signe d&#8217;une intol\u00e9rance structurelle et d&#8217;une mentalit\u00e9 sur la d\u00e9fensive. La France doit prendre conscience des immenses avantages \u00e9conomiques et sociaux de ses langues et des identit\u00e9s [&hellip;]<\/p>\n","protected":false},"featured_media":23519,"template":"","meta":{"_acf_changed":false,"_genesis_hide_title":false,"_genesis_hide_breadcrumbs":false,"_genesis_hide_singular_image":false,"_genesis_hide_footer_widgets":false,"_genesis_custom_body_class":"","_genesis_custom_post_class":"","_genesis_layout":""},"product_brand":[],"product_cat":[7133,7203],"product_tag":[],"class_list":{"0":"post-23518","1":"product","2":"type-product","3":"status-publish","4":"has-post-thumbnail","6":"product_cat-libres-oc","7":"product_cat-politica-sociologia-actualitat-oc","8":"pa_auteur-kranzer-thierry-oc","9":"pa_editeur-yoran-embanner-oc","10":"pa_langue-francais-oc","11":"entry","13":"first","14":"outofstock","15":"shipping-taxable","16":"purchasable","17":"product-type-simple"},"acf":[],"_links":{"self":[{"href":"https:\/\/www.libraria-occitana.org\/oc\/wp-json\/wp\/v2\/product\/23518","targetHints":{"allow":["GET"]}}],"collection":[{"href":"https:\/\/www.libraria-occitana.org\/oc\/wp-json\/wp\/v2\/product"}],"about":[{"href":"https:\/\/www.libraria-occitana.org\/oc\/wp-json\/wp\/v2\/types\/product"}],"wp:featuredmedia":[{"embeddable":true,"href":"https:\/\/www.libraria-occitana.org\/oc\/wp-json\/wp\/v2\/media\/23519"}],"wp:attachment":[{"href":"https:\/\/www.libraria-occitana.org\/oc\/wp-json\/wp\/v2\/media?parent=23518"}],"wp:term":[{"taxonomy":"product_brand","embeddable":true,"href":"https:\/\/www.libraria-occitana.org\/oc\/wp-json\/wp\/v2\/product_brand?post=23518"},{"taxonomy":"product_cat","embeddable":true,"href":"https:\/\/www.libraria-occitana.org\/oc\/wp-json\/wp\/v2\/product_cat?post=23518"},{"taxonomy":"product_tag","embeddable":true,"href":"https:\/\/www.libraria-occitana.org\/oc\/wp-json\/wp\/v2\/product_tag?post=23518"}],"curies":[{"name":"wp","href":"https:\/\/api.w.org\/{rel}","templated":true}]}}