{"id":23522,"date":"2015-03-01T17:58:58","date_gmt":"2015-03-01T16:58:58","guid":{"rendered":"http:\/\/www.libraria-occitana.org\/all-products\/les-meilleures-recettes-du-limousin?lang=oc"},"modified":"2026-04-29T10:27:04","modified_gmt":"2026-04-29T08:27:04","slug":"les-meilleures-recettes-du-limousin","status":"publish","type":"product","link":"https:\/\/www.libraria-occitana.org\/oc\/produch\/les-meilleures-recettes-du-limousin\/","title":{"rendered":"Les meilleures recettes du Limousin"},"content":{"rendered":"<p>Ce pr\u00e9cieux recueil de recettes incontournables de la cuisine du Limousin est une invitation \u00e0 d\u00e9couvrir, cuisiner et go\u00fbter le meilleur de la tradition en 33 recettes authentiques.<\/p>\n","protected":false},"excerpt":{"rendered":"<p>Ce pr\u00e9cieux recueil de recettes incontournables de la cuisine du Limousin est une invitation \u00e0 d\u00e9couvrir, cuisiner et go\u00fbter le meilleur de la tradition en 33 recettes authentiques.<\/p>\n","protected":false},"featured_media":23523,"template":"","meta":{"_acf_changed":false,"_genesis_hide_title":false,"_genesis_hide_breadcrumbs":false,"_genesis_hide_singular_image":false,"_genesis_hide_footer_widgets":false,"_genesis_custom_body_class":"","_genesis_custom_post_class":"","_genesis_layout":""},"product_brand":[],"product_cat":[7211,7133,7207],"product_tag":[],"class_list":{"0":"post-23522","1":"product","2":"type-product","3":"status-publish","4":"has-post-thumbnail","6":"product_cat-cosina-gastronomia-oc","7":"product_cat-libres-oc","8":"product_cat-tradicions-patrimoni-oc","9":"pa_auteur-charlon-raymonde-oc","10":"pa_editeur-ouest-france-oc","11":"pa_illustrateur-merdrignac-sebastien-oc","12":"pa_langue-francais-oc","13":"entry","15":"first","16":"outofstock","17":"shipping-taxable","18":"purchasable","19":"product-type-simple"},"acf":[],"_links":{"self":[{"href":"https:\/\/www.libraria-occitana.org\/oc\/wp-json\/wp\/v2\/product\/23522","targetHints":{"allow":["GET"]}}],"collection":[{"href":"https:\/\/www.libraria-occitana.org\/oc\/wp-json\/wp\/v2\/product"}],"about":[{"href":"https:\/\/www.libraria-occitana.org\/oc\/wp-json\/wp\/v2\/types\/product"}],"wp:featuredmedia":[{"embeddable":true,"href":"https:\/\/www.libraria-occitana.org\/oc\/wp-json\/wp\/v2\/media\/23523"}],"wp:attachment":[{"href":"https:\/\/www.libraria-occitana.org\/oc\/wp-json\/wp\/v2\/media?parent=23522"}],"wp:term":[{"taxonomy":"product_brand","embeddable":true,"href":"https:\/\/www.libraria-occitana.org\/oc\/wp-json\/wp\/v2\/product_brand?post=23522"},{"taxonomy":"product_cat","embeddable":true,"href":"https:\/\/www.libraria-occitana.org\/oc\/wp-json\/wp\/v2\/product_cat?post=23522"},{"taxonomy":"product_tag","embeddable":true,"href":"https:\/\/www.libraria-occitana.org\/oc\/wp-json\/wp\/v2\/product_tag?post=23522"}],"curies":[{"name":"wp","href":"https:\/\/api.w.org\/{rel}","templated":true}]}}