{"id":23528,"date":"2015-03-01T17:22:42","date_gmt":"2015-03-01T16:22:42","guid":{"rendered":"http:\/\/www.libraria-occitana.org\/all-products\/lincendie-de-limoges-1864-le-brasier-des-arenes?lang=oc"},"modified":"2026-04-26T01:11:58","modified_gmt":"2026-04-25T23:11:58","slug":"lincendie-de-limoges-1864-le-brasier-des-arenes","status":"publish","type":"product","link":"https:\/\/www.libraria-occitana.org\/oc\/produch\/lincendie-de-limoges-1864-le-brasier-des-arenes\/","title":{"rendered":"L&#8217;incendie de Limoges : 1864, le brasier des Ar\u00e8nes"},"content":{"rendered":"<p>&#8221; L&#8217;incendie de Limoges donnera \u00e0 l&#8217;histoire locale une de ses dates m\u00e9morables &#8220;, \u00e9crivait Pierre Laforest en 1864, l&#8217;ann\u00e9e m\u00eame de ce terrible \u00e9v\u00e9nement au retentissement national et m\u00eame international.<br \/>\nEn effet, en l&#8217;espace d&#8217;une nuit, le quartier des Ar\u00e8nes se trouvant entre la place d&#8217;Aine et la place de la Motte fut enti\u00e8rement an\u00e9anti par les flammes. Si aujourd&#8217;hui, 150 ans apr\u00e8s, peu de personnes se souviennent de ce fait tragique, la ville de Limoges est encore marqu\u00e9e par l&#8217;empreinte de ce gigantesque brasier qui vit la reconstruction enti\u00e8re de cette partie du centre-ville, donnant naissance \u00e0 plusieurs rues &#8211; apr\u00e8s en avoir vu dispara\u00eetre d&#8217;autres.<\/p>\n<p>Cet ouvrage se propose, au travers d&#8217;une \u00e9tude r\u00e9alis\u00e9e par l&#8217;historien Romain Valadour et compl\u00e9t\u00e9e d&#8217;une riche iconographie, de vous plonger dans le Limoges de cette \u00e9poque avant, pendant et apr\u00e8s le drame du grand incendie.<\/p>\n","protected":false},"excerpt":{"rendered":"<p>&#8221; L&#8217;incendie de Limoges donnera \u00e0 l&#8217;histoire locale une de ses dates m\u00e9morables &#8220;, \u00e9crivait Pierre Laforest en 1864, l&#8217;ann\u00e9e m\u00eame de ce terrible \u00e9v\u00e9nement au retentissement national et m\u00eame international. En effet, en l&#8217;espace d&#8217;une nuit, le quartier des Ar\u00e8nes se trouvant entre la place d&#8217;Aine et la place de la Motte fut enti\u00e8rement [&hellip;]<\/p>\n","protected":false},"featured_media":23529,"template":"","meta":{"_acf_changed":false,"_genesis_hide_title":false,"_genesis_hide_breadcrumbs":false,"_genesis_hide_singular_image":false,"_genesis_hide_footer_widgets":false,"_genesis_custom_body_class":"","_genesis_custom_post_class":"","_genesis_layout":""},"product_brand":[],"product_cat":[7159,7149,7133],"product_tag":[],"class_list":{"0":"post-23528","1":"product","2":"type-product","3":"status-publish","4":"has-post-thumbnail","6":"product_cat-istoria-moderna-e-contemporala-oc","7":"product_cat-istoria-geografia-oc","8":"product_cat-libres-oc","9":"pa_auteur-valadour-romain-oc","10":"pa_editeur-les-ardents-editeurs-oc","11":"pa_langue-francais-oc","12":"entry","14":"first","15":"instock","16":"shipping-taxable","17":"purchasable","18":"product-type-simple"},"acf":[],"_links":{"self":[{"href":"https:\/\/www.libraria-occitana.org\/oc\/wp-json\/wp\/v2\/product\/23528","targetHints":{"allow":["GET"]}}],"collection":[{"href":"https:\/\/www.libraria-occitana.org\/oc\/wp-json\/wp\/v2\/product"}],"about":[{"href":"https:\/\/www.libraria-occitana.org\/oc\/wp-json\/wp\/v2\/types\/product"}],"wp:featuredmedia":[{"embeddable":true,"href":"https:\/\/www.libraria-occitana.org\/oc\/wp-json\/wp\/v2\/media\/23529"}],"wp:attachment":[{"href":"https:\/\/www.libraria-occitana.org\/oc\/wp-json\/wp\/v2\/media?parent=23528"}],"wp:term":[{"taxonomy":"product_brand","embeddable":true,"href":"https:\/\/www.libraria-occitana.org\/oc\/wp-json\/wp\/v2\/product_brand?post=23528"},{"taxonomy":"product_cat","embeddable":true,"href":"https:\/\/www.libraria-occitana.org\/oc\/wp-json\/wp\/v2\/product_cat?post=23528"},{"taxonomy":"product_tag","embeddable":true,"href":"https:\/\/www.libraria-occitana.org\/oc\/wp-json\/wp\/v2\/product_tag?post=23528"}],"curies":[{"name":"wp","href":"https:\/\/api.w.org\/{rel}","templated":true}]}}