{"id":23535,"date":"2015-03-01T17:06:52","date_gmt":"2015-03-01T16:06:52","guid":{"rendered":"http:\/\/www.libraria-occitana.org\/all-products\/en-cadencia?lang=oc"},"modified":"2026-04-29T02:36:19","modified_gmt":"2026-04-29T00:36:19","slug":"en-cadencia","status":"publish","type":"product","link":"https:\/\/www.libraria-occitana.org\/oc\/produch\/en-cadencia\/","title":{"rendered":"En cad\u00e8ncia"},"content":{"rendered":"<p><strong>Arnaud Bibonne :<\/strong> boha, bohassa<br \/>\n<strong>Camille Raibaud :<\/strong> violons<br \/>\n<strong>Invit\u00e9s :<\/strong> Yves Pouys\u00e9gur : bohassa ;\u00a0Didier Oliver : violon ;\u00a0Simon Guillaumin : vielle \u00e0 roue<\/p>\n<p>CD Digilive Livret 8 pages. Indications des sources.<br \/>\nTous titres traditionnels : Gascogne<\/p>\n<p><span style=\"font-size: 16px;\">\u00ab Un grand duo, mariant la <em>boha<\/em>, cornemuse des Landes de Gascogne, et le violon : 2 instruments qui ne se sont peut-\u00eatre pas rencontr\u00e9s dans la tradition, mais qui auraient d\u00fb ! C&#8217;est ce que prouvent \u00e0 l&#8217;envi l&#8217;\u00e9norme talent de ces deux musiciens, tr\u00e8s respectueux des instruments, du r\u00e9pertoire enti\u00e8rement traditionnel, d&#8217;un tempo tr\u00e8s propice \u00e0 la danse, et d&#8217;une <em>cad\u00e8ncia<\/em> \u00e0 toute \u00e9preuve. \u00c0\u00a0d\u00e9couvrir absolument ! \u00bb<\/span><\/p>\n<p><strong>Titres :<\/strong><\/p>\n<p>1. Valse d&#8217;apr\u00e8s Marcel Lagard\u00e8re<br \/>\n2. Rondeau d&#8217;apr\u00e8s Marcel Lagard\u00e8re<br \/>\n3. Suite de scottishs d&#8217;apr\u00e8s Marcel Lagard\u00e8re<br \/>\n4. Polka d&#8217;apr\u00e8s Julien Dejean et Fernand Tarrit<br \/>\n5. Rondeau d&#8217;apr\u00e8s Gabriel Mouras<br \/>\n6. Suite de congos d&#8217;apr\u00e8s Marcel Lagard\u00e8re<br \/>\n7. Suite de congos de Ren\u00e9 Cabanac, d&#8217;apr\u00e8s Lothaire Mabru<br \/>\n8. Courante, d&#8217;apr\u00e8s Julien D\u00e9jean<br \/>\n9. Suite de trois rondeaux d&#8217;apr\u00e8s Marcel Lagard\u00e8re<br \/>\n10. Polka d&#8217;apr\u00e8s Lothaire Mabru<br \/>\n11. Scottish d&#8217;apr\u00e8s Louis Pontens<br \/>\n12. Mazurka d&#8217;apr\u00e8s Lothaire Mabru<br \/>\n13. Suite de rondeaux d&#8217;apr\u00e8s Lothaire Mabru<br \/>\n14. Valse d&#8217;apr\u00e8s Marcel Lagard\u00e8re<br \/>\n15. Scottish double d&#8217;apr\u00e8s Henri Dauba<br \/>\n16. Suite de rondeaux d&#8217;apr\u00e8s Lothaire Mabru<br \/>\n17. Polka Piqu\u00e9e d&#8217;apr\u00e8s Lothaire Mabru<br \/>\n18. Rondeau d&#8217;apr\u00e8s Fernand Tarrit<br \/>\n19. Rondeau d&#8217;apr\u00e8s Marcel Lagard\u00e8re<br \/>\n20. Mazurka d&#8217;apr\u00e8s Alexis Capes, Fernand Tarrit, Gaston Mouches<br \/>\n21. Suite de congos d&#8217;apr\u00e8s Gabriel Mouras<br \/>\n22. Suite de rondeaux d&#8217;apr\u00e8s des partitions d&#8217;Andr\u00e9 Trignac<br \/>\n23. Mazurka d&#8217;apr\u00e8s Marcel Lagard\u00e8re<br \/>\n24. Rondeau d&#8217;apr\u00e8s Marcel Lagard\u00e8re<br \/>\n25. Suite de rondeaux<br \/>\n26. Rondeaux d&#8217;apr\u00e8s Fernand Tarrit<br \/>\n27. Varsovienne et ronde \u00ab au barricot du novi \u00bb d&#8217;apr\u00e8s Abel Descat, Jeanty Benquet<\/p>\n","protected":false},"excerpt":{"rendered":"<p>Arnaud Bibonne : boha, bohassa Camille Raibaud : violons Invit\u00e9s : Yves Pouys\u00e9gur : bohassa ;\u00a0Didier Oliver : violon ;\u00a0Simon Guillaumin : vielle \u00e0 roue CD Digilive Livret 8 pages. Indications des sources. Tous titres traditionnels : Gascogne \u00ab Un grand duo, mariant la boha, cornemuse des Landes de Gascogne, et le violon : 2 [&hellip;]<\/p>\n","protected":false},"featured_media":23536,"template":"","meta":{"_acf_changed":false,"_genesis_hide_title":false,"_genesis_hide_breadcrumbs":false,"_genesis_hide_singular_image":false,"_genesis_hide_footer_widgets":false,"_genesis_custom_body_class":"","_genesis_custom_post_class":"","_genesis_layout":""},"product_brand":[],"product_cat":[16683,7229],"product_tag":[],"class_list":{"0":"post-23535","1":"product","2":"type-product","3":"status-publish","4":"has-post-thumbnail","6":"product_cat-musica-oc","7":"product_cat-novela-tradicion-oc","8":"pa_auteur-bibonne-arnaud-oc","9":"pa_auteur-raibaud-camille-oc","10":"pa_editeur-aepem-oc","11":"entry","13":"first","14":"instock","15":"shipping-taxable","16":"purchasable","17":"product-type-simple"},"acf":[],"_links":{"self":[{"href":"https:\/\/www.libraria-occitana.org\/oc\/wp-json\/wp\/v2\/product\/23535","targetHints":{"allow":["GET"]}}],"collection":[{"href":"https:\/\/www.libraria-occitana.org\/oc\/wp-json\/wp\/v2\/product"}],"about":[{"href":"https:\/\/www.libraria-occitana.org\/oc\/wp-json\/wp\/v2\/types\/product"}],"wp:featuredmedia":[{"embeddable":true,"href":"https:\/\/www.libraria-occitana.org\/oc\/wp-json\/wp\/v2\/media\/23536"}],"wp:attachment":[{"href":"https:\/\/www.libraria-occitana.org\/oc\/wp-json\/wp\/v2\/media?parent=23535"}],"wp:term":[{"taxonomy":"product_brand","embeddable":true,"href":"https:\/\/www.libraria-occitana.org\/oc\/wp-json\/wp\/v2\/product_brand?post=23535"},{"taxonomy":"product_cat","embeddable":true,"href":"https:\/\/www.libraria-occitana.org\/oc\/wp-json\/wp\/v2\/product_cat?post=23535"},{"taxonomy":"product_tag","embeddable":true,"href":"https:\/\/www.libraria-occitana.org\/oc\/wp-json\/wp\/v2\/product_tag?post=23535"}],"curies":[{"name":"wp","href":"https:\/\/api.w.org\/{rel}","templated":true}]}}