{"id":23540,"date":"2015-03-01T15:34:05","date_gmt":"2015-03-01T14:34:05","guid":{"rendered":"http:\/\/www.libraria-occitana.org\/all-products\/chant-polyphonie-en-bearn?lang=oc"},"modified":"2026-04-29T02:06:17","modified_gmt":"2026-04-29T00:06:17","slug":"chant-polyphonie-en-bearn","status":"publish","type":"product","link":"https:\/\/www.libraria-occitana.org\/oc\/produch\/chant-polyphonie-en-bearn\/","title":{"rendered":"Chant &#038; Polyphonie en B\u00e9arn"},"content":{"rendered":"<p><strong>[fr]<\/strong><br \/>\nPascale Audiau, Sonia Baklouti-Roisin, Genevi\u00e8ve Laulh\u00e8re-Cl\u00e9ment et Claire Marquet-Bruneau chantent \u00e0 capella des chants du B\u00e9arn et de Gascogne en langue occitane et en fran\u00e7ais.<br \/>\nCe double CD a \u00e9t\u00e9 enregistr\u00e9 en public dans les petites \u00e9glises d\u2019Araujuzon, de Montestrucq et de l\u2019H\u00f4pital d\u2019Orion, en B\u00e9arn, dans un silence de campagne travers\u00e9 d\u2019un orage, de bruits de bancs, de mouvements de d\u00e9placements dehors et dedans, le public est bien l\u00e0. Les \u00e9glises sont petites, l\u2019ambiance y est intime et inspire tranquillit\u00e9 et \u00e9coute. La Novem a enregistr\u00e9 le spectacle \u00ab Encontre \u00bb avec la partie concert dans le CD1 et la partie d\u2019\u00e9changes avec des chanteurs traditionnels du B\u00e9arn dans le CD 2. Ce fut une f\u00eate de partager le r\u00e9pertoire commun. Si la Novem, en B\u00e9arn, peut surprendre par sa fa\u00e7on de revisiter les chants, ses variations musicales contemporaines et ses claquettes de m\u00e9tal, les chanteurs traditionnels, eux, nous surprennent par la vari\u00e9t\u00e9 de leurs styles, de leurs interpr\u00e9tations, de leurs timbres, et par l\u2019\u00e9nergie de leurs voix. Les voix sauvages poussent toutes seules\u2026<\/p>\n<p><strong>[en]<\/strong><br \/>\nSongs from Bearn and Gascogne, sung a capella by Pascale Audiau, Sonia Baklouti-Roisin, Genevi\u00e8ve Laulh\u00e8re-Cl\u00e9ment and Claire Marquet-Bruneau.<br \/>\nThis double CD was recorded live in the small village churches of Araujuzon, Montestrucq and l\u2019H\u00f4pital d\u2019Orion, B\u00e9arn region \u2013in rural silence with the occasional storm, benches scraping or people moving about outside and inside\u2026 in short, the presence of an audience. The intimate atmosphere of these small churches prompts people to be quiet and really listen. CD1 is devoted to the show \u201cEncontre\u201d and the concert, while CD2 presents our exchanges with traditional B\u00e9arn singers. Sharing our common repertoire was a real treat. While in the B\u00e9arn region La Novem might come as a surprise because of our way of revisiting songs, our contemporary musical variations and our metal taps, traditional singers have surprised us with their diversity of styles, interpretations, tone colours and vocal energy. Wild voices grow on their own\u2026<\/p>\n","protected":false},"excerpt":{"rendered":"<p>[fr] Pascale Audiau, Sonia Baklouti-Roisin, Genevi\u00e8ve Laulh\u00e8re-Cl\u00e9ment et Claire Marquet-Bruneau chantent \u00e0 capella des chants du B\u00e9arn et de Gascogne en langue occitane et en fran\u00e7ais. Ce double CD a \u00e9t\u00e9 enregistr\u00e9 en public dans les petites \u00e9glises d\u2019Araujuzon, de Montestrucq et de l\u2019H\u00f4pital d\u2019Orion, en B\u00e9arn, dans un silence de campagne travers\u00e9 d\u2019un orage, [&hellip;]<\/p>\n","protected":false},"featured_media":23541,"template":"","meta":{"_acf_changed":false,"_genesis_hide_title":false,"_genesis_hide_breadcrumbs":false,"_genesis_hide_singular_image":false,"_genesis_hide_footer_widgets":false,"_genesis_custom_body_class":"","_genesis_custom_post_class":"","_genesis_layout":""},"product_brand":[],"product_cat":[7221,16683],"product_tag":[],"class_list":{"0":"post-23540","1":"product","2":"type-product","3":"status-publish","4":"has-post-thumbnail","6":"product_cat-hip-hop-electro-oc","7":"product_cat-musica-oc","8":"pa_auteur-la-novem-oc","9":"pa_editeur-buda-oc","10":"pa_langue-francais-oc","11":"pa_langue-occitan-oc","12":"pa_langue-occitan-gascon-oc","13":"entry","15":"first","16":"instock","17":"shipping-taxable","18":"purchasable","19":"product-type-simple"},"acf":[],"_links":{"self":[{"href":"https:\/\/www.libraria-occitana.org\/oc\/wp-json\/wp\/v2\/product\/23540","targetHints":{"allow":["GET"]}}],"collection":[{"href":"https:\/\/www.libraria-occitana.org\/oc\/wp-json\/wp\/v2\/product"}],"about":[{"href":"https:\/\/www.libraria-occitana.org\/oc\/wp-json\/wp\/v2\/types\/product"}],"wp:featuredmedia":[{"embeddable":true,"href":"https:\/\/www.libraria-occitana.org\/oc\/wp-json\/wp\/v2\/media\/23541"}],"wp:attachment":[{"href":"https:\/\/www.libraria-occitana.org\/oc\/wp-json\/wp\/v2\/media?parent=23540"}],"wp:term":[{"taxonomy":"product_brand","embeddable":true,"href":"https:\/\/www.libraria-occitana.org\/oc\/wp-json\/wp\/v2\/product_brand?post=23540"},{"taxonomy":"product_cat","embeddable":true,"href":"https:\/\/www.libraria-occitana.org\/oc\/wp-json\/wp\/v2\/product_cat?post=23540"},{"taxonomy":"product_tag","embeddable":true,"href":"https:\/\/www.libraria-occitana.org\/oc\/wp-json\/wp\/v2\/product_tag?post=23540"}],"curies":[{"name":"wp","href":"https:\/\/api.w.org\/{rel}","templated":true}]}}