{"id":23543,"date":"2015-03-01T15:07:14","date_gmt":"2015-03-01T14:07:14","guid":{"rendered":"http:\/\/www.libraria-occitana.org\/all-products\/sorga?lang=oc"},"modified":"2026-04-29T05:06:53","modified_gmt":"2026-04-29T03:06:53","slug":"sorga","status":"publish","type":"product","link":"https:\/\/www.libraria-occitana.org\/oc\/produch\/sorga\/","title":{"rendered":"S\u00f2rga"},"content":{"rendered":"<p><strong>Sam Karpienia :<\/strong> Chant, mandole<br \/>\n<strong>Pierre-Laurent Bertolino :<\/strong> Vielle-\u00e0-roue<br \/>\n<strong>Gurvant Le Gac :<\/strong> Fl\u00fbtes<br \/>\n<strong>Emmanuel Reymond :<\/strong> Contrebasse<br \/>\n<strong>Fran\u00e7ois Rossi :<\/strong> Batterie<\/p>\n<p>D\u00e8s l\u2019origine, Dupain s\u2019est pens\u00e9 comme une machine \u00e0 exp\u00e9rimenter et \u00e0 r\u00e9sister. Exp\u00e9rimenter des brassages musicaux in\u00e9dits, entre rock, \u00e9lectro et musiques traditionnelles. R\u00e9sister en revendiquant une identit\u00e9 culturelle et linguistique plurielle, \u00e0 la fois po\u00e9tique, populaire et contestataire. S\u2019il chante en occitan et s\u2019accompagne \u00e0 la mandole, Sam Karpienia n\u2019exalte aucun chauvinisme et pr\u00e9f\u00e8re le maquis des insoumis aux territoires trop ordinaires, trop familiers, car conquis de longue date. Cette d\u00e9marche, volontairement situ\u00e9e hors des sentiers battus, donnera naissance \u00e0 trois albums denses et singuliers, <em>L\u2019Usina<\/em> (2000), <em>Camina<\/em> (2002) et <em>Les Vivants<\/em> (2005). Sam Karpienia et Pierre-Laurent Bertolino, rejoints par le fl\u00fbtiste Gurvant Le Gac, le batteur Fran\u00e7ois Rossi et le contrebassiste Emmanuel Reymond, cr\u00e9ent aujourd\u2019hui ensemble \u00ab <em>S\u00f2rga<\/em> \u00bb, un art brut musical de vielle et de chant, de forces percussives et de m\u00e9lodies \u00e0 danser ou \u00e0 \u00e9couter, un \u00ab folk Step \u00bb au c\u0153ur de l\u2019imaginaire. Spirales envo\u00fbtantes de la vielle-\u00e0-roue, envol\u00e9es azur\u00e9es de la fl\u00fbte, rythme comme surgi d\u2019un lointain tonnerre, et le chant toujours aussi \u00e2pre et saisissant de Sam Karpienia : Dupain est bien l\u00e0, \u00e0 la fois neuf et semblable \u00e0 ce qu\u2019il a toujours \u00e9t\u00e9.<\/p>\n<p><iframe loading=\"lazy\" title=\"YouTube video player\" src=\"https:\/\/www.youtube.com\/embed\/Stq8dgoeMqg\" width=\"560\" height=\"315\" frameborder=\"0\" allowfullscreen=\"allowfullscreen\"><\/iframe><\/p>\n<p><strong>Titres :<br \/>\n<\/strong>1. Mille papillons<br \/>\n2. Au c\u00f2r de mon silenci<br \/>\n3. La s\u00f2rga<br \/>\n4. Beveire d&#8217;auc\u00e8us<br \/>\n5. Cada v\u00f2uta<br \/>\n6. Un mostre<br \/>\n7. Vagant trepaire\u2026<br \/>\n8. Vertige<br \/>\n9. Copar totjorn copar<br \/>\n10. Tot veire, tot oblidar<br \/>\n11. Non o fali\u00e1 pas mai<br \/>\n12. Glenwar<\/p>\n","protected":false},"excerpt":{"rendered":"<p>Sam Karpienia : Chant, mandole Pierre-Laurent Bertolino : Vielle-\u00e0-roue Gurvant Le Gac : Fl\u00fbtes Emmanuel Reymond : Contrebasse Fran\u00e7ois Rossi : Batterie D\u00e8s l\u2019origine, Dupain s\u2019est pens\u00e9 comme une machine \u00e0 exp\u00e9rimenter et \u00e0 r\u00e9sister. Exp\u00e9rimenter des brassages musicaux in\u00e9dits, entre rock, \u00e9lectro et musiques traditionnelles. R\u00e9sister en revendiquant une identit\u00e9 culturelle et linguistique plurielle, [&hellip;]<\/p>\n","protected":false},"featured_media":23537,"template":"","meta":{"_acf_changed":false,"_genesis_hide_title":false,"_genesis_hide_breadcrumbs":false,"_genesis_hide_singular_image":false,"_genesis_hide_footer_widgets":false,"_genesis_custom_body_class":"","_genesis_custom_post_class":"","_genesis_layout":""},"product_brand":[],"product_cat":[7221,16683],"product_tag":[],"class_list":{"0":"post-23543","1":"product","2":"type-product","3":"status-publish","4":"has-post-thumbnail","6":"product_cat-hip-hop-electro-oc","7":"product_cat-musica-oc","8":"pa_auteur-dupain-oc","9":"pa_editeur-buda-oc","10":"pa_langue-occitan-oc","11":"pa_langue-occitan-provencau-oc","12":"entry","14":"first","15":"instock","16":"shipping-taxable","17":"purchasable","18":"product-type-simple"},"acf":[],"_links":{"self":[{"href":"https:\/\/www.libraria-occitana.org\/oc\/wp-json\/wp\/v2\/product\/23543","targetHints":{"allow":["GET"]}}],"collection":[{"href":"https:\/\/www.libraria-occitana.org\/oc\/wp-json\/wp\/v2\/product"}],"about":[{"href":"https:\/\/www.libraria-occitana.org\/oc\/wp-json\/wp\/v2\/types\/product"}],"wp:featuredmedia":[{"embeddable":true,"href":"https:\/\/www.libraria-occitana.org\/oc\/wp-json\/wp\/v2\/media\/23537"}],"wp:attachment":[{"href":"https:\/\/www.libraria-occitana.org\/oc\/wp-json\/wp\/v2\/media?parent=23543"}],"wp:term":[{"taxonomy":"product_brand","embeddable":true,"href":"https:\/\/www.libraria-occitana.org\/oc\/wp-json\/wp\/v2\/product_brand?post=23543"},{"taxonomy":"product_cat","embeddable":true,"href":"https:\/\/www.libraria-occitana.org\/oc\/wp-json\/wp\/v2\/product_cat?post=23543"},{"taxonomy":"product_tag","embeddable":true,"href":"https:\/\/www.libraria-occitana.org\/oc\/wp-json\/wp\/v2\/product_tag?post=23543"}],"curies":[{"name":"wp","href":"https:\/\/api.w.org\/{rel}","templated":true}]}}