{"id":23884,"date":"2015-04-01T15:29:35","date_gmt":"2015-04-01T13:29:35","guid":{"rendered":"http:\/\/www.libraria-occitana.org\/all-products\/chant-de-la-vielle-prose-et-poesie-occitanes-en-bergeracois?lang=oc"},"modified":"2026-04-25T06:51:46","modified_gmt":"2026-04-25T04:51:46","slug":"chant-de-la-vielle-prose-et-poesie-occitanes-en-bergeracois","status":"publish","type":"product","link":"https:\/\/www.libraria-occitana.org\/oc\/produch\/chant-de-la-vielle-prose-et-poesie-occitanes-en-bergeracois\/","title":{"rendered":"Chant de la vielle : Prose et po\u00e9sie occitanes en Bergeracois"},"content":{"rendered":"<p>\u00ab\u00a0Si je me s\u00e9pare d&#8217;elle, eh ! que ferai-je ?<br \/>\nEt si je demeure, je ne le sais pas plus.<br \/>\nHier je l&#8217;aimais bien ; aujourd&#8217;hui deux fois plus.<br \/>\nAinsi ne fait que cro\u00eetre mon inclination.<\/p>\n<p>Si&#8217;m part de lieys, e ! que faray ?<br \/>\nE si remanh, tan pauc o say.<br \/>\nBen l&#8217;amav&#8217;ier ; huey l&#8217;am dos tans :<br \/>\nAissi&#8217;s vai doblan mos talans.\u00a0\u00bb<\/p>\n<p>Des troubadours \u00e0 nos jours, l&#8217;\u00e9crit occitan en Bergeracois a travers\u00e9 pr\u00e8s de mille ans. Les maillons de sa cha\u00eene de transmission, affaiblis parfois par le combat men\u00e9 par le Pouvoir central et les classes h\u00e9g\u00e9moniques, relanc\u00e9s lors de p\u00e9riodes plus favorables, ont toujours gard\u00e9 leur vigueur, assurant, au cours des si\u00e8cles, la p\u00e9rennit\u00e9 de la po\u00e9sie et de la prose en langue d&#8217;oc.<\/p>\n<p>Depuis les textes tir\u00e9s des Jurades de la ville de Bergerac, l&#8217;occitan, n&#8217;\u00e9tant plus enseign\u00e9, est pass\u00e9 lentement de l&#8217;\u00e9criture savante \u00e0 la transmission orale, puis \u00e0 une semi-clandestinit\u00e9. L&#8217;\u00e9poque moderne a vu se produire un mouvement de renaissance. Amorc\u00e9 par le F\u00e9librige (1854), amplifi\u00e9 par l&#8217;Institut d&#8217;\u00c9tudes Occitanes (1945), il s&#8217;est accompagn\u00e9 d&#8217;une prise de conscience des int\u00e9r\u00eats spirituels et mat\u00e9riels de l&#8217;Occitanie.<\/p>\n<p>Cette anthologie de vulgarisation, choix de textes et d&#8217;auteurs repr\u00e9sentatifs des diverses \u00e9poques, panorama de la langue et de la litt\u00e9rature d&#8217;oc en Bergeracois, nous fait d\u00e9couvrir des po\u00e8tes et des \u00e9crivains dont la plupart sont estimables et quelques-uns du meilleur niveau. Tous constituent un jalon indispensable \u00e0 la connaissance de la culture d&#8217;oc.<\/p>\n","protected":false},"excerpt":{"rendered":"<p>\u00ab\u00a0Si je me s\u00e9pare d&#8217;elle, eh ! que ferai-je ? Et si je demeure, je ne le sais pas plus. Hier je l&#8217;aimais bien ; aujourd&#8217;hui deux fois plus. Ainsi ne fait que cro\u00eetre mon inclination. Si&#8217;m part de lieys, e ! que faray ? E si remanh, tan pauc o say. Ben l&#8217;amav&#8217;ier ; [&hellip;]<\/p>\n","protected":false},"featured_media":23885,"template":"","meta":{"_acf_changed":false,"_genesis_hide_title":false,"_genesis_hide_breadcrumbs":false,"_genesis_hide_singular_image":false,"_genesis_hide_footer_widgets":false,"_genesis_custom_body_class":"","_genesis_custom_post_class":"","_genesis_layout":""},"product_brand":[],"product_cat":[7189,7133,7175],"product_tag":[],"class_list":{"0":"post-23884","1":"product","2":"type-product","3":"status-publish","4":"has-post-thumbnail","6":"product_cat-estudis-literaris-oc","7":"product_cat-libres-oc","8":"product_cat-literatura-oc","9":"pa_auteur-dugros-joan-claudi-oc","10":"pa_auteur-lesfargues-bernard-oc","11":"pa_editeur-federop-oc","12":"pa_langue-occitan-lengadocian-oc","13":"pa_langue-occitan-francais-oc","14":"entry","16":"first","17":"instock","18":"shipping-taxable","19":"purchasable","20":"product-type-simple"},"acf":[],"_links":{"self":[{"href":"https:\/\/www.libraria-occitana.org\/oc\/wp-json\/wp\/v2\/product\/23884","targetHints":{"allow":["GET"]}}],"collection":[{"href":"https:\/\/www.libraria-occitana.org\/oc\/wp-json\/wp\/v2\/product"}],"about":[{"href":"https:\/\/www.libraria-occitana.org\/oc\/wp-json\/wp\/v2\/types\/product"}],"wp:featuredmedia":[{"embeddable":true,"href":"https:\/\/www.libraria-occitana.org\/oc\/wp-json\/wp\/v2\/media\/23885"}],"wp:attachment":[{"href":"https:\/\/www.libraria-occitana.org\/oc\/wp-json\/wp\/v2\/media?parent=23884"}],"wp:term":[{"taxonomy":"product_brand","embeddable":true,"href":"https:\/\/www.libraria-occitana.org\/oc\/wp-json\/wp\/v2\/product_brand?post=23884"},{"taxonomy":"product_cat","embeddable":true,"href":"https:\/\/www.libraria-occitana.org\/oc\/wp-json\/wp\/v2\/product_cat?post=23884"},{"taxonomy":"product_tag","embeddable":true,"href":"https:\/\/www.libraria-occitana.org\/oc\/wp-json\/wp\/v2\/product_tag?post=23884"}],"curies":[{"name":"wp","href":"https:\/\/api.w.org\/{rel}","templated":true}]}}