{"id":23914,"date":"2015-05-01T10:43:10","date_gmt":"2015-05-01T09:43:10","guid":{"rendered":"http:\/\/www.libraria-occitana.org\/all-products\/dau-temps-que-passa?lang=oc"},"modified":"2026-04-14T23:31:58","modified_gmt":"2026-04-14T21:31:58","slug":"dau-temps-que-passa","status":"publish","type":"product","link":"https:\/\/www.libraria-occitana.org\/oc\/produch\/dau-temps-que-passa\/","title":{"rendered":"Dau temps que passa"},"content":{"rendered":"<p>Coma venia d&#8217;escriure quaranta-uech sonets sus &#8220;lo temps que passa&#8221; (signes, sasons, mes, jorns, festas, astres e lo demai), a la fin de l&#8217;an 2014, convidei tres gravaires, &#8216;na gravairitz de far un calendier (chascun tres mes) per n&#8217;esser lo complement (n&#8217;es gran l&#8217;imatjadis que lor balhei pas de legir mos textes) e &#8216;qu\u00f2 valia per ieu engatjament de far valer l&#8217;escrit\u00f2ri. N\u00f2stres originaus serian tirats a set exemplaris e &#8216;na edicion correnta a tres cents. Dos chausigueren de trabalhar sus los mes, dos sus los signes.<\/p>\n<p>E &#8216;laidonc, avetz &#8216;qu\u00ed per \u00f2rdre :<br \/>\n&#8211; genier (voidaiga), mai (bessons), setembre (balan\u00e7a) : J.-M. Simeonin,<br \/>\n&#8211; belier (peissons), junh (chancre), oct\u00f2bre (escarabissa) : J. Estaque,<br \/>\n&#8211; mar\u00e7, julhet, mes m\u00f2rt : M. Tixeuil,<br \/>\n&#8211; abriu, a\u00f2st, decembre : P. Macek.<\/p>\n<p style=\"text-align: right;\">JdM<\/p>\n","protected":false},"excerpt":{"rendered":"<p>Coma venia d&#8217;escriure quaranta-uech sonets sus &#8220;lo temps que passa&#8221; (signes, sasons, mes, jorns, festas, astres e lo demai), a la fin de l&#8217;an 2014, convidei tres gravaires, &#8216;na gravairitz de far un calendier (chascun tres mes) per n&#8217;esser lo complement (n&#8217;es gran l&#8217;imatjadis que lor balhei pas de legir mos textes) e &#8216;qu\u00f2 valia [&hellip;]<\/p>\n","protected":false},"featured_media":23915,"template":"","meta":{"_acf_changed":false,"_genesis_hide_title":false,"_genesis_hide_breadcrumbs":false,"_genesis_hide_singular_image":false,"_genesis_hide_footer_widgets":false,"_genesis_custom_body_class":"","_genesis_custom_post_class":"","_genesis_layout":""},"product_brand":[],"product_cat":[7133,7175,7181],"product_tag":[],"class_list":{"0":"post-23914","1":"product","2":"type-product","3":"status-publish","4":"has-post-thumbnail","6":"product_cat-libres-oc","7":"product_cat-literatura-oc","8":"product_cat-poesia-oc","9":"pa_auteur-estaque-jean-oc","10":"pa_auteur-macek-pavel-oc","11":"pa_auteur-melhau-jan-dau-fr-oc","12":"pa_auteur-tixeuil-marianne-en-oc","13":"pa_editeur-lo-chamin-de-sent-jaume-oc","14":"pa_illustrateur-simeonin-jan-marc","15":"pa_langue-occitan-lemosin-oc","16":"pa_langue-occitan-francais-oc","17":"entry","19":"first","20":"instock","21":"shipping-taxable","22":"purchasable","23":"product-type-simple"},"acf":[],"_links":{"self":[{"href":"https:\/\/www.libraria-occitana.org\/oc\/wp-json\/wp\/v2\/product\/23914","targetHints":{"allow":["GET"]}}],"collection":[{"href":"https:\/\/www.libraria-occitana.org\/oc\/wp-json\/wp\/v2\/product"}],"about":[{"href":"https:\/\/www.libraria-occitana.org\/oc\/wp-json\/wp\/v2\/types\/product"}],"wp:featuredmedia":[{"embeddable":true,"href":"https:\/\/www.libraria-occitana.org\/oc\/wp-json\/wp\/v2\/media\/23915"}],"wp:attachment":[{"href":"https:\/\/www.libraria-occitana.org\/oc\/wp-json\/wp\/v2\/media?parent=23914"}],"wp:term":[{"taxonomy":"product_brand","embeddable":true,"href":"https:\/\/www.libraria-occitana.org\/oc\/wp-json\/wp\/v2\/product_brand?post=23914"},{"taxonomy":"product_cat","embeddable":true,"href":"https:\/\/www.libraria-occitana.org\/oc\/wp-json\/wp\/v2\/product_cat?post=23914"},{"taxonomy":"product_tag","embeddable":true,"href":"https:\/\/www.libraria-occitana.org\/oc\/wp-json\/wp\/v2\/product_tag?post=23914"}],"curies":[{"name":"wp","href":"https:\/\/api.w.org\/{rel}","templated":true}]}}