{"id":24032,"date":"2015-05-01T18:13:04","date_gmt":"2015-05-01T16:13:04","guid":{"rendered":"http:\/\/www.libraria-occitana.org\/all-products\/guilhem-de-peitieus-duc-daquitaine-prince-du-trobar-suivi-de-hommage-a-pierre-bec?lang=oc"},"modified":"2026-04-29T06:46:14","modified_gmt":"2026-04-29T04:46:14","slug":"guilhem-de-peitieus-duc-daquitaine-prince-du-trobar-suivi-de-hommage-a-pierre-bec","status":"publish","type":"product","link":"https:\/\/www.libraria-occitana.org\/oc\/produch\/guilhem-de-peitieus-duc-daquitaine-prince-du-trobar-suivi-de-hommage-a-pierre-bec\/","title":{"rendered":"Guilhem de Peitieus : Duc d&#8217;Aquitaine, prince du trobar suivi de Hommage \u00e0 Pierre Bec"},"content":{"rendered":"<p>Ce cahier de Carrefour Ventadour rassemble les interventions des participants aux deux <em>Trobadas<\/em> d\u00e9di\u00e9es au grand troubadour Guillaume d&#8217;Aquitaine. La premi\u00e8re \u00e0 Bordeaux-Lormont dans le ch\u00e2teau du Prince Noir les 20-21 septembre 2013, la seconde \u00e0 Poitiers, clo\u00eetre de Montierneuf et <em>aula<\/em> d&#8217;Ali\u00e9nor, les 12-13 septembre 2014. Situer les principaux lieux de s\u00e9jour ou de r\u00e8gne du grand f\u00e9odal, le replacer lui-m\u00eame dans l&#8217;histoire, mesurer ses dimensions litt\u00e9raires, la port\u00e9e musicale de son art, tenter de d\u00e9tecter les influences qui ont pu jouer sur lui, celles consid\u00e9rables qu&#8217;il a exerc\u00e9es lui-m\u00eame, enfin l&#8217;actualit\u00e9 toujours renaissante de ce po\u00e8te paradoxal.<br \/>\n\u00c9mus par la perte toute r\u00e9cente de leur ma\u00eetre et ami Pierre Bec, les historiens linguistes et musicologues pr\u00e9sents ont tenu \u00e0 rendre hommage \u00e0 l&#8217;occitaniste et au po\u00e8te, en ajoutant ici le texte, en oc et en o\u00efl, d&#8217;un de ses po\u00e8mes et d&#8217;une nuvelle &#8211; avec l&#8217;aimable autorisation d&#8217;IEO Edicions.<\/p>\n<p>\u00ab\u00a0Partir \u00e0 la rencontre de Guillaume d\u2019Aquitaine (1071-1126) n\u2019est pas uniquement faire la connaissance du grand-p\u00e8re d\u2019Ali\u00e9nor, c\u2019est aussi toucher au plus pr\u00e8s les origines du <em>trobar<\/em>, cette grande aventure po\u00e9tico-culturelle qui r\u00e9volutionna l\u2019image de la dame et de l\u2019amour. Mais eu \u00e9gard \u00e0 la troublante personnalit\u00e9 de celui qui fut le VIIe comte de Poitiers et le IXe duc d\u2019Aquitaine, l\u2019\u0153uvre qui est la sienne semble \u00e0 la fois porter en germe tout ce qui fit le renouveau de la dame aussi bien que son contraire. Guillaume, premier troubadour de l\u2019Histoire, ne fut pas uniquement un chanteur de la <em>fin\u2019amor<\/em>, l\u2019amour courtois troubadouresque, il fut aussi le chanteur de la paillardise la plus assum\u00e9e, du rire et de la farce, du renoncement et de la perte et m\u00eame du n\u00e9ant. En chevauchant du c\u0153ur de ses influences jusqu\u2019\u00e0 son h\u00e9ritage, nous traversons l\u2019univers \u00e0 facettes de ce grand seigneur-troubadour qui se plaisait \u00e0 dire qu\u2019il composait en dormant sur son cheval.\u00a0\u00bb<\/p>\n<p style=\"text-align: right;\">Katy Bernard, pr\u00e9sidente de <em>Trobadas<\/em>.<\/p>\n<p><strong>Ensenhador :<\/strong><br \/>\n&#8211; Introduction \u00e0 la Trobada par Guy Latry, professeur \u00e9m\u00e9rite Universit\u00e9 Michel de Montaigne &#8211; Bordeaux III<br \/>\n&#8211; Poitiers au temps de Guillaume IX le Troubadour (1086-1126) : le comte et sa ville par C\u00e9cile Treffort, Universit\u00e9 de Poitiers, Directrice du CESCM<br \/>\n&#8211; L\u2019inf\u00e2me c\u00e9l\u00e9brit\u00e9 de Guilhem de Peitieus par Luc de Goustine, dipl\u00f4m\u00e9 de l\u2019\u00c9cole Pratique des Hautes \u00c9tudes, \u00e9crivain, historien.<br \/>\n&#8211; Guilhem IX et l\u2019Islam par Martin Aurell, Universit\u00e9 de Poitiers, CESCM<br \/>\n&#8211; L\u2019\u00e9vocation de la nature dans la po\u00e9sie de Guillaume IX d\u2019Aquitaine par S\u00e9bastien-Abel Laurent, Universit\u00e9 de Poitiers, CESCM<br \/>\n&#8211; Guillaume IX d\u2019Aquitaine et la tentation du n\u00e9ant par Katy Bernard, Universit\u00e9 Michel de Montaigne &#8211; Bordeaux III<br \/>\n&#8211; Guilhem IX et l\u2019amour : l\u2019obsc\u00e8ne, le vivace, et le bel aujourd\u2019hui par Val\u00e9rie Fasseur, Universit\u00e9 de Pau et des Pays de l\u2019Adour, CESCM<br \/>\n&#8211; Donner sa langue au chat par Jacques Gourc, Universit\u00e9 de Toulouse II &#8211; Le Mirail<br \/>\n&#8211; <em>Pos de chantar m\u2019es pres talenz<\/em> : l\u2019adieu au monde du comte-duc par Walter Meliga, Universit\u00e9 de Turin (Italie)<br \/>\n&#8211; La maturit\u00e9 du corpus du \u00ab premier troubadour \u00bb par Alessandro Bampa, Universit\u00e9 de Padoue, CESCM<br \/>\n&#8211; L\u2019<em>invention<\/em> de Guillaume IX par Jacques Roubaud, po\u00e8te<br \/>\n&#8211; Quand le son fait d\u00e9faut : usages et contraintes du <em>contrafactum<\/em> pour la reconstitution m\u00e9lodique de l\u2019\u0153uvre de Guillaume d\u2019Aquitaine par Florence Mouchet, Universit\u00e9 de Toulouse II-Le Mirail, LLA-Creatis<br \/>\n&#8211; Les ex\u00e9cutions musicales de Guillaume d\u2019Aquitaine : entre r\u00e9\u00e9criture et reconstitution par Christelle Chaillou-Amadieu, Coll\u00e8ge de France<br \/>\n&#8211; Du <em>magister<\/em> au <em>maistre<\/em> : des vantardises d\u2019Ovide au <em>gap<\/em> du comte de Poitiers par Roy Rosenstein, The American University of Paris<br \/>\n&#8211; Guillaume et le latin de son temps : quelques arri\u00e8re-plans langagiers par Michel Banniard, Universit\u00e9 de Toulouse II &#8211; Le Mirail<br \/>\n&#8211; Quand Guillaume devint Joufroi&#8230; Sens et \u00e9laboration du <em>Joufroi de Poitiers<\/em> par Maria Luisa Meneghetti, Universit\u00e9 de Milan (Italie)<br \/>\n&#8211; Ezra Pound et Guillaume d\u2019Aquitaine par Philip Grover, professeur \u00e9m\u00e9rite Universit\u00e9s de Sheffield (Angleterre), Poitiers et Limoges<br \/>\n&#8211; Une \u00e9piphanie Guillaume par Pierre-Marie Joris, Universit\u00e9 de Poitiers, CESCM<br \/>\n&#8211; <em>Part Lemozi<\/em> : les p\u00e9r\u00e9grinations du chat roux de Toulouse (1657) au Br\u00e9sil (2004) par Roy Rosenstein, The American University of Paris<br \/>\n&#8211; Chats jaunes par Ma\u00eft\u00e9 Bouyssy, ma\u00eetre de conf\u00e9rences honoraire, Universit\u00e9 Paris I<br \/>\n&#8211; Post\u00e9rit\u00e9 du comte de Poitiers par Walter Meliga, Universit\u00e9 de Turin (Italie)<br \/>\n&#8211; Farai un vers de dreit nien, version anglaise de William. S. Merwin.<br \/>\n&#8211; HOMMAGE \u00e0 PIERRE BEC<br \/>\n. Fran\u00e7ois Pic, Une biographie<br \/>\n. Pierre-Marie Joris, L\u2019invention des troubadours ou comment un \u00e9crivain moderne (C.-A. Cingria) rencontre les troubadours et fait d\u2019eux le levain de son \u00e9criture<br \/>\n. Jean-Louis Gl\u00e9nisson, P\u00e8ire Bec, autor occitan contemporan\u00e8u, un aper\u00e7u de son \u0153uvre dans une tentative de traduction : Lo Marqu\u00e9s de Poliandre &#8211; Le Marquis de Poliandre et Sonet Se Fin\u2019Amor ei dens lo c\u00f2r enclausa &#8211; Sonnet Si j\u2019ai Fin\u2019Amor tenue dans mon c\u0153ur<br \/>\n. Jean-Claude For\u00eat, Pierre Bec, \u00e9crivain occitan<br \/>\n&#8211; L\u2019\u00e9cho du n\u00e9ant, petite sc\u00e9nographie vocale par Pierre-Marie Joris et ses \u00e9tudiants.<br \/>\n&#8211; Le duc en sc\u00e8ne, Cansos de Guillaume de Poitiers par l\u2019Ensemble <em>Tre Fontane<\/em><br \/>\n&#8211; Le Chant de Montfort, Lo Cant de Montfort, lecture musicale par la Compagnie <em>Dies Irae<\/em><br \/>\n&#8211; Petit lexique des termes troubadouresques<\/p>\n","protected":false},"excerpt":{"rendered":"<p>Ce cahier de Carrefour Ventadour rassemble les interventions des participants aux deux Trobadas d\u00e9di\u00e9es au grand troubadour Guillaume d&#8217;Aquitaine. La premi\u00e8re \u00e0 Bordeaux-Lormont dans le ch\u00e2teau du Prince Noir les 20-21 septembre 2013, la seconde \u00e0 Poitiers, clo\u00eetre de Montierneuf et aula d&#8217;Ali\u00e9nor, les 12-13 septembre 2014. Situer les principaux lieux de s\u00e9jour ou de [&hellip;]<\/p>\n","protected":false},"featured_media":24033,"template":"","meta":{"_acf_changed":false,"_genesis_hide_title":false,"_genesis_hide_breadcrumbs":false,"_genesis_hide_singular_image":false,"_genesis_hide_footer_widgets":false,"_genesis_custom_body_class":"","_genesis_custom_post_class":"","_genesis_layout":""},"product_brand":[],"product_cat":[7189,7133,7175],"product_tag":[],"class_list":{"0":"post-24032","1":"product","2":"type-product","3":"status-publish","4":"has-post-thumbnail","6":"product_cat-estudis-literaris-oc","7":"product_cat-libres-oc","8":"product_cat-literatura-oc","9":"pa_auteur-collectiu-oc-2","10":"pa_editeur-carrefour-ventadour-fr-oc","11":"pa_langue-francais-oc","12":"entry","14":"first","15":"instock","16":"shipping-taxable","17":"purchasable","18":"product-type-simple"},"acf":[],"_links":{"self":[{"href":"https:\/\/www.libraria-occitana.org\/oc\/wp-json\/wp\/v2\/product\/24032","targetHints":{"allow":["GET"]}}],"collection":[{"href":"https:\/\/www.libraria-occitana.org\/oc\/wp-json\/wp\/v2\/product"}],"about":[{"href":"https:\/\/www.libraria-occitana.org\/oc\/wp-json\/wp\/v2\/types\/product"}],"wp:featuredmedia":[{"embeddable":true,"href":"https:\/\/www.libraria-occitana.org\/oc\/wp-json\/wp\/v2\/media\/24033"}],"wp:attachment":[{"href":"https:\/\/www.libraria-occitana.org\/oc\/wp-json\/wp\/v2\/media?parent=24032"}],"wp:term":[{"taxonomy":"product_brand","embeddable":true,"href":"https:\/\/www.libraria-occitana.org\/oc\/wp-json\/wp\/v2\/product_brand?post=24032"},{"taxonomy":"product_cat","embeddable":true,"href":"https:\/\/www.libraria-occitana.org\/oc\/wp-json\/wp\/v2\/product_cat?post=24032"},{"taxonomy":"product_tag","embeddable":true,"href":"https:\/\/www.libraria-occitana.org\/oc\/wp-json\/wp\/v2\/product_tag?post=24032"}],"curies":[{"name":"wp","href":"https:\/\/api.w.org\/{rel}","templated":true}]}}