{"id":24058,"date":"2015-07-01T19:15:29","date_gmt":"2015-07-01T18:15:29","guid":{"rendered":"http:\/\/www.libraria-occitana.org\/all-products\/antoni-o-la-resistencia-despanha-a-la-region-tolzana?lang=oc"},"modified":"2026-04-29T05:56:10","modified_gmt":"2026-04-29T03:56:10","slug":"antoni-o-la-resistencia-despanha-a-la-region-tolzana","status":"publish","type":"product","link":"https:\/\/www.libraria-occitana.org\/oc\/produch\/antoni-o-la-resistencia-despanha-a-la-region-tolzana\/","title":{"rendered":"Antoni o la resist\u00e8ncia : D&#8217;Espanha a la region tolzana"},"content":{"rendered":"<p>1939, Argelers-sus-Mar. Antoni arriba au camp daus refugiats espanh\u00f2us coma sa mair e la so\u00e1 s\u00f2r. Lai deven tornar trobar lor pair, Jorge, resistant republican constrenh de s&#8217;exilhar apres la vict\u00f2ria de Franco. Mas que vai be poder li dire a son pair qu&#8217;es demorat tres ans sens lo veire ? Quoras podr\u00e0n tornar viure ensems ?<br \/>\nSeparats, amassats pu\u00e8i eslunhats enquera, Antoni e son monde, pertant, laschan ren, units dins un combat parier : la lucha per la libertat.<\/p>\n<p>La n\u00f2stra ist\u00f2ria visda tras l&#8217;ist\u00f2ria singulara d&#8217;un dr\u00f2lle immigrant en Fran\u00e7a. Una ist\u00f2ria clafida de remembres, d&#8217;anecd\u00f2tas, marcada totparier per los eveniments d&#8217;import\u00e0ncia istorica de l&#8217;ep\u00f2ca. Un raconte passionant, daus libres illustrats d&#8217;abond\u00e0ncia e completats per un quasern documentari e pedagogic perfin d&#8217;aprigondir las coneissen\u00e7as sus lo subject.<\/p>\n<p>Coll\u00e8gi.<\/p>\n<p>Traduccion d&#8217;<em>Antonio ou la R\u00e9sistance, de l&#8217;Espagne \u00e0 la r\u00e9gion toulousaine<\/em><br \/>\nValentine Goby, Ronan Badel, 2014, Edicions Autrement, Colleccion Fran\u00e7ais d&#8217;Ailleurs<\/p>\n","protected":false},"excerpt":{"rendered":"<p>1939, Argelers-sus-Mar. Antoni arriba au camp daus refugiats espanh\u00f2us coma sa mair e la so\u00e1 s\u00f2r. Lai deven tornar trobar lor pair, Jorge, resistant republican constrenh de s&#8217;exilhar apres la vict\u00f2ria de Franco. Mas que vai be poder li dire a son pair qu&#8217;es demorat tres ans sens lo veire ? Quoras podr\u00e0n tornar viure [&hellip;]<\/p>\n","protected":false},"featured_media":24059,"template":"","meta":{"_acf_changed":false,"_genesis_hide_title":false,"_genesis_hide_breadcrumbs":false,"_genesis_hide_singular_image":false,"_genesis_hide_footer_widgets":false,"_genesis_custom_body_class":"","_genesis_custom_post_class":"","_genesis_layout":""},"product_brand":[],"product_cat":[7167,7165,7133],"product_tag":[],"class_list":{"0":"post-24058","1":"product","2":"type-product","3":"status-publish","4":"has-post-thumbnail","6":"product_cat-ados-oc","7":"product_cat-jounessa-bd-umor","8":"product_cat-libres-oc","9":"pa_auteur-badel-ronan-oc","10":"pa_auteur-goby-valentine-oc","11":"pa_editeur-canope-editions-oc","12":"pa_illustrateur-decamps-domenja-decomps-dominique-oc","13":"pa_langue-occitan-oc","14":"pa_langue-occitan-lemosin-oc","15":"entry","17":"first","18":"instock","19":"shipping-taxable","20":"purchasable","21":"product-type-simple"},"acf":[],"_links":{"self":[{"href":"https:\/\/www.libraria-occitana.org\/oc\/wp-json\/wp\/v2\/product\/24058","targetHints":{"allow":["GET"]}}],"collection":[{"href":"https:\/\/www.libraria-occitana.org\/oc\/wp-json\/wp\/v2\/product"}],"about":[{"href":"https:\/\/www.libraria-occitana.org\/oc\/wp-json\/wp\/v2\/types\/product"}],"wp:featuredmedia":[{"embeddable":true,"href":"https:\/\/www.libraria-occitana.org\/oc\/wp-json\/wp\/v2\/media\/24059"}],"wp:attachment":[{"href":"https:\/\/www.libraria-occitana.org\/oc\/wp-json\/wp\/v2\/media?parent=24058"}],"wp:term":[{"taxonomy":"product_brand","embeddable":true,"href":"https:\/\/www.libraria-occitana.org\/oc\/wp-json\/wp\/v2\/product_brand?post=24058"},{"taxonomy":"product_cat","embeddable":true,"href":"https:\/\/www.libraria-occitana.org\/oc\/wp-json\/wp\/v2\/product_cat?post=24058"},{"taxonomy":"product_tag","embeddable":true,"href":"https:\/\/www.libraria-occitana.org\/oc\/wp-json\/wp\/v2\/product_tag?post=24058"}],"curies":[{"name":"wp","href":"https:\/\/api.w.org\/{rel}","templated":true}]}}