{"id":24068,"date":"2015-07-01T11:41:51","date_gmt":"2015-07-01T09:41:51","guid":{"rendered":"http:\/\/www.libraria-occitana.org\/all-products\/contes-dels-balssas?lang=oc"},"modified":"2026-04-23T23:06:06","modified_gmt":"2026-04-23T21:06:06","slug":"contes-dels-balssas","status":"publish","type":"product","link":"https:\/\/www.libraria-occitana.org\/oc\/produch\/contes-dels-balssas\/","title":{"rendered":"Contes dels Balss\u00e0s"},"content":{"rendered":"<p>Los <em>Contes dels Balss\u00e0s<\/em> es lo segond libre de Joan Bodon, editat pel primi\u00e8r c\u00f2p en 1953. Fogu\u00e8t inspirat a Bodon per sa maire, Albanie Balssa, contaira de Roergue, per sa familha mairala, e pels contaires tradicionals del Viaur. Los contes del recu\u00e8lh an per t\u00e8ma los Balss\u00e0s, reals o imaginaris.<\/p>\n<p><strong>Joan Bodon<\/strong>\u00a0(Jean Boudou en franc\u00e9s) (Crespin, 11\/12\/1920 &#8211; Argeria, 24\/02\/1975), es un dels grands escrivans del mond mod\u00e8rne. Marcat per l\u2019imaginari del conte, tracta dins son \u00f2bra de t\u00e8mas universals o biblics per parlar de son intimitat amb la lenga occitana que vei demesir.<\/p>\n","protected":false},"excerpt":{"rendered":"<p>Los Contes dels Balss\u00e0s es lo segond libre de Joan Bodon, editat pel primi\u00e8r c\u00f2p en 1953. Fogu\u00e8t inspirat a Bodon per sa maire, Albanie Balssa, contaira de Roergue, per sa familha mairala, e pels contaires tradicionals del Viaur. Los contes del recu\u00e8lh an per t\u00e8ma los Balss\u00e0s, reals o imaginaris. Joan Bodon\u00a0(Jean Boudou en [&hellip;]<\/p>\n","protected":false},"featured_media":17493,"template":"","meta":{"_acf_changed":false,"_genesis_hide_title":false,"_genesis_hide_breadcrumbs":false,"_genesis_hide_singular_image":false,"_genesis_hide_footer_widgets":false,"_genesis_custom_body_class":"","_genesis_custom_post_class":"","_genesis_layout":""},"product_brand":[],"product_cat":[7177,7133,7175],"product_tag":[],"class_list":{"0":"post-24068","1":"product","2":"type-product","3":"status-publish","4":"has-post-thumbnail","6":"product_cat-contes-fablas-oc","7":"product_cat-libres-oc","8":"product_cat-literatura-oc","9":"pa_auteur-bodon-joan-oc","10":"pa_editeur-ieo-fr-oc","11":"pa_langue-occitan-oc","12":"pa_langue-occitan-lengadocian-oc","13":"entry","15":"first","16":"instock","17":"shipping-taxable","18":"purchasable","19":"product-type-simple"},"acf":[],"_links":{"self":[{"href":"https:\/\/www.libraria-occitana.org\/oc\/wp-json\/wp\/v2\/product\/24068","targetHints":{"allow":["GET"]}}],"collection":[{"href":"https:\/\/www.libraria-occitana.org\/oc\/wp-json\/wp\/v2\/product"}],"about":[{"href":"https:\/\/www.libraria-occitana.org\/oc\/wp-json\/wp\/v2\/types\/product"}],"wp:featuredmedia":[{"embeddable":true,"href":"https:\/\/www.libraria-occitana.org\/oc\/wp-json\/wp\/v2\/media\/17493"}],"wp:attachment":[{"href":"https:\/\/www.libraria-occitana.org\/oc\/wp-json\/wp\/v2\/media?parent=24068"}],"wp:term":[{"taxonomy":"product_brand","embeddable":true,"href":"https:\/\/www.libraria-occitana.org\/oc\/wp-json\/wp\/v2\/product_brand?post=24068"},{"taxonomy":"product_cat","embeddable":true,"href":"https:\/\/www.libraria-occitana.org\/oc\/wp-json\/wp\/v2\/product_cat?post=24068"},{"taxonomy":"product_tag","embeddable":true,"href":"https:\/\/www.libraria-occitana.org\/oc\/wp-json\/wp\/v2\/product_tag?post=24068"}],"curies":[{"name":"wp","href":"https:\/\/api.w.org\/{rel}","templated":true}]}}