{"id":24076,"date":"2015-06-01T18:08:11","date_gmt":"2015-06-01T17:08:11","guid":{"rendered":"http:\/\/www.libraria-occitana.org\/all-products\/la-route-des-bonnes-fontaines?lang=oc"},"modified":"2026-04-29T01:56:42","modified_gmt":"2026-04-28T23:56:42","slug":"la-route-des-bonnes-fontaines-aux-pays-de-jumilhac-le-grand-et-des-monts-de-chalus","status":"publish","type":"product","link":"https:\/\/www.libraria-occitana.org\/oc\/produch\/la-route-des-bonnes-fontaines-aux-pays-de-jumilhac-le-grand-et-des-monts-de-chalus\/","title":{"rendered":"La route des bonnes fontaines aux pays de Jumilhac-le-Grand et des Monts de Ch\u00e2lus"},"content":{"rendered":"<p>Fontaines de villages ou fontaines \u00e0 d\u00e9votions, elles sont particuli\u00e8rement pr\u00e9sentes en P\u00e9rigord-Limousin. Sans pr\u00e9tendre \u00eatre exhaustif, cet ouvrage s\u2019attache \u00e0 recenser le plus grand nombre d\u2019entre elles et \u00e0 les valoriser, pour contribuer au n\u00e9cessaire travail de sauvegarde de ce pr\u00e9cieux patrimoine, entour\u00e9 de traditions populaires et de l\u00e9gendes.<\/p>\n<p>Deux itin\u00e9raires de d\u00e9couverte sont propos\u00e9s ici :<br \/>\n&#8211; La route des fontaines du pays de Jumilhac-le-Grand : Chalais, La Coquille, Firbeix, Jumilhac-le-Grand, Miallet, Saint-Jory-de-Chalais, Saint-Paul-la-Roche, Saint-Pierre-de-Frugie, Saint-Priest-les-Foug\u00e8res et Thiviers.<br \/>\n&#8211; La route des fontaines du pays des Monts de Ch\u00e2lus : Bussi\u00e8re-Galant, Ch\u00e2lus, Dournazac, Flavignac, Les Cars et Pageas.<\/p>\n","protected":false},"excerpt":{"rendered":"<p>Fontaines de villages ou fontaines \u00e0 d\u00e9votions, elles sont particuli\u00e8rement pr\u00e9sentes en P\u00e9rigord-Limousin. Sans pr\u00e9tendre \u00eatre exhaustif, cet ouvrage s\u2019attache \u00e0 recenser le plus grand nombre d\u2019entre elles et \u00e0 les valoriser, pour contribuer au n\u00e9cessaire travail de sauvegarde de ce pr\u00e9cieux patrimoine, entour\u00e9 de traditions populaires et de l\u00e9gendes. Deux itin\u00e9raires de d\u00e9couverte sont [&hellip;]<\/p>\n","protected":false},"featured_media":58285,"template":"","meta":{"_acf_changed":false,"_genesis_hide_title":false,"_genesis_hide_breadcrumbs":false,"_genesis_hide_singular_image":false,"_genesis_hide_footer_widgets":false,"_genesis_custom_body_class":"","_genesis_custom_post_class":"","_genesis_layout":""},"product_brand":[],"product_cat":[7209,7133,7207],"product_tag":[],"class_list":{"0":"post-24076","1":"product","2":"type-product","3":"status-publish","4":"has-post-thumbnail","6":"product_cat-costumas-rites-e-cresencas-oc","7":"product_cat-libres-oc","8":"product_cat-tradicions-patrimoni-oc","9":"pa_auteur-huet-dartenset-corinne-oc","10":"pa_auteur-huet-dartenset-michel-oc","11":"pa_editeur-par-ailleurs-oc","12":"pa_langue-francais-oc","13":"entry","15":"first","16":"instock","17":"shipping-taxable","18":"purchasable","19":"product-type-simple"},"acf":[],"_links":{"self":[{"href":"https:\/\/www.libraria-occitana.org\/oc\/wp-json\/wp\/v2\/product\/24076","targetHints":{"allow":["GET"]}}],"collection":[{"href":"https:\/\/www.libraria-occitana.org\/oc\/wp-json\/wp\/v2\/product"}],"about":[{"href":"https:\/\/www.libraria-occitana.org\/oc\/wp-json\/wp\/v2\/types\/product"}],"wp:featuredmedia":[{"embeddable":true,"href":"https:\/\/www.libraria-occitana.org\/oc\/wp-json\/wp\/v2\/media\/58285"}],"wp:attachment":[{"href":"https:\/\/www.libraria-occitana.org\/oc\/wp-json\/wp\/v2\/media?parent=24076"}],"wp:term":[{"taxonomy":"product_brand","embeddable":true,"href":"https:\/\/www.libraria-occitana.org\/oc\/wp-json\/wp\/v2\/product_brand?post=24076"},{"taxonomy":"product_cat","embeddable":true,"href":"https:\/\/www.libraria-occitana.org\/oc\/wp-json\/wp\/v2\/product_cat?post=24076"},{"taxonomy":"product_tag","embeddable":true,"href":"https:\/\/www.libraria-occitana.org\/oc\/wp-json\/wp\/v2\/product_tag?post=24076"}],"curies":[{"name":"wp","href":"https:\/\/api.w.org\/{rel}","templated":true}]}}