{"id":24084,"date":"2015-06-01T11:45:29","date_gmt":"2015-06-01T10:45:29","guid":{"rendered":"http:\/\/www.libraria-occitana.org\/all-products\/medin-aqui-de-toulouse-a-tlemcem?lang=oc"},"modified":"2026-04-29T05:22:04","modified_gmt":"2026-04-29T03:22:04","slug":"medin-aqui-de-toulouse-a-tlemcem","status":"publish","type":"product","link":"https:\/\/www.libraria-occitana.org\/oc\/produch\/medin-aqui-de-toulouse-a-tlemcem\/","title":{"rendered":"Medin&#8217; Aqui ..: de Toulouse \u00e0 Tlemcem :.."},"content":{"rendered":"<p><strong>Guillaume Lopez :<\/strong> Chant, fl\u00fbtes, sax, cornemuse<br \/>\n<strong>Amine Tilioua :<\/strong> Chant, violon, oud, rebab<br \/>\n<strong>Sam Burgui\u00e8re :<\/strong> Violon, trompette, sampler<br \/>\n<strong>Thierry Roques :<\/strong> Accord\u00e9on<br \/>\n<strong>Pascal Celma :<\/strong> Basse<br \/>\n<strong>Cyril Amourette :<\/strong> Guitares<br \/>\n<strong>Simon Portefaix :<\/strong> Batterie, percussions<\/p>\n<p>Depuis ses d\u00e9buts en 2000, Guillaume Lopez m\u00eale la musique andalouse de ses origines \u00e0 celle des pays d\u2019oc.<br \/>\nEntour\u00e9 par des musiciens reconnus en jazz, musique du monde, musique actuelle, musique du Maghreb, le chanteur toulousain vous propose \u00ab Medin\u2019Aqui \u00bb, un voyage initiatique en terres m\u00e9diterran\u00e9ennes.<\/p>\n<p>Une ambitieuse rencontre d\u2019esth\u00e9tismes et de cultures, dans des styles aussi divers que world, trad., jazz, musette, chaabi\u2026<br \/>\nEntre le festif et le subtil, le chant\u00e9 et l\u2019instrumental, la danse et le groove.<\/p>\n<p><strong>Titres :<\/strong><br \/>\n1. Medin&#8217; All\u00e0 3&#8217;27&#8221;<br \/>\n2. Palancas 4&#8217;48&#8221;<br \/>\n3. Lejos de ti 3&#8217;48&#8221;<br \/>\n4. Entre la mer et la rivi\u00e8re 3&#8217;33&#8221;<br \/>\n5. La Nouba 7&#8217;33&#8221;<br \/>\n6. Que vai e ven 3&#8217;21&#8221;<br \/>\n7. Ven\u00e8tz dan\u00e7ar (avec Chab de Mauresca) 3&#8217;42&#8221;<br \/>\n8. Sans d\u00e9\u00e7u dessous 4&#8217;01&#8221;<br \/>\n9. Etiquetar 3&#8217;27&#8221;<br \/>\n10. Param la man 2&#8217;33&#8221;<br \/>\n11. Sul camin 2&#8217;36&#8221;<\/p>\n<p><strong>Medin&#8217;All\u00e0<\/strong><\/p>\n<p><audio class=\"wp-audio-shortcode\" id=\"audio-24084-1\" preload=\"none\" style=\"width: 100%;\" controls=\"controls\"><source type=\"audio\/mpeg\" src=\"https:\/\/www.libraria-occitana.org\/wp-content\/uploads\/2015\/06\/MedinAqui-MedinAll\u00e0.mp3?_=1\" \/><a href=\"https:\/\/www.libraria-occitana.org\/wp-content\/uploads\/2015\/06\/MedinAqui-MedinAll\u00e0.mp3\">https:\/\/www.libraria-occitana.org\/wp-content\/uploads\/2015\/06\/MedinAqui-MedinAll\u00e0.mp3<\/a><\/audio><\/p>\n<p><strong>Palancas<\/strong><\/p>\n<p><audio class=\"wp-audio-shortcode\" id=\"audio-24084-2\" preload=\"none\" style=\"width: 100%;\" controls=\"controls\"><source type=\"audio\/mpeg\" src=\"https:\/\/www.libraria-occitana.org\/wp-content\/uploads\/2015\/06\/MedinAqui-Palancas.mp3?_=2\" \/><a href=\"https:\/\/www.libraria-occitana.org\/wp-content\/uploads\/2015\/06\/MedinAqui-Palancas.mp3\">https:\/\/www.libraria-occitana.org\/wp-content\/uploads\/2015\/06\/MedinAqui-Palancas.mp3<\/a><\/audio><\/p>\n<p><strong>Param la man<\/strong><\/p>\n<p><audio class=\"wp-audio-shortcode\" id=\"audio-24084-3\" preload=\"none\" style=\"width: 100%;\" controls=\"controls\"><source type=\"audio\/mpeg\" src=\"https:\/\/www.libraria-occitana.org\/wp-content\/uploads\/2015\/06\/MedinAqui-Param-la-man.mp3?_=3\" \/><a href=\"https:\/\/www.libraria-occitana.org\/wp-content\/uploads\/2015\/06\/MedinAqui-Param-la-man.mp3\">https:\/\/www.libraria-occitana.org\/wp-content\/uploads\/2015\/06\/MedinAqui-Param-la-man.mp3<\/a><\/audio><\/p>\n","protected":false},"excerpt":{"rendered":"<p>Guillaume Lopez : Chant, fl\u00fbtes, sax, cornemuse Amine Tilioua : Chant, violon, oud, rebab Sam Burgui\u00e8re : Violon, trompette, sampler Thierry Roques : Accord\u00e9on Pascal Celma : Basse Cyril Amourette : Guitares Simon Portefaix : Batterie, percussions Depuis ses d\u00e9buts en 2000, Guillaume Lopez m\u00eale la musique andalouse de ses origines \u00e0 celle des pays [&hellip;]<\/p>\n","protected":false},"featured_media":24089,"template":"","meta":{"_acf_changed":false,"_genesis_hide_title":false,"_genesis_hide_breadcrumbs":false,"_genesis_hide_singular_image":false,"_genesis_hide_footer_widgets":false,"_genesis_custom_body_class":"","_genesis_custom_post_class":"","_genesis_layout":""},"product_brand":[],"product_cat":[7219,16683],"product_tag":[],"class_list":{"0":"post-24084","1":"product","2":"type-product","3":"status-publish","4":"has-post-thumbnail","6":"product_cat-chancon-oc","7":"product_cat-musica-oc","8":"pa_auteur-compagnie-guillaume-lopez-oc","9":"pa_editeur-c-a-m-o-m-oc","10":"pa_langue-autras-lingas-oc","11":"pa_langue-francais-oc","12":"pa_langue-occitan-oc","13":"pa_langue-occitan-lengadocian-oc","14":"entry","16":"first","17":"instock","18":"shipping-taxable","19":"purchasable","20":"product-type-simple"},"acf":[],"_links":{"self":[{"href":"https:\/\/www.libraria-occitana.org\/oc\/wp-json\/wp\/v2\/product\/24084","targetHints":{"allow":["GET"]}}],"collection":[{"href":"https:\/\/www.libraria-occitana.org\/oc\/wp-json\/wp\/v2\/product"}],"about":[{"href":"https:\/\/www.libraria-occitana.org\/oc\/wp-json\/wp\/v2\/types\/product"}],"wp:featuredmedia":[{"embeddable":true,"href":"https:\/\/www.libraria-occitana.org\/oc\/wp-json\/wp\/v2\/media\/24089"}],"wp:attachment":[{"href":"https:\/\/www.libraria-occitana.org\/oc\/wp-json\/wp\/v2\/media?parent=24084"}],"wp:term":[{"taxonomy":"product_brand","embeddable":true,"href":"https:\/\/www.libraria-occitana.org\/oc\/wp-json\/wp\/v2\/product_brand?post=24084"},{"taxonomy":"product_cat","embeddable":true,"href":"https:\/\/www.libraria-occitana.org\/oc\/wp-json\/wp\/v2\/product_cat?post=24084"},{"taxonomy":"product_tag","embeddable":true,"href":"https:\/\/www.libraria-occitana.org\/oc\/wp-json\/wp\/v2\/product_tag?post=24084"}],"curies":[{"name":"wp","href":"https:\/\/api.w.org\/{rel}","templated":true}]}}