{"id":24097,"date":"2015-06-01T11:37:31","date_gmt":"2015-06-01T10:37:31","guid":{"rendered":"http:\/\/www.libraria-occitana.org\/all-products\/capvirat?lang=oc"},"modified":"2026-04-29T05:26:08","modified_gmt":"2026-04-29T03:26:08","slug":"capvirat","status":"publish","type":"product","link":"https:\/\/www.libraria-occitana.org\/oc\/produch\/capvirat\/","title":{"rendered":"Capvirat"},"content":{"rendered":"<p><strong>Olivier Capmartin, Fabrice Lapeyrere, Bastien Zaoui :<\/strong> votz \/ voix<\/p>\n<p>Trio \u00e0 cap\u00adpella sp\u00e9\u00adcia\u00adlis\u00e9 dans les poly\u00adpho\u00adnies tra\u00addi\u00adtion\u00adnel\u00adles du sud de l\u2019Europe, Un per vox est cons\u00adti\u00adtu\u00e9 de trois chan\u00adteurs issus de l\u2019ensem\u00adble Vox Bigerri.<\/p>\n<p>Une for\u00ad\u00admule l\u00e9g\u00e8re, un par voix, chaque voix \u00e0 nu.<br \/>\nDu Pays Basque \u00e0 la Corse, en pas\u00ad\u00adsant par la Bigorre d\u2019o\u00f9 les chan\u00ad\u00adteurs sont issus, le r\u00e9per\u00ad\u00adtoire par\u00ad\u00adcourt toutes ces tra\u00ad\u00addi\u00ad\u00adtions de poly\u00ad\u00adpho\u00ad\u00adnie et met en valeur leurs simi\u00ad\u00adli\u00ad\u00adtu\u00ad\u00addes et leurs sin\u00ad\u00adgu\u00ad\u00adla\u00ad\u00adri\u00ad\u00adt\u00e9s.<br \/>\nS\u2019invi\u00ad\u00adtent dans ce projet des \u00e9clairages contem\u00ad\u00adpo\u00ad\u00adrains, sou\u00ad\u00advent com\u00ad\u00adpo\u00ad\u00ads\u00e9s par les chan\u00ad\u00adteurs eux-m\u00eames. Un per vox nous donne \u00e0 enten\u00ad\u00addre com\u00ad\u00adbien tra\u00ad\u00addi\u00ad\u00adtion et moder\u00ad\u00adnit\u00e9 se com\u00ad\u00adpl\u00e8\u00ad\u00adtent et se r\u00e9v\u00e8\u00ad\u00adlent l\u2019une \u00e0 l\u2019autre.<br \/>\nUn voyage musi\u00ad\u00adcal port\u00e9 par la ren\u00ad\u00adcontre humaine et la vibra\u00ad\u00adtion.<\/p>\n<p><strong>Titres :<\/strong><br \/>\n1. Lo hadi 4&#8217;20&#8221;<br \/>\n2. L&#8217;aurio 4&#8217;46&#8221;<br \/>\n3. Maudit sia l&#8217;amor 4&#8217;08&#8221;<br \/>\n4. Quan jo n&#8217;\u00e8ri amoroseta 4&#8217;34&#8221;<br \/>\n5. O meu amor 3&#8217;53&#8221;<br \/>\n6. Ser\u00e0n temps de plovinas 3&#8217;03&#8221;<br \/>\n7. Lo boier 4&#8217;53&#8221;<br \/>\n8. Amor d&#8217;Aussau 4&#8217;28&#8221;<br \/>\n9. Ber\u00f2ja berojina 3&#8217;33&#8221;<br \/>\n10. En tot tornar de Toloseta 3&#8217;19&#8221;<br \/>\n11. Pastors de Gas\u00f2st 3&#8217;02&#8221;<br \/>\n12. Bortian Ah\u00fczki 3&#8217;55&#8221;<\/p>\n","protected":false},"excerpt":{"rendered":"<p>Olivier Capmartin, Fabrice Lapeyrere, Bastien Zaoui : votz \/ voix Trio \u00e0 cap\u00adpella sp\u00e9\u00adcia\u00adlis\u00e9 dans les poly\u00adpho\u00adnies tra\u00addi\u00adtion\u00adnel\u00adles du sud de l\u2019Europe, Un per vox est cons\u00adti\u00adtu\u00e9 de trois chan\u00adteurs issus de l\u2019ensem\u00adble Vox Bigerri. Une for\u00ad\u00admule l\u00e9g\u00e8re, un par voix, chaque voix \u00e0 nu. Du Pays Basque \u00e0 la Corse, en pas\u00ad\u00adsant par la [&hellip;]<\/p>\n","protected":false},"featured_media":24088,"template":"","meta":{"_acf_changed":false,"_genesis_hide_title":false,"_genesis_hide_breadcrumbs":false,"_genesis_hide_singular_image":false,"_genesis_hide_footer_widgets":false,"_genesis_custom_body_class":"","_genesis_custom_post_class":"","_genesis_layout":""},"product_brand":[],"product_cat":[16683,7231],"product_tag":[],"class_list":{"0":"post-24097","1":"product","2":"type-product","3":"status-publish","4":"has-post-thumbnail","6":"product_cat-musica-oc","7":"product_cat-polifonias-oc","8":"pa_auteur-un-per-vox-oc","9":"pa_editeur-le-fil-oc","10":"pa_langue-autras-lingas-oc","11":"pa_langue-occitan-oc","12":"pa_langue-occitan-gascon-oc","13":"entry","15":"first","16":"outofstock","17":"shipping-taxable","18":"purchasable","19":"product-type-simple"},"acf":[],"_links":{"self":[{"href":"https:\/\/www.libraria-occitana.org\/oc\/wp-json\/wp\/v2\/product\/24097","targetHints":{"allow":["GET"]}}],"collection":[{"href":"https:\/\/www.libraria-occitana.org\/oc\/wp-json\/wp\/v2\/product"}],"about":[{"href":"https:\/\/www.libraria-occitana.org\/oc\/wp-json\/wp\/v2\/types\/product"}],"wp:featuredmedia":[{"embeddable":true,"href":"https:\/\/www.libraria-occitana.org\/oc\/wp-json\/wp\/v2\/media\/24088"}],"wp:attachment":[{"href":"https:\/\/www.libraria-occitana.org\/oc\/wp-json\/wp\/v2\/media?parent=24097"}],"wp:term":[{"taxonomy":"product_brand","embeddable":true,"href":"https:\/\/www.libraria-occitana.org\/oc\/wp-json\/wp\/v2\/product_brand?post=24097"},{"taxonomy":"product_cat","embeddable":true,"href":"https:\/\/www.libraria-occitana.org\/oc\/wp-json\/wp\/v2\/product_cat?post=24097"},{"taxonomy":"product_tag","embeddable":true,"href":"https:\/\/www.libraria-occitana.org\/oc\/wp-json\/wp\/v2\/product_tag?post=24097"}],"curies":[{"name":"wp","href":"https:\/\/api.w.org\/{rel}","templated":true}]}}