{"id":24100,"date":"2015-06-01T10:39:21","date_gmt":"2015-06-01T09:39:21","guid":{"rendered":"http:\/\/www.libraria-occitana.org\/all-products\/les-cants-del-solelh?lang=oc"},"modified":"2026-04-29T10:41:52","modified_gmt":"2026-04-29T08:41:52","slug":"les-cants-del-solelh","status":"publish","type":"product","link":"https:\/\/www.libraria-occitana.org\/oc\/produch\/les-cants-del-solelh\/","title":{"rendered":"Les cants del solelh"},"content":{"rendered":"<p>L\u2019\u0153uvre d\u2019Auguste Four\u00e8s (August For\u00e9s) : <em>Les Cants del solelh<\/em> a \u00e9t\u00e9 mise en graphie moderne (graphie enseign\u00e9e) \u00e0 partir de l\u2019\u00e9dition de 1891 : <em>Les Cants del Soulelh, Pou\u00e9sios del Lauragu\u00e9s dambe la traduccieu franceso dreit-\u00e0-dreit \/ Les Chants du Soleil, po\u00e9sies du Lauragais avec traduction fran\u00e7aise en regard<\/em>, Carcassouno, Estampario G. Servi\u00e8re \/ Imprimerie G. Servi\u00e8re, 1891. Paris-Carcassonne, Savine-Servi\u00e8re, 1891. [BMTlse, LmC 8755].<br \/>\nL\u2019introduction, les notes et la transcription en graphie classique sont de Jo\u00eblle Ginestet (Ma\u00eetre de conf\u00e9rence en litt\u00e9rature occitane, laboratoire ELH-PLH, Universit\u00e9 Toulouse Jean Jaur\u00e8s).<br \/>\nUne traduction en fran\u00e7ais des po\u00e8mes (revue par Jo\u00eblle Ginestet) ainsi que des \u00e9l\u00e9ments sur la langue occitane et la mise en graphie classique (par Patrick Sauzet, professeur \u00e0 l\u2019Universit\u00e9 Jean Jaur\u00e8s) seront disponibles gratuitement en ligne sur le site d\u2019IEO Edicions.<\/p>\n<p>\u00ab\u00a0<em>Les Cants del Soulelh<\/em> (1891) publi\u00e9s l\u2019ann\u00e9e de la mort d&#8217;Auguste Four\u00e8s \u00e0 43 ans regroupent cent trente sept po\u00e8mes motiv\u00e9s par son engagement r\u00e9publicain et patriotique, son attachement au Lauragais et son amour exaltant puis douloureux pour la jeune Jeanne Wilson disparue en 1877.<\/p>\n<p>\u00c9crits entre avril 1876 et jusqu\u2019\u00e0 la veille de sa disparition avec des p\u00e9riodes plus intenses en 1878 et 1881 et 1882, ils sont une tranche de vie exprim\u00e9e par le biais de petits tableaux o\u00f9 paraissent des hommes, femmes, enfants de la fin du XIXe si\u00e8cle et des figures et \u00e9v\u00e9nements historiques que Four\u00e8s \u00e9l\u00e8ve au rang d\u2019all\u00e9gories et de symboles. La plupart de ses vers sont d\u00e9di\u00e9s \u00e0 des personnages du f\u00e9librige ou de la cr\u00e9ation artistique de son temps. Po\u00e8te militant de la conscience linguistique, historique et culturelle, ses ambitieux projets pour la langue et la culture occitanes se sont \u00e9panouis une dizaine d\u2019ann\u00e9e plus tard gr\u00e2ce \u00e0 l\u2019action d\u2019Antonin Perbosc et Prosper Estieu. C\u2019est en raison de cette voie ouverte par le po\u00e8te qu\u2019est propos\u00e9 aux lecteurs, plus ou moins familiaris\u00e9s avec la langue occitane, une \u00e9dition imprim\u00e9e des <em>Cants del Solelh<\/em> en graphie classique avec une introduction et des notes en fran\u00e7ais accompagn\u00e9es d\u2019une mise \u00e0 disposition de la traduction et d\u2019une approche linguistique sur le site informatique de l\u2019I.E.O..\u00a0\u00bb<\/p>\n<p style=\"text-align: right;\">Jo\u00eblle Ginestet<\/p>\n","protected":false},"excerpt":{"rendered":"<p>L\u2019\u0153uvre d\u2019Auguste Four\u00e8s (August For\u00e9s) : Les Cants del solelh a \u00e9t\u00e9 mise en graphie moderne (graphie enseign\u00e9e) \u00e0 partir de l\u2019\u00e9dition de 1891 : Les Cants del Soulelh, Pou\u00e9sios del Lauragu\u00e9s dambe la traduccieu franceso dreit-\u00e0-dreit \/ Les Chants du Soleil, po\u00e9sies du Lauragais avec traduction fran\u00e7aise en regard, Carcassouno, Estampario G. Servi\u00e8re \/ [&hellip;]<\/p>\n","protected":false},"featured_media":24101,"template":"","meta":{"_acf_changed":false,"_genesis_hide_title":false,"_genesis_hide_breadcrumbs":false,"_genesis_hide_singular_image":false,"_genesis_hide_footer_widgets":false,"_genesis_custom_body_class":"","_genesis_custom_post_class":"","_genesis_layout":""},"product_brand":[],"product_cat":[7133,7175,7181],"product_tag":[],"class_list":{"0":"post-24100","1":"product","2":"type-product","3":"status-publish","4":"has-post-thumbnail","6":"product_cat-libres-oc","7":"product_cat-literatura-oc","8":"product_cat-poesia-oc","9":"pa_auteur-fores-august-foures-auguste-oc","10":"pa_editeur-ieo-fr-oc","11":"pa_langue-occitan-oc","12":"pa_langue-occitan-lengadocian-oc","13":"entry","15":"first","16":"instock","17":"shipping-taxable","18":"purchasable","19":"product-type-simple"},"acf":[],"_links":{"self":[{"href":"https:\/\/www.libraria-occitana.org\/oc\/wp-json\/wp\/v2\/product\/24100","targetHints":{"allow":["GET"]}}],"collection":[{"href":"https:\/\/www.libraria-occitana.org\/oc\/wp-json\/wp\/v2\/product"}],"about":[{"href":"https:\/\/www.libraria-occitana.org\/oc\/wp-json\/wp\/v2\/types\/product"}],"wp:featuredmedia":[{"embeddable":true,"href":"https:\/\/www.libraria-occitana.org\/oc\/wp-json\/wp\/v2\/media\/24101"}],"wp:attachment":[{"href":"https:\/\/www.libraria-occitana.org\/oc\/wp-json\/wp\/v2\/media?parent=24100"}],"wp:term":[{"taxonomy":"product_brand","embeddable":true,"href":"https:\/\/www.libraria-occitana.org\/oc\/wp-json\/wp\/v2\/product_brand?post=24100"},{"taxonomy":"product_cat","embeddable":true,"href":"https:\/\/www.libraria-occitana.org\/oc\/wp-json\/wp\/v2\/product_cat?post=24100"},{"taxonomy":"product_tag","embeddable":true,"href":"https:\/\/www.libraria-occitana.org\/oc\/wp-json\/wp\/v2\/product_tag?post=24100"}],"curies":[{"name":"wp","href":"https:\/\/api.w.org\/{rel}","templated":true}]}}