{"id":24125,"date":"2015-10-01T17:51:36","date_gmt":"2015-10-01T16:51:36","guid":{"rendered":"http:\/\/www.libraria-occitana.org\/all-products\/saique-benleu?lang=oc"},"modified":"2026-04-29T05:11:13","modified_gmt":"2026-04-29T03:11:13","slug":"saique-benleu","status":"publish","type":"product","link":"https:\/\/www.libraria-occitana.org\/oc\/produch\/saique-benleu\/","title":{"rendered":"Saique&#8230; Benl\u00e8u !"},"content":{"rendered":"<p>1er album solo d&#8217;Arnaud Cance (Tres a Cantar, ex Brick a Drac). Un savoureux cocktail de chanson fran\u00e7aise et occitane. 12 titres \u00e0 d\u00e9guster sans mod\u00e9ration \u00e0 l&#8217;\u00e9coute desquels on d\u00e9couvre les diverses facettes de l&#8217;univers de ce musicien des Hauts Plateaux de Midi Pyr\u00e9n\u00e9es.<\/p>\n<p><strong>Titres :<\/strong><br \/>\n1. Papillon sort du cocon 3&#8217;06&#8221;<br \/>\n2. La Mazurka del veuse 4&#8217;53&#8221;<br \/>\n3. Dejol pont de Lion 3&#8217;34&#8221;<br \/>\n4. L&#8217;u\u00e8lh blu 5&#8217;07&#8221;<br \/>\n5. La villageoise 3&#8217;36&#8221;<br \/>\n6. Faire le mort 4&#8217;03&#8221;<br \/>\n7. Le vieux jardinier 4&#8217;14&#8221;<br \/>\n8. Jorn de fi\u00e8ira 3&#8217;51&#8221;<br \/>\n9. La vi\u00e8lh\u00f2ta 2&#8217;34&#8221;<br \/>\n10. La vi\u00e8lha de Pibrac 2&#8217;23&#8221;<br \/>\n11. Laisser les m\u00e8res en gal\u00e8re 3&#8217;38&#8221;<br \/>\n12. Sol\u00e9 3&#8217;09&#8221;<\/p>\n","protected":false},"excerpt":{"rendered":"<p>1er album solo d&#8217;Arnaud Cance (Tres a Cantar, ex Brick a Drac). Un savoureux cocktail de chanson fran\u00e7aise et occitane. 12 titres \u00e0 d\u00e9guster sans mod\u00e9ration \u00e0 l&#8217;\u00e9coute desquels on d\u00e9couvre les diverses facettes de l&#8217;univers de ce musicien des Hauts Plateaux de Midi Pyr\u00e9n\u00e9es. Titres : 1. Papillon sort du cocon 3&#8217;06&#8221; 2. La [&hellip;]<\/p>\n","protected":false},"featured_media":24127,"template":"","meta":{"_acf_changed":false,"_genesis_hide_title":false,"_genesis_hide_breadcrumbs":false,"_genesis_hide_singular_image":false,"_genesis_hide_footer_widgets":false,"_genesis_custom_body_class":"","_genesis_custom_post_class":"","_genesis_layout":""},"product_brand":[],"product_cat":[7219,16683],"product_tag":[],"class_list":{"0":"post-24125","1":"product","2":"type-product","3":"status-publish","4":"has-post-thumbnail","6":"product_cat-chancon-oc","7":"product_cat-musica-oc","8":"pa_auteur-cance-arnaud-oc","9":"pa_editeur-brennus-music-oc","10":"pa_langue-francais-oc","11":"pa_langue-occitan-oc","12":"pa_langue-occitan-lengadocian-oc","13":"entry","15":"first","16":"outofstock","17":"shipping-taxable","18":"purchasable","19":"product-type-simple"},"acf":[],"_links":{"self":[{"href":"https:\/\/www.libraria-occitana.org\/oc\/wp-json\/wp\/v2\/product\/24125","targetHints":{"allow":["GET"]}}],"collection":[{"href":"https:\/\/www.libraria-occitana.org\/oc\/wp-json\/wp\/v2\/product"}],"about":[{"href":"https:\/\/www.libraria-occitana.org\/oc\/wp-json\/wp\/v2\/types\/product"}],"wp:featuredmedia":[{"embeddable":true,"href":"https:\/\/www.libraria-occitana.org\/oc\/wp-json\/wp\/v2\/media\/24127"}],"wp:attachment":[{"href":"https:\/\/www.libraria-occitana.org\/oc\/wp-json\/wp\/v2\/media?parent=24125"}],"wp:term":[{"taxonomy":"product_brand","embeddable":true,"href":"https:\/\/www.libraria-occitana.org\/oc\/wp-json\/wp\/v2\/product_brand?post=24125"},{"taxonomy":"product_cat","embeddable":true,"href":"https:\/\/www.libraria-occitana.org\/oc\/wp-json\/wp\/v2\/product_cat?post=24125"},{"taxonomy":"product_tag","embeddable":true,"href":"https:\/\/www.libraria-occitana.org\/oc\/wp-json\/wp\/v2\/product_tag?post=24125"}],"curies":[{"name":"wp","href":"https:\/\/api.w.org\/{rel}","templated":true}]}}