{"id":24136,"date":"2015-10-01T11:17:37","date_gmt":"2015-10-01T10:17:37","guid":{"rendered":"http:\/\/www.libraria-occitana.org\/all-products\/lostau-deus-lops?lang=oc"},"modified":"2026-04-29T00:51:21","modified_gmt":"2026-04-28T22:51:21","slug":"lostau-deus-lops","status":"publish","type":"product","link":"https:\/\/www.libraria-occitana.org\/oc\/produch\/lostau-deus-lops\/","title":{"rendered":"L&#8217;ostau deus lops (libre + CD)"},"content":{"rendered":"<p>Un conde de b\u00e8stias illustrat per Sofia Vissi\u00e8re : tad escapar au cot\u00e8th deus m\u00e8stes de la b\u00f2rda qui\u2019us v\u00f2len minjar, borits o rostits, lo gat qui escota tot \u00e7\u00f2 qui\u2019s passa au c\u00f2rn deu huec que va sauvar lo hasan, l\u2019auca, lo marro e lo can. Tots amassa, que\u2019s van sauvar. Perduts dens lo b\u00f2sc que van trobar un ac\u00e8s dens ua maison des\u00e8rta. Malaja, qu\u2019\u00e8ra la maison deus lops ! Quin se va passar quan tornen ?<\/p>\n<p>Ua version occitana deus <em>Musicaires de Br\u00e8ma<\/em> deus hrairs Grimm qui agradar\u00e0 a tots los legedors, grans o petits.<\/p>\n<p>Taus joens de 4 a 10 ans.<\/p>\n","protected":false},"excerpt":{"rendered":"<p>Un conde de b\u00e8stias illustrat per Sofia Vissi\u00e8re : tad escapar au cot\u00e8th deus m\u00e8stes de la b\u00f2rda qui\u2019us v\u00f2len minjar, borits o rostits, lo gat qui escota tot \u00e7\u00f2 qui\u2019s passa au c\u00f2rn deu huec que va sauvar lo hasan, l\u2019auca, lo marro e lo can. Tots amassa, que\u2019s van sauvar. Perduts dens lo [&hellip;]<\/p>\n","protected":false},"featured_media":24137,"template":"","meta":{"_acf_changed":false,"_genesis_hide_title":false,"_genesis_hide_breadcrumbs":false,"_genesis_hide_singular_image":false,"_genesis_hide_footer_widgets":false,"_genesis_custom_body_class":"","_genesis_custom_post_class":"","_genesis_layout":""},"product_brand":[],"product_cat":[7171,7165,7133],"product_tag":[],"class_list":{"0":"post-24136","1":"product","2":"type-product","3":"status-publish","4":"has-post-thumbnail","6":"product_cat-drolles-oc","7":"product_cat-jounessa-bd-umor","8":"product_cat-libres-oc","9":"pa_auteur-lagarda-andrieu-oc","10":"pa_editeur-letras-doc-oc","11":"pa_illustrateur-lavit-joan-lois-1-oc","12":"pa_illustrateur-vissiere-sofia-oc","13":"pa_langue-occitan-oc","14":"pa_langue-occitan-gascon-oc","15":"entry","17":"first","18":"instock","19":"shipping-taxable","20":"purchasable","21":"product-type-simple"},"acf":[],"_links":{"self":[{"href":"https:\/\/www.libraria-occitana.org\/oc\/wp-json\/wp\/v2\/product\/24136","targetHints":{"allow":["GET"]}}],"collection":[{"href":"https:\/\/www.libraria-occitana.org\/oc\/wp-json\/wp\/v2\/product"}],"about":[{"href":"https:\/\/www.libraria-occitana.org\/oc\/wp-json\/wp\/v2\/types\/product"}],"wp:featuredmedia":[{"embeddable":true,"href":"https:\/\/www.libraria-occitana.org\/oc\/wp-json\/wp\/v2\/media\/24137"}],"wp:attachment":[{"href":"https:\/\/www.libraria-occitana.org\/oc\/wp-json\/wp\/v2\/media?parent=24136"}],"wp:term":[{"taxonomy":"product_brand","embeddable":true,"href":"https:\/\/www.libraria-occitana.org\/oc\/wp-json\/wp\/v2\/product_brand?post=24136"},{"taxonomy":"product_cat","embeddable":true,"href":"https:\/\/www.libraria-occitana.org\/oc\/wp-json\/wp\/v2\/product_cat?post=24136"},{"taxonomy":"product_tag","embeddable":true,"href":"https:\/\/www.libraria-occitana.org\/oc\/wp-json\/wp\/v2\/product_tag?post=24136"}],"curies":[{"name":"wp","href":"https:\/\/api.w.org\/{rel}","templated":true}]}}