{"id":24150,"date":"2015-09-01T20:03:00","date_gmt":"2015-09-01T18:03:00","guid":{"rendered":"http:\/\/www.libraria-occitana.org\/all-products\/ua-lenga-qui-sesvaneish-une-langue-qui-disparait-pleitei-plaidoyer?lang=oc"},"modified":"2026-04-29T00:46:43","modified_gmt":"2026-04-28T22:46:43","slug":"ua-lenga-qui-sesvaneish-une-langue-qui-disparait-pleitei-plaidoyer","status":"publish","type":"product","link":"https:\/\/www.libraria-occitana.org\/oc\/produch\/ua-lenga-qui-sesvaneish-une-langue-qui-disparait-pleitei-plaidoyer\/","title":{"rendered":"Ua lenga qui s&#8217;esvaneish ? &#8211; Une langue qui dispara\u00eet ? : Pleitei &#8211; Plaidoyer"},"content":{"rendered":"<p>Au dia de uei, qu\u2019ei la question de l\u2019avi\u00e9ner e de la subervita de la lenga occitana qui\u2019s pausa, de vertat.<br \/>\nAc\u00ed que trobaratz un espiar critic, shens nat tab\u00f3, tad ensajar de compr\u00e9ner \u00e7\u00f2 qui n\u2019ei, e un aperet a cercar camins nav\u00e8ths.<br \/>\nPr\u2019amor n\u2019ei pas briga temps de plorar la lenga m\u00f2rta mes de cridar viah\u00f2ra e de pleitejar t\u00e0 sauvar la nosta lenga. T\u00e0 que demore viva, deman.<\/p>\n","protected":false},"excerpt":{"rendered":"<p>Au dia de uei, qu\u2019ei la question de l\u2019avi\u00e9ner e de la subervita de la lenga occitana qui\u2019s pausa, de vertat. Ac\u00ed que trobaratz un espiar critic, shens nat tab\u00f3, tad ensajar de compr\u00e9ner \u00e7\u00f2 qui n\u2019ei, e un aperet a cercar camins nav\u00e8ths. Pr\u2019amor n\u2019ei pas briga temps de plorar la lenga m\u00f2rta mes [&hellip;]<\/p>\n","protected":false},"featured_media":24151,"template":"","meta":{"_acf_changed":false,"_genesis_hide_title":false,"_genesis_hide_breadcrumbs":false,"_genesis_hide_singular_image":false,"_genesis_hide_footer_widgets":false,"_genesis_custom_body_class":"","_genesis_custom_post_class":"","_genesis_layout":""},"product_brand":[],"product_cat":[7133,7203],"product_tag":[],"class_list":{"0":"post-24150","1":"product","2":"type-product","3":"status-publish","4":"has-post-thumbnail","6":"product_cat-libres-oc","7":"product_cat-politica-sociologia-actualitat-oc","8":"pa_auteur-eygun-joan-oc","9":"pa_editeur-letras-doc-oc","10":"pa_langue-occitan-gascon-oc","11":"pa_langue-occitan-francais-oc","12":"entry","14":"first","15":"instock","16":"shipping-taxable","17":"purchasable","18":"product-type-simple"},"acf":[],"_links":{"self":[{"href":"https:\/\/www.libraria-occitana.org\/oc\/wp-json\/wp\/v2\/product\/24150","targetHints":{"allow":["GET"]}}],"collection":[{"href":"https:\/\/www.libraria-occitana.org\/oc\/wp-json\/wp\/v2\/product"}],"about":[{"href":"https:\/\/www.libraria-occitana.org\/oc\/wp-json\/wp\/v2\/types\/product"}],"wp:featuredmedia":[{"embeddable":true,"href":"https:\/\/www.libraria-occitana.org\/oc\/wp-json\/wp\/v2\/media\/24151"}],"wp:attachment":[{"href":"https:\/\/www.libraria-occitana.org\/oc\/wp-json\/wp\/v2\/media?parent=24150"}],"wp:term":[{"taxonomy":"product_brand","embeddable":true,"href":"https:\/\/www.libraria-occitana.org\/oc\/wp-json\/wp\/v2\/product_brand?post=24150"},{"taxonomy":"product_cat","embeddable":true,"href":"https:\/\/www.libraria-occitana.org\/oc\/wp-json\/wp\/v2\/product_cat?post=24150"},{"taxonomy":"product_tag","embeddable":true,"href":"https:\/\/www.libraria-occitana.org\/oc\/wp-json\/wp\/v2\/product_tag?post=24150"}],"curies":[{"name":"wp","href":"https:\/\/api.w.org\/{rel}","templated":true}]}}