{"id":24156,"date":"2015-09-01T18:58:09","date_gmt":"2015-09-01T17:58:09","guid":{"rendered":"http:\/\/www.libraria-occitana.org\/all-products\/lettres-dun-jeune-poilu-1916-1919-un-refugie-en-1936-lemouzi-n214-215?lang=oc"},"modified":"2026-04-03T02:11:31","modified_gmt":"2026-04-03T00:11:31","slug":"lettres-dun-jeune-poilu-1916-1919-un-refugie-en-1936-lemouzi-n214-215","status":"publish","type":"product","link":"https:\/\/www.libraria-occitana.org\/oc\/produch\/lettres-dun-jeune-poilu-1916-1919-un-refugie-en-1936-lemouzi-n214-215\/","title":{"rendered":"Lettres d&#8217;un jeune poilu (1916-1919) : Un r\u00e9fugi\u00e9 en 1936 \/ Lemouzi N\u00b0214-215"},"content":{"rendered":"<p><strong>Georges Gaudy (1895-1987) : un combattant des deux Guerres mondiales<\/strong><br \/>\nGeorges Gaudy (1895-1987) s&#8217;engage en septembre 1915, devan\u00e7ant l&#8217;appel de sa classe, pour venger la mort de son oncle et parrain Jean Matthieu Gaudy (mon grand-p\u00e8re), tomb\u00e9 en septembre 1914 \u00e0 la ferme de Maison-Rouge. Pendant toute la dur\u00e9e du conflit, il va \u00e9crire, presque quotidiennement, \u00e0 sa famille, son p\u00e8re, sa grand-m\u00e8re Detr\u00e9 et sa s\u0153ur Anne Marie. Les lettres de ce recueil sont celles qui sont rest\u00e9es dans les archives de la famille. Elles ont \u00e9t\u00e9 \u00e9crites au crayon ou \u00e0 l&#8217;encre et \u00e0 la plume, soit dans les abris des tranch\u00e9es, soit au repos ou en r\u00e9serve dans une maison ou une grange.<br \/>\nM\u00eame si certaines trahissent la fatigue ou le d\u00e9couragement, on y sent la camaraderie entre soldats, en particulier au sein d&#8217;une m\u00eame section ou d&#8217;une m\u00eame compagnie et l&#8217;attachement au r\u00e9giment et \u00e0 ses chefs. Des descriptions de la vie quotidienne du &#8220;poilu&#8221;, avec des dialogues vivants, quelquefois un peu crus, pars\u00e8ment de fa\u00e7on amusante ces \u00e9p\u00eetres. Georges y r\u00e9v\u00e8le son aptitude \u00e0 appr\u00e9cier et \u00e0 d\u00e9crire les paysages qui l&#8217;entourent. Il montre une curiosit\u00e9 naturelle envers ses voisins, et les alli\u00e9s qu&#8217;il fr\u00e9quente d\u00e8s qu&#8217;il peut. On remarque son souci de se tenir au courant des nouvelles de la politique nationale et internationale, sur lesquelles il prend des positions tr\u00e8s tranch\u00e9es. La virulence de quelques-unes de ses phrases correspond \u00e0 la vivacit\u00e9 d&#8217;un jeune poilu de 20 ans soumis \u00e0 des \u00e9preuves particuli\u00e8rement difficiles. Il faut noter son amour de sa famille, son souci des \u00e9tudes et de l&#8217;avenir de sa s\u0153ur Anne Marie, son attachement \u00e0 son pays natal, le Limousin. Enfin la foi profonde qui l&#8217;anime et qui le guidera d&#8217;ailleurs toute sa vie est omnipr\u00e9sente dans ses \u00e9crits.<\/p>\n<p><em>Un r\u00e9fugi\u00e9 en 1936<\/em>, nouvelle parue en 1938, rappelle et stigmatise la mont\u00e9e du nazisme et analyse ses r\u00e9percussions dans l&#8217;esprit d&#8217;un Allemand moyen, de surcro\u00eet catholique.<\/p>\n<p>Bonne lecture.<\/p>\n<p style=\"text-align: right;\">G\u00e9n\u00e9ral Fran\u00e7ois Gaudy<\/p>\n","protected":false},"excerpt":{"rendered":"<p>Georges Gaudy (1895-1987) : un combattant des deux Guerres mondiales Georges Gaudy (1895-1987) s&#8217;engage en septembre 1915, devan\u00e7ant l&#8217;appel de sa classe, pour venger la mort de son oncle et parrain Jean Matthieu Gaudy (mon grand-p\u00e8re), tomb\u00e9 en septembre 1914 \u00e0 la ferme de Maison-Rouge. Pendant toute la dur\u00e9e du conflit, il va \u00e9crire, presque [&hellip;]<\/p>\n","protected":false},"featured_media":24157,"template":"","meta":{"_acf_changed":false,"_genesis_hide_title":false,"_genesis_hide_breadcrumbs":false,"_genesis_hide_singular_image":false,"_genesis_hide_footer_widgets":false,"_genesis_custom_body_class":"","_genesis_custom_post_class":"","_genesis_layout":""},"product_brand":[],"product_cat":[7133,7149,7157],"product_tag":[],"class_list":{"0":"post-24156","1":"product","2":"type-product","3":"status-publish","4":"has-post-thumbnail","6":"product_cat-libres-oc","7":"product_cat-istoria-geografia-oc","8":"product_cat-istoria-generala-oc","9":"pa_auteur-gaudy-georges-oc","10":"pa_editeur-lemouzi-oc","11":"pa_langue-francais-oc","12":"entry","14":"first","15":"instock","16":"shipping-taxable","17":"purchasable","18":"product-type-simple"},"acf":[],"_links":{"self":[{"href":"https:\/\/www.libraria-occitana.org\/oc\/wp-json\/wp\/v2\/product\/24156","targetHints":{"allow":["GET"]}}],"collection":[{"href":"https:\/\/www.libraria-occitana.org\/oc\/wp-json\/wp\/v2\/product"}],"about":[{"href":"https:\/\/www.libraria-occitana.org\/oc\/wp-json\/wp\/v2\/types\/product"}],"wp:featuredmedia":[{"embeddable":true,"href":"https:\/\/www.libraria-occitana.org\/oc\/wp-json\/wp\/v2\/media\/24157"}],"wp:attachment":[{"href":"https:\/\/www.libraria-occitana.org\/oc\/wp-json\/wp\/v2\/media?parent=24156"}],"wp:term":[{"taxonomy":"product_brand","embeddable":true,"href":"https:\/\/www.libraria-occitana.org\/oc\/wp-json\/wp\/v2\/product_brand?post=24156"},{"taxonomy":"product_cat","embeddable":true,"href":"https:\/\/www.libraria-occitana.org\/oc\/wp-json\/wp\/v2\/product_cat?post=24156"},{"taxonomy":"product_tag","embeddable":true,"href":"https:\/\/www.libraria-occitana.org\/oc\/wp-json\/wp\/v2\/product_tag?post=24156"}],"curies":[{"name":"wp","href":"https:\/\/api.w.org\/{rel}","templated":true}]}}