{"id":24162,"date":"2015-09-01T13:17:22","date_gmt":"2015-09-01T12:17:22","guid":{"rendered":"http:\/\/www.libraria-occitana.org\/all-products\/le-perigord-de-laiguiere-au-zinzolin?lang=oc"},"modified":"2026-04-15T00:51:42","modified_gmt":"2026-04-14T22:51:42","slug":"le-perigord-de-laiguiere-au-zinzolin","status":"publish","type":"product","link":"https:\/\/www.libraria-occitana.org\/oc\/produch\/le-perigord-de-laiguiere-au-zinzolin\/","title":{"rendered":"Le P\u00e9rigord, de l&#8217;aigui\u00e8re au zinzolin"},"content":{"rendered":"<p>D&#8217;Abjat \u00e0 Vitrac et de l&#8217;aigui\u00e8re au zinzolin, cet ouvrage nous emporte aux quatre coins du P\u00e9rigord \u00e0 travers trois si\u00e8cles et demi d&#8217;histoire locale. La transcription, puis l&#8217;\u00e9tude de plus de cent documents d&#8217;archives ont servi de mati\u00e8re premi\u00e8re. L&#8217;auteur, Monique Bourg\u00e8s Audivert propose ainsi de visiter avec pr\u00e9cision, \u00e0 partir des 1200 d\u00e9nominations recens\u00e9es, l&#8217;int\u00e9rieur des maisons p\u00e9rigordines et leurs d\u00e9pendances, du plus petit recoin aux chambres, de la cuisine au grenier, de la cave aux granges. Le mobilier, les ustensiles, les outils et les v\u00eatements retrouv\u00e9s composent un tableau vivace du cadre de vie, des objets et des gestes quotidiens des P\u00e9rigordins.<\/p>\n<p>Parall\u00e8lement, cette collecte abondamment illustr\u00e9e montre la pr\u00e9gnance de la langue occitane dans la vie quotidienne, jusque dans les actes dress\u00e9s par le notaire ou le juge.<\/p>\n","protected":false},"excerpt":{"rendered":"<p>D&#8217;Abjat \u00e0 Vitrac et de l&#8217;aigui\u00e8re au zinzolin, cet ouvrage nous emporte aux quatre coins du P\u00e9rigord \u00e0 travers trois si\u00e8cles et demi d&#8217;histoire locale. La transcription, puis l&#8217;\u00e9tude de plus de cent documents d&#8217;archives ont servi de mati\u00e8re premi\u00e8re. L&#8217;auteur, Monique Bourg\u00e8s Audivert propose ainsi de visiter avec pr\u00e9cision, \u00e0 partir des 1200 d\u00e9nominations [&hellip;]<\/p>\n","protected":false},"featured_media":24163,"template":"","meta":{"_acf_changed":false,"_genesis_hide_title":false,"_genesis_hide_breadcrumbs":false,"_genesis_hide_singular_image":false,"_genesis_hide_footer_widgets":false,"_genesis_custom_body_class":"","_genesis_custom_post_class":"","_genesis_layout":""},"product_brand":[],"product_cat":[7133,7213,7207],"product_tag":[],"class_list":{"0":"post-24162","1":"product","2":"type-product","3":"status-publish","4":"has-post-thumbnail","6":"product_cat-libres-oc","7":"product_cat-metiers-saubre-far-oc","8":"product_cat-tradicions-patrimoni-oc","9":"pa_auteur-bourges-audivert-monique-oc","10":"pa_editeur-les-editions-du-perce-oreille-oc","11":"pa_langue-francais-oc","12":"entry","14":"first","15":"outofstock","16":"shipping-taxable","17":"purchasable","18":"product-type-simple"},"acf":[],"_links":{"self":[{"href":"https:\/\/www.libraria-occitana.org\/oc\/wp-json\/wp\/v2\/product\/24162","targetHints":{"allow":["GET"]}}],"collection":[{"href":"https:\/\/www.libraria-occitana.org\/oc\/wp-json\/wp\/v2\/product"}],"about":[{"href":"https:\/\/www.libraria-occitana.org\/oc\/wp-json\/wp\/v2\/types\/product"}],"wp:featuredmedia":[{"embeddable":true,"href":"https:\/\/www.libraria-occitana.org\/oc\/wp-json\/wp\/v2\/media\/24163"}],"wp:attachment":[{"href":"https:\/\/www.libraria-occitana.org\/oc\/wp-json\/wp\/v2\/media?parent=24162"}],"wp:term":[{"taxonomy":"product_brand","embeddable":true,"href":"https:\/\/www.libraria-occitana.org\/oc\/wp-json\/wp\/v2\/product_brand?post=24162"},{"taxonomy":"product_cat","embeddable":true,"href":"https:\/\/www.libraria-occitana.org\/oc\/wp-json\/wp\/v2\/product_cat?post=24162"},{"taxonomy":"product_tag","embeddable":true,"href":"https:\/\/www.libraria-occitana.org\/oc\/wp-json\/wp\/v2\/product_tag?post=24162"}],"curies":[{"name":"wp","href":"https:\/\/api.w.org\/{rel}","templated":true}]}}