{"id":24166,"date":"2015-08-23T07:56:09","date_gmt":"2015-08-23T05:56:09","guid":{"rendered":"http:\/\/www.libraria-occitana.org\/all-products\/4-ans-de-lutte-sur-le-sol-limousin?lang=oc"},"modified":"2024-07-04T00:02:10","modified_gmt":"2024-07-03T22:02:10","slug":"4-ans-de-lutte-sur-le-sol-limousin","status":"publish","type":"product","link":"https:\/\/www.libraria-occitana.org\/oc\/produch\/4-ans-de-lutte-sur-le-sol-limousin\/","title":{"rendered":"4 ans de lutte sur le sol limousin"},"content":{"rendered":"<p>\u00ab\u00a0De 1940 \u00e0 1942, Georges Guingouin a \u00e9t\u00e9 le &#8220;Hors-la-loi&#8221;, l&#8217;incarnation de la r\u00e9sistance civile en Limousin. Les condamnations aux travaux forc\u00e9s &#8211; une \u00e0 perp\u00e9tuit\u00e9, puis deux autres de 20 ans &#8211; t\u00e9moignent de l&#8217;obstination des tribunaux de Vichy \u00e0 se d\u00e9barrasser de cet adversaire.<br \/>\nEn 1942, il organise les premiers \u00e9l\u00e9ments du maquis du Limousin qui allait tr\u00e8s vite devenir un des premiers de France, le plus redout\u00e9 de la police de Laval et de Darnand, celui sur lequel les miliciens et les Allemands allaient s&#8217;acharner vainement.<br \/>\nPour la p\u00e9riode historique 1942-1944, il est difficile de faire un choix parmi les innombrables faits d&#8217;armes du lieutenant-colonel Guingouin. Chef et soldat, il a particip\u00e9 \u00e0 la t\u00eate de ses troupes \u00e0 tous les coups de main, \u00e0 toutes les embuscades p\u00e9rilleuses, non seulement dans son secteur, mais \u00e9galement et \u00e0 maintes reprises loin de sa zone d&#8217;habitation habituelle. Pendant la bataille du mont Gargan, du 17 au 24 juillet 1944, il a donn\u00e9, \u00e0 chaque instant, le plus magnifique exemple d&#8217;h\u00e9ro\u00efsme, de ma\u00eetrise de soi, au m\u00e9pris le plus total de la mort.<br \/>\nExtraordinaire entra\u00eeneur d&#8217;hommes que son exemple galvanise, le lieutenant-colonel Guingouin constitue une des plus belles figures de la R\u00e9sistance. \u00bb<\/p>\n<p style=\"text-align: right;\"><em>Citation \u00e0 l&#8217;ordre de la Lib\u00e9ration<\/em><\/p>\n","protected":false},"excerpt":{"rendered":"<p>\u00ab\u00a0De 1940 \u00e0 1942, Georges Guingouin a \u00e9t\u00e9 le &#8220;Hors-la-loi&#8221;, l&#8217;incarnation de la r\u00e9sistance civile en Limousin. Les condamnations aux travaux forc\u00e9s &#8211; une \u00e0 perp\u00e9tuit\u00e9, puis deux autres de 20 ans &#8211; t\u00e9moignent de l&#8217;obstination des tribunaux de Vichy \u00e0 se d\u00e9barrasser de cet adversaire. En 1942, il organise les premiers \u00e9l\u00e9ments du maquis [&hellip;]<\/p>\n","protected":false},"featured_media":24167,"template":"","meta":{"_acf_changed":false,"_genesis_hide_title":false,"_genesis_hide_breadcrumbs":false,"_genesis_hide_singular_image":false,"_genesis_hide_footer_widgets":false,"_genesis_custom_body_class":"","_genesis_custom_post_class":"","_genesis_layout":""},"product_brand":[],"product_cat":[7159,7149,7133],"product_tag":[],"class_list":{"0":"post-24166","1":"product","2":"type-product","3":"status-publish","4":"has-post-thumbnail","6":"product_cat-istoria-moderna-e-contemporala-oc","7":"product_cat-istoria-geografia-oc","8":"product_cat-libres-oc","9":"pa_auteur-guingouin-georges-oc","10":"pa_editeur-le-puy-fraud-oc","11":"pa_langue-francais-oc","12":"entry","14":"first","15":"outofstock","16":"shipping-taxable","17":"purchasable","18":"product-type-simple"},"acf":[],"_links":{"self":[{"href":"https:\/\/www.libraria-occitana.org\/oc\/wp-json\/wp\/v2\/product\/24166","targetHints":{"allow":["GET"]}}],"collection":[{"href":"https:\/\/www.libraria-occitana.org\/oc\/wp-json\/wp\/v2\/product"}],"about":[{"href":"https:\/\/www.libraria-occitana.org\/oc\/wp-json\/wp\/v2\/types\/product"}],"wp:featuredmedia":[{"embeddable":true,"href":"https:\/\/www.libraria-occitana.org\/oc\/wp-json\/wp\/v2\/media\/24167"}],"wp:attachment":[{"href":"https:\/\/www.libraria-occitana.org\/oc\/wp-json\/wp\/v2\/media?parent=24166"}],"wp:term":[{"taxonomy":"product_brand","embeddable":true,"href":"https:\/\/www.libraria-occitana.org\/oc\/wp-json\/wp\/v2\/product_brand?post=24166"},{"taxonomy":"product_cat","embeddable":true,"href":"https:\/\/www.libraria-occitana.org\/oc\/wp-json\/wp\/v2\/product_cat?post=24166"},{"taxonomy":"product_tag","embeddable":true,"href":"https:\/\/www.libraria-occitana.org\/oc\/wp-json\/wp\/v2\/product_tag?post=24166"}],"curies":[{"name":"wp","href":"https:\/\/api.w.org\/{rel}","templated":true}]}}