{"id":24170,"date":"2015-08-01T20:41:40","date_gmt":"2015-08-01T18:41:40","guid":{"rendered":"http:\/\/www.libraria-occitana.org\/all-products\/daus-vistons-dins-la-nuech?lang=oc"},"modified":"2026-04-29T00:46:45","modified_gmt":"2026-04-28T22:46:45","slug":"daus-vistons-dins-la-nuech","status":"publish","type":"product","link":"https:\/\/www.libraria-occitana.org\/oc\/produch\/daus-vistons-dins-la-nuech\/","title":{"rendered":"Daus vistons dins la nuech"},"content":{"rendered":"<p>\u00ab Aqueste c\u00f2p, sentiguet una pres\u00e9ncia. S&#8217;aplantet. Se reviret do\u00e7ament, lo gorjarel sec.<br \/>\nTeni\u00e1 a doas mans sa gr\u00f2ssa cana d&#8217;agrafuelh que semblava mai un bon baston qu&#8217;una cana e, de tant era segur que totas &#8216;quelas &#8220;aparicions&#8221; eron mai las de coquins que non pas de b\u00e8stias subrenaturalas, se disi\u00e1 : &#8220;Vas veire, lo leberon ! Vas veire tas c\u00f2stas, per mon arma&#8230;&#8221;<br \/>\nMas en f\u00e0cia de se, &#8216;quo era pas lo leberon, nimai quauque goiat emamiraunat&#8230; &#8216;Quo era un lop. \u00bb<\/p>\n<p><em>Daus vistons dins la nuech<\/em> (Des yeux dans la nuit, ou litt\u00e9ralement, Des pupilles dans la nuit) est un recueil de douze nouvelles in\u00e9dites \u00e9crites en occitan.<\/p>\n<p>Impr\u00e9gn\u00e9es par la nature anciennement model\u00e9e par l\u2019homme mais toujours myst\u00e9rieuse des paysages naturels limousins, elles m\u00ealent des situations historiques attest\u00e9es (telles les combats des maquis de la Seconde Guerre mondiale) et des itin\u00e9raires personnels fragiles et singuliers.<\/p>\n<p>Elles jouent de cette marge incertaine qui s\u00e9pare et unit la r\u00e9alit\u00e9 et le fantastique, irrationnel et irraisonn\u00e9.<\/p>\n<p><em>Daus vistons dins la nuech<\/em> est le premier recueil de nouvelles occitanes publi\u00e9 par Joan-Peire Lacomba.<\/p>\n","protected":false},"excerpt":{"rendered":"<p>\u00ab Aqueste c\u00f2p, sentiguet una pres\u00e9ncia. S&#8217;aplantet. Se reviret do\u00e7ament, lo gorjarel sec. Teni\u00e1 a doas mans sa gr\u00f2ssa cana d&#8217;agrafuelh que semblava mai un bon baston qu&#8217;una cana e, de tant era segur que totas &#8216;quelas &#8220;aparicions&#8221; eron mai las de coquins que non pas de b\u00e8stias subrenaturalas, se disi\u00e1 : &#8220;Vas veire, lo [&hellip;]<\/p>\n","protected":false},"featured_media":24171,"template":"","meta":{"_acf_changed":false,"_genesis_hide_title":false,"_genesis_hide_breadcrumbs":false,"_genesis_hide_singular_image":false,"_genesis_hide_footer_widgets":false,"_genesis_custom_body_class":"","_genesis_custom_post_class":"","_genesis_layout":""},"product_brand":[],"product_cat":[7133,7175,7183],"product_tag":[],"class_list":{"0":"post-24170","1":"product","2":"type-product","3":"status-publish","4":"has-post-thumbnail","6":"product_cat-libres-oc","7":"product_cat-literatura-oc","8":"product_cat-romans-novelas-oc","9":"pa_auteur-lacombe-jean-pierre-fr-oc","10":"pa_editeur-letras-doc-oc","11":"pa_langue-occitan-oc","12":"pa_langue-occitan-lemosin-oc","13":"entry","15":"first","16":"instock","17":"shipping-taxable","18":"purchasable","19":"product-type-simple"},"acf":[],"_links":{"self":[{"href":"https:\/\/www.libraria-occitana.org\/oc\/wp-json\/wp\/v2\/product\/24170","targetHints":{"allow":["GET"]}}],"collection":[{"href":"https:\/\/www.libraria-occitana.org\/oc\/wp-json\/wp\/v2\/product"}],"about":[{"href":"https:\/\/www.libraria-occitana.org\/oc\/wp-json\/wp\/v2\/types\/product"}],"wp:featuredmedia":[{"embeddable":true,"href":"https:\/\/www.libraria-occitana.org\/oc\/wp-json\/wp\/v2\/media\/24171"}],"wp:attachment":[{"href":"https:\/\/www.libraria-occitana.org\/oc\/wp-json\/wp\/v2\/media?parent=24170"}],"wp:term":[{"taxonomy":"product_brand","embeddable":true,"href":"https:\/\/www.libraria-occitana.org\/oc\/wp-json\/wp\/v2\/product_brand?post=24170"},{"taxonomy":"product_cat","embeddable":true,"href":"https:\/\/www.libraria-occitana.org\/oc\/wp-json\/wp\/v2\/product_cat?post=24170"},{"taxonomy":"product_tag","embeddable":true,"href":"https:\/\/www.libraria-occitana.org\/oc\/wp-json\/wp\/v2\/product_tag?post=24170"}],"curies":[{"name":"wp","href":"https:\/\/api.w.org\/{rel}","templated":true}]}}