{"id":24182,"date":"2015-07-17T19:11:31","date_gmt":"2015-07-17T18:11:31","guid":{"rendered":"http:\/\/www.libraria-occitana.org\/all-products\/dancatz-project-lo-viatge-de-piu-piu?lang=oc"},"modified":"2026-04-29T05:26:11","modified_gmt":"2026-04-29T03:26:11","slug":"dancatz-project-lo-viatge-de-piu-piu","status":"publish","type":"product","link":"https:\/\/www.libraria-occitana.org\/oc\/produch\/dancatz-project-lo-viatge-de-piu-piu\/","title":{"rendered":"Dan\u00e7atz proj\u00e8ct : Lo viatge de Piu-Piu"},"content":{"rendered":"<p><strong>Bernard Cauhap\u00e9 :<\/strong> Conte<br \/>\n<strong>Claude Ribouillault :<\/strong> Dessins et illustrations<br \/>\n<strong>Guillaume Lopez :<\/strong> Directeur Artistique<br \/>\n<strong>Jean-Michel Espinasse :<\/strong> R\u00e9f\u00e9rent p\u00e9dagogique<\/p>\n<p>Ce conte musical est destin\u00e9 \u00e0 la sensibilisation aux danses des Pays d&#8217;oc.<br \/>\nLe voyage de Piu-Piu m\u00e8ne notre jeune h\u00e9ros, dans quelques coins des Pays d&#8217;Oc.<br \/>\nPourquoi un conte dans une production pour danser ?<br \/>\nDans la culture occitane, comme dans de nombreuses cultures, la transmission orale est pr\u00e9dominante et de m\u00eame que le conte peut \u00eatre initiatique, il peut structurer le temps et l&#8217;espace, ouvrir les oreilles et les esprits.<br \/>\nEntre r\u00e9pertoire traditionnel et compositions originales, les musiques que vous entendrez ont \u00e9t\u00e9 choisies avec soin de valoriser la dansabilit\u00e9.<br \/>\nLes textes propos\u00e9s, d&#8217;\u00e9criture actuelle, proposent la riche palette phonologique de l&#8217;occitan et permettent l&#8217;entr\u00e9e dans la langue ou son approfondissement.<br \/>\nLes couleurs des arrangements musicaux ou les langues pr\u00e9sentes dans ce disque refl\u00e8tent la richesse des artistes du CAMOM (Collectif Artistique et Musical Occitanie M\u00e9diterran\u00e9e). La culture occitane a toujours \u00e9t\u00e9 une culture d&#8217;ouverture et d&#8217;\u00e9changes. En aucun cas elle ne peut servir d&#8217;alibi \u00e0 un repli identitaire et au rejet de l&#8217;Autre.<\/p>\n<p><strong>Titres :<\/strong><br \/>\n1. Carnaval es arribat (farandole) 2&#8217;00&#8221;<br \/>\n2. Carnaval es arribat (farandole) 1&#8217;00&#8221;<br \/>\n3. La Thoux\u00e9enne (scottish) 3&#8217;14&#8221;<br \/>\n4. Ve petit (marin cong\u00f2) 2&#8217;53&#8221;<br \/>\n5. Lo merle \/ Lo rainal e lo merle (polka piqu\u00e9e) 2&#8217;59&#8221;<br \/>\n6. La ronda de sasons (ronde du Quercy) 3&#8217;32&#8221;<br \/>\n7. Lo carilhon 2&#8217;38&#8221;<br \/>\n8. Aqu\u00f2 cada n\u00e8it \/ M\u2019an dit Martin (bourr\u00e9es d\u2019Auvergne) 3&#8217;53&#8221;<br \/>\n9. Lo Lobeton (pas du loup) 3&#8217;04&#8221;<br \/>\n10. Viva l\u2019enf\u00e0ncia (cercle circassien) 3&#8217;01&#8221;<br \/>\n11. Joan Petit que dan\u00e7a 2&#8217;52&#8221;<br \/>\n12. Lo p\u00e8 la man 2&#8217;36&#8221;<br \/>\n13. La giga 1&#8217;50&#8221;<br \/>\n14. Lo viatge de Piu Piu (rondeau en cha\u00eene) 3&#8217;03&#8221;<br \/>\n15. Le voyage de Piou Piou (conte en fran\u00e7ais) 13&#8217;29&#8221;<br \/>\n16. Le voyage de Piu Piu (conte en occitan) 15&#8217;20&#8221;<\/p>\n","protected":false},"excerpt":{"rendered":"<p>Bernard Cauhap\u00e9 : Conte Claude Ribouillault : Dessins et illustrations Guillaume Lopez : Directeur Artistique Jean-Michel Espinasse : R\u00e9f\u00e9rent p\u00e9dagogique Ce conte musical est destin\u00e9 \u00e0 la sensibilisation aux danses des Pays d&#8217;oc. Le voyage de Piu-Piu m\u00e8ne notre jeune h\u00e9ros, dans quelques coins des Pays d&#8217;Oc. Pourquoi un conte dans une production pour danser [&hellip;]<\/p>\n","protected":false},"featured_media":24183,"template":"","meta":{"_acf_changed":false,"_genesis_hide_title":false,"_genesis_hide_breadcrumbs":false,"_genesis_hide_singular_image":false,"_genesis_hide_footer_widgets":false,"_genesis_custom_body_class":"","_genesis_custom_post_class":"","_genesis_layout":""},"product_brand":[],"product_cat":[7223,16683],"product_tag":[],"class_list":{"0":"post-24182","1":"product","2":"type-product","3":"status-publish","4":"has-post-thumbnail","6":"product_cat-jounessa-oc","7":"product_cat-musica-oc","8":"pa_auteur-compagnie-guillaume-lopez-oc","9":"pa_editeur-c-a-m-o-m-oc","10":"pa_langue-occitan-lengadocian-oc","11":"pa_langue-occitan-francais-oc","12":"entry","14":"first","15":"outofstock","16":"shipping-taxable","17":"purchasable","18":"product-type-simple"},"acf":[],"_links":{"self":[{"href":"https:\/\/www.libraria-occitana.org\/oc\/wp-json\/wp\/v2\/product\/24182","targetHints":{"allow":["GET"]}}],"collection":[{"href":"https:\/\/www.libraria-occitana.org\/oc\/wp-json\/wp\/v2\/product"}],"about":[{"href":"https:\/\/www.libraria-occitana.org\/oc\/wp-json\/wp\/v2\/types\/product"}],"wp:featuredmedia":[{"embeddable":true,"href":"https:\/\/www.libraria-occitana.org\/oc\/wp-json\/wp\/v2\/media\/24183"}],"wp:attachment":[{"href":"https:\/\/www.libraria-occitana.org\/oc\/wp-json\/wp\/v2\/media?parent=24182"}],"wp:term":[{"taxonomy":"product_brand","embeddable":true,"href":"https:\/\/www.libraria-occitana.org\/oc\/wp-json\/wp\/v2\/product_brand?post=24182"},{"taxonomy":"product_cat","embeddable":true,"href":"https:\/\/www.libraria-occitana.org\/oc\/wp-json\/wp\/v2\/product_cat?post=24182"},{"taxonomy":"product_tag","embeddable":true,"href":"https:\/\/www.libraria-occitana.org\/oc\/wp-json\/wp\/v2\/product_tag?post=24182"}],"curies":[{"name":"wp","href":"https:\/\/api.w.org\/{rel}","templated":true}]}}