{"id":24190,"date":"2015-07-17T19:19:51","date_gmt":"2015-07-17T17:19:51","guid":{"rendered":"http:\/\/www.libraria-occitana.org\/all-products\/la-bourree-a-regis?lang=oc"},"modified":"2026-04-25T03:06:10","modified_gmt":"2026-04-25T01:06:10","slug":"la-bourree-a-regis","status":"publish","type":"product","link":"https:\/\/www.libraria-occitana.org\/oc\/produch\/la-bourree-a-regis\/","title":{"rendered":"La bourr\u00e9e \u00e0 R\u00e9gis"},"content":{"rendered":"<p><strong>Claude Quintard :<\/strong> Accorde\u0301on chromatique<br \/>\n<strong>Michel Esbelin :<\/strong> Cabrette<\/p>\n<p>Claude Quintard et Michel Esbelin, c&#8217;est une histoire de rencontres. La leur, bien s\u00fbr, sous les auspices de deux vrais bougnats parisiens, Cathy et Daniel Vidalenc, anciens tenanciers du R\u00e9veil du X\u00b0, et, pour Daniel, cabreta\u00efre. Celle de deux milieux que l&#8217;amour de cet instrument et de sa musique, au-del\u00e0 des diff\u00e9rences, et, parfois, des antagonismes, ont fini par se rejoindre : Michel, le \u00ab folkeux \u00bb des ann\u00e9es 1980, et Claude, enfant de la balle, lui-m\u00eame n\u00e9 dans une famille de cafetiers, accord\u00e9onistes, cabreta\u00efres &#8211; le livret qui accompagne ce disque est un vrai album de famille ! Et c&#8217;est bien s\u00fbr aussi l&#8217;histoire de la rencontre de ces deux instruments, la cabrette et le chromatique, qui a donn\u00e9 naissance \u00e0 ce style, \u00e0 cette \u00ab musique d&#8217;Auvergne \u00bb. \u00c0 travers un r\u00e9pertoire alliant titres traditionnels, titres compos\u00e9s par les grands ma\u00eetres anciens, et quelques-uns de leur cru, Claude et Michel ont souhait\u00e9 rendre hommage aux nombreux musiciens de talent connus ou anonymes qui ont fait la richesse de cette tradition.<\/p>\n<p>Traditionnel : Auvergne (14 titres) ; Standards auvergnats : Pierre Ladonne p\u00e8re (1 titre), Pierre Ladonne fils (3 titres) ; Jean Vaissade (2 titres) ; Jean S\u00e9gurel (1 titre), Jean Pons (1 titre), Georges Cantournet (2 titre), Ren\u00e9 R\u00e9gis (1 titre) ; compositions : Michel Esbelin (3 titres), Claude Quintard (1 titre).<br \/>\nLivret 20 pages. Indication des sources. Nombreuses illustrations.<\/p>\n<p><strong>Titres :<\/strong><br \/>\n1. Fauvette et pinson (Pierre Ladonne) &#8211; valse 2&#8217;54<br \/>\n2. Ma petite bourr\u00e9e (Jean Vaissade) &#8211; bourr\u00e9e 1&#8217;47<br \/>\n3. La Bourr\u00e9e d\u2019Escudi\u00e8res (Jean Pons) &#8211; bourr\u00e9e 1&#8217;47<br \/>\n4. L\u2019Inconnue (Pierre Ladonne p\u00e8re) &#8211; mazurka 2&#8217;08<br \/>\n5. Le pas du loup (traditionnel) &#8211; scottisch 2&#8217;06<br \/>\n6. La Bourr\u00e9e d\u2019Alleuze (Claude Quintard) &#8211; bourr\u00e9e 1\u201949<br \/>\n7. Lo fillio do l\u2019escloupier (Georges Cantournet) &#8211; bourr\u00e9e 1\u201949<br \/>\n8. La Valse en mineur d\u2019Antoine Bouscatel (traditionnel) &#8211; valse 2\u201921<br \/>\n9. Polkas piqu\u00e9es (traditionnel) &#8211; polkas 2\u201920<br \/>\n10. La Segonzatoise (Michel Esbelin) &#8211; bourr\u00e9e 1\u201950<br \/>\n11. La Bourr\u00e9e du R\u00e9veil (Michel Esbelin) &#8211; bourr\u00e9e 1\u201950<br \/>\n12. La Tusto Barto (Pierre Ladonne) &#8211; scottisch 2\u201906<br \/>\n13. La Montagnarde, Montagnarde de Saint-Nectaire, Montagnarde de Latour (traditionnel) &#8211; bourr\u00e9es 2\u201940<br \/>\n14. Ma Marissou (traditionnel) &#8211; mazurka 1\u201941<br \/>\n15. Le Buron du Ch\u00e9 (Michel Esbelin) &#8211; bourr\u00e9e 1\u201948<br \/>\n16. La Bourr\u00e9e \u00e0 R\u00e9gis (Ren\u00e9 R\u00e9gis) &#8211; bourr\u00e9e 1\u201940<br \/>\n17. La Varsovienne (traditionnel), Plaio Mariano (Pierre Ladonne) &#8211; mazurkas 1\u201949<br \/>\n18. La Gastalette, Ami mon bel ami, Rosette se marie, Toujours la vieille crie et La Yoyette (traditionnel) &#8211; marches 2&#8217;42<br \/>\n19. Dans mon jardin (traditionnel) &#8211; valse 1&#8217;38<br \/>\n20. La Bourr\u00e9e d\u2019Av\u00e8ze (Jean Vaissade, Jean S\u00e9gurel) &#8211; bourr\u00e9e 1&#8217;47<br \/>\n21. Lou Capelou del Baptistou (Georges Cantournet) &#8211; bourr\u00e9e 1&#8217;51<\/p>\n","protected":false},"excerpt":{"rendered":"<p>Claude Quintard : Accorde\u0301on chromatique Michel Esbelin : Cabrette Claude Quintard et Michel Esbelin, c&#8217;est une histoire de rencontres. La leur, bien s\u00fbr, sous les auspices de deux vrais bougnats parisiens, Cathy et Daniel Vidalenc, anciens tenanciers du R\u00e9veil du X\u00b0, et, pour Daniel, cabreta\u00efre. Celle de deux milieux que l&#8217;amour de cet instrument et [&hellip;]<\/p>\n","protected":false},"featured_media":24191,"template":"","meta":{"_acf_changed":false,"_genesis_hide_title":false,"_genesis_hide_breadcrumbs":false,"_genesis_hide_singular_image":false,"_genesis_hide_footer_widgets":false,"_genesis_custom_body_class":"","_genesis_custom_post_class":"","_genesis_layout":""},"product_brand":[],"product_cat":[16683,7229],"product_tag":[],"class_list":{"0":"post-24190","1":"product","2":"type-product","3":"status-publish","4":"has-post-thumbnail","6":"product_cat-musica-oc","7":"product_cat-novela-tradicion-oc","8":"pa_auteur-esbelin-michel-oc","9":"pa_auteur-quintard-claude-oc","10":"pa_editeur-aepem-oc","11":"pa_langue-francais-oc","12":"entry","14":"first","15":"outofstock","16":"shipping-taxable","17":"purchasable","18":"product-type-simple"},"acf":[],"_links":{"self":[{"href":"https:\/\/www.libraria-occitana.org\/oc\/wp-json\/wp\/v2\/product\/24190","targetHints":{"allow":["GET"]}}],"collection":[{"href":"https:\/\/www.libraria-occitana.org\/oc\/wp-json\/wp\/v2\/product"}],"about":[{"href":"https:\/\/www.libraria-occitana.org\/oc\/wp-json\/wp\/v2\/types\/product"}],"wp:featuredmedia":[{"embeddable":true,"href":"https:\/\/www.libraria-occitana.org\/oc\/wp-json\/wp\/v2\/media\/24191"}],"wp:attachment":[{"href":"https:\/\/www.libraria-occitana.org\/oc\/wp-json\/wp\/v2\/media?parent=24190"}],"wp:term":[{"taxonomy":"product_brand","embeddable":true,"href":"https:\/\/www.libraria-occitana.org\/oc\/wp-json\/wp\/v2\/product_brand?post=24190"},{"taxonomy":"product_cat","embeddable":true,"href":"https:\/\/www.libraria-occitana.org\/oc\/wp-json\/wp\/v2\/product_cat?post=24190"},{"taxonomy":"product_tag","embeddable":true,"href":"https:\/\/www.libraria-occitana.org\/oc\/wp-json\/wp\/v2\/product_tag?post=24190"}],"curies":[{"name":"wp","href":"https:\/\/api.w.org\/{rel}","templated":true}]}}