{"id":24208,"date":"2015-12-17T19:50:11","date_gmt":"2015-12-17T18:50:11","guid":{"rendered":"http:\/\/www.libraria-occitana.org\/all-products\/en-lemosin-coffret-2-2-dvd?lang=oc"},"modified":"2026-04-29T04:36:32","modified_gmt":"2026-04-29T02:36:32","slug":"en-lemosin-coffret-2-2-dvd","status":"publish","type":"product","link":"https:\/\/www.libraria-occitana.org\/oc\/produch\/en-lemosin-coffret-2-2-dvd\/","title":{"rendered":"En Lemosin : Coffret 2 (2 DVD)"},"content":{"rendered":"<p><strong>[oc]<\/strong><br \/>\n7 filmes de la seria document\u00e0ria <em>En Lemosin<\/em>.<br \/>\nLibreton emb los resumats en franc\u00e9s.<\/p>\n<p><strong>[fr]<\/strong><br \/>\n7 films de la s\u00e9rie documentaire <em>En Lemosin<\/em> (en Limousin).<br \/>\nLivret avec les r\u00e9sum\u00e9s en fran\u00e7ais.<\/p>\n<p>&#8211; La cidraria de la Teul\u00edera &#8211; La cidrerie de la Tuilerie<br \/>\n&#8211; Lu pa\u00eds de las bonas fonts &#8211; Le pays des bonnes fontaines<br \/>\n&#8211; Devocions a sent Eutr\u00f2pi &#8211; D\u00e9votions \u00e0 Saint Eutrope<br \/>\n&#8211; Marcel dins son vargier &#8211; Marcel en son jardin<br \/>\n&#8211; Meras en campanha &#8211; Meras en campanha<br \/>\n&#8211; Le bolanger de Sant-Prict &#8211; Le boulanger de Saint-Priest-la-Plaine<br \/>\n&#8211; Lu doien de Sent-Aforian &#8211; Le doyen de Saint-Symphorien-sur-Couze<\/p>\n","protected":false},"excerpt":{"rendered":"<p>[oc] 7 filmes de la seria document\u00e0ria En Lemosin. Libreton emb los resumats en franc\u00e9s. [fr] 7 films de la s\u00e9rie documentaire En Lemosin (en Limousin). Livret avec les r\u00e9sum\u00e9s en fran\u00e7ais. &#8211; La cidraria de la Teul\u00edera &#8211; La cidrerie de la Tuilerie &#8211; Lu pa\u00eds de las bonas fonts &#8211; Le pays des [&hellip;]<\/p>\n","protected":false},"featured_media":24209,"template":"","meta":{"_acf_changed":false,"_genesis_hide_title":false,"_genesis_hide_breadcrumbs":false,"_genesis_hide_singular_image":false,"_genesis_hide_footer_widgets":false,"_genesis_custom_body_class":"","_genesis_custom_post_class":"","_genesis_layout":""},"product_brand":[],"product_cat":[7242,7240],"product_tag":[],"class_list":{"0":"post-24208","1":"product","2":"type-product","3":"status-publish","4":"has-post-thumbnail","6":"product_cat-documentari-oc","7":"product_cat-video-oc","8":"pa_auteur-ieo-lemosin-fr-oc","9":"pa_editeur-ieo-lemosin-oc","10":"pa_langue-occitan-lemosin-oc","11":"pa_langue-occitan-francais-oc","12":"entry","14":"first","15":"outofstock","16":"shipping-taxable","17":"purchasable","18":"product-type-simple"},"acf":[],"_links":{"self":[{"href":"https:\/\/www.libraria-occitana.org\/oc\/wp-json\/wp\/v2\/product\/24208","targetHints":{"allow":["GET"]}}],"collection":[{"href":"https:\/\/www.libraria-occitana.org\/oc\/wp-json\/wp\/v2\/product"}],"about":[{"href":"https:\/\/www.libraria-occitana.org\/oc\/wp-json\/wp\/v2\/types\/product"}],"wp:featuredmedia":[{"embeddable":true,"href":"https:\/\/www.libraria-occitana.org\/oc\/wp-json\/wp\/v2\/media\/24209"}],"wp:attachment":[{"href":"https:\/\/www.libraria-occitana.org\/oc\/wp-json\/wp\/v2\/media?parent=24208"}],"wp:term":[{"taxonomy":"product_brand","embeddable":true,"href":"https:\/\/www.libraria-occitana.org\/oc\/wp-json\/wp\/v2\/product_brand?post=24208"},{"taxonomy":"product_cat","embeddable":true,"href":"https:\/\/www.libraria-occitana.org\/oc\/wp-json\/wp\/v2\/product_cat?post=24208"},{"taxonomy":"product_tag","embeddable":true,"href":"https:\/\/www.libraria-occitana.org\/oc\/wp-json\/wp\/v2\/product_tag?post=24208"}],"curies":[{"name":"wp","href":"https:\/\/api.w.org\/{rel}","templated":true}]}}