{"id":24212,"date":"2015-12-17T19:48:09","date_gmt":"2015-12-17T18:48:09","guid":{"rendered":"http:\/\/www.libraria-occitana.org\/all-products\/en-lemosin-coffret-1-2-dvd?lang=oc"},"modified":"2026-04-29T04:36:29","modified_gmt":"2026-04-29T02:36:29","slug":"en-lemosin-coffret-1-2-dvd","status":"publish","type":"product","link":"https:\/\/www.libraria-occitana.org\/oc\/produch\/en-lemosin-coffret-1-2-dvd\/","title":{"rendered":"En Lemosin : Coffret 1 (2 DVD)"},"content":{"rendered":"<p><strong>[oc]<\/strong><br \/>\n7 filmes de la seria document\u00e0ria <em>En Lemosin<\/em>.<br \/>\nLibreton emb los resumats en franc\u00e9s.<\/p>\n<p><strong>[fr]<\/strong><br \/>\n7 films de la s\u00e9rie documentaire <em>En Lemosin<\/em> (en Limousin).<br \/>\nLivret avec les r\u00e9sum\u00e9s en fran\u00e7ais.<\/p>\n<p>&#8211; Lo truelh d\u2019Arcin &#8211; L&#8217;huilerie d&#8217;Arcy<br \/>\n&#8211; Los palissons de La G\u00f2rce &#8211; Les bannetons de la Gorce<br \/>\n&#8211; \u2019Na jornada a Bornaseu &#8211; Une journ\u00e9e \u00e0 Bournazeau<br \/>\n&#8211; Lu vin de Vernuelh &#8211; Le vin de Verneuil<br \/>\n&#8211; Los pastis de pomas de Lison &#8211; Le p\u00e2t\u00e9 de pommes de terre<br \/>\n&#8211; Las Pomarterra &#8211; Les pommes de terre de Courieux<br \/>\n&#8211; Au molin de Cor\u00e8u &#8211; Au moulin de Courieux<\/p>\n","protected":false},"excerpt":{"rendered":"<p>[oc] 7 filmes de la seria document\u00e0ria En Lemosin. Libreton emb los resumats en franc\u00e9s. [fr] 7 films de la s\u00e9rie documentaire En Lemosin (en Limousin). Livret avec les r\u00e9sum\u00e9s en fran\u00e7ais. &#8211; Lo truelh d\u2019Arcin &#8211; L&#8217;huilerie d&#8217;Arcy &#8211; Los palissons de La G\u00f2rce &#8211; Les bannetons de la Gorce &#8211; \u2019Na jornada a [&hellip;]<\/p>\n","protected":false},"featured_media":24213,"template":"","meta":{"_acf_changed":false,"_genesis_hide_title":false,"_genesis_hide_breadcrumbs":false,"_genesis_hide_singular_image":false,"_genesis_hide_footer_widgets":false,"_genesis_custom_body_class":"","_genesis_custom_post_class":"","_genesis_layout":""},"product_brand":[],"product_cat":[7242,7240],"product_tag":[],"class_list":{"0":"post-24212","1":"product","2":"type-product","3":"status-publish","4":"has-post-thumbnail","6":"product_cat-documentari-oc","7":"product_cat-video-oc","8":"pa_auteur-ieo-lemosin-fr-oc","9":"pa_editeur-ieo-lemosin-oc","10":"pa_langue-occitan-lemosin-oc","11":"pa_langue-occitan-francais-oc","12":"entry","14":"first","15":"outofstock","16":"shipping-taxable","17":"purchasable","18":"product-type-simple"},"acf":[],"_links":{"self":[{"href":"https:\/\/www.libraria-occitana.org\/oc\/wp-json\/wp\/v2\/product\/24212","targetHints":{"allow":["GET"]}}],"collection":[{"href":"https:\/\/www.libraria-occitana.org\/oc\/wp-json\/wp\/v2\/product"}],"about":[{"href":"https:\/\/www.libraria-occitana.org\/oc\/wp-json\/wp\/v2\/types\/product"}],"wp:featuredmedia":[{"embeddable":true,"href":"https:\/\/www.libraria-occitana.org\/oc\/wp-json\/wp\/v2\/media\/24213"}],"wp:attachment":[{"href":"https:\/\/www.libraria-occitana.org\/oc\/wp-json\/wp\/v2\/media?parent=24212"}],"wp:term":[{"taxonomy":"product_brand","embeddable":true,"href":"https:\/\/www.libraria-occitana.org\/oc\/wp-json\/wp\/v2\/product_brand?post=24212"},{"taxonomy":"product_cat","embeddable":true,"href":"https:\/\/www.libraria-occitana.org\/oc\/wp-json\/wp\/v2\/product_cat?post=24212"},{"taxonomy":"product_tag","embeddable":true,"href":"https:\/\/www.libraria-occitana.org\/oc\/wp-json\/wp\/v2\/product_tag?post=24212"}],"curies":[{"name":"wp","href":"https:\/\/api.w.org\/{rel}","templated":true}]}}