{"id":24218,"date":"2015-12-11T15:15:41","date_gmt":"2015-12-11T14:15:41","guid":{"rendered":"http:\/\/www.libraria-occitana.org\/all-products\/lo-pendentiu-de-kihia-seguit-de-ayo-e-lo-clan-de-las-rochas-verdas?lang=oc"},"modified":"2026-04-29T05:56:15","modified_gmt":"2026-04-29T03:56:15","slug":"lo-pendentiu-de-kihia-seguit-de-ayo-e-lo-clan-de-las-rochas-verdas","status":"publish","type":"product","link":"https:\/\/www.libraria-occitana.org\/oc\/produch\/lo-pendentiu-de-kihia-seguit-de-ayo-e-lo-clan-de-las-rochas-verdas\/","title":{"rendered":"Lo pendentiu de Kihia seguit de Ayo e lo clan de las R\u00f2chas Verdas"},"content":{"rendered":"<p>Una revirada dau <em>Pendentif de Kihia<\/em>, de Michel Piquemal, surtit en 2013 a las Edicions Sedrap Jeunesse.<\/p>\n<p><strong>Lo pendentiu de Kihia<\/strong><br \/>\nDouni es l&#8217;aprendis de Rounah, lo chaman rebotaire dau clan, dont espera mai tard prener la seguida. Mas un jorn, un peciat es menat au Rounah. Douni fai la coneissen\u00e7a de Kihia, la s\u00f2r de la victima. Dins son cur naissen laidonc daus sentiments per la joventa, tot parier promesa ad un cha\u00e7aire dau clan&#8230;<br \/>\nUna aventura au cur dau Paleolitic.<\/p>\n<p><strong>Ayo e lo clan de las R\u00f2chas Verdas<\/strong><br \/>\nLa fin de l&#8217;ivern es pr\u00f2pcha e, coma ela, lo temps dau brave achampament. Los vilatges van se mesurar demest de las espr\u00f2vas de f\u00f2r\u00e7a e d&#8217;agilitat per festejar la ribada de la prima.<br \/>\nLo j\u00f2une Ayo es lo champion de son clan, qu&#8217;espera ben crubir d&#8217;aunor.<br \/>\nSe dobta pas qu&#8217;un clan vesin ten una arma novela, una arma que vai far frotjar sus los seus una terribla mena\u00e7a&#8230;<br \/>\nUna aventura au cur dau Neolitic.<\/p>\n<p>Cicle 3. Libre acompanhat d&#8217;un lexic en liam emb lo peri\u00f2de istoric e d&#8217;un complement istoric que permet aus escoliers de situar lo contexte dau raconte.<\/p>\n","protected":false},"excerpt":{"rendered":"<p>Una revirada dau Pendentif de Kihia, de Michel Piquemal, surtit en 2013 a las Edicions Sedrap Jeunesse. Lo pendentiu de Kihia Douni es l&#8217;aprendis de Rounah, lo chaman rebotaire dau clan, dont espera mai tard prener la seguida. Mas un jorn, un peciat es menat au Rounah. Douni fai la coneissen\u00e7a de Kihia, la s\u00f2r [&hellip;]<\/p>\n","protected":false},"featured_media":17547,"template":"","meta":{"_acf_changed":false,"_genesis_hide_title":false,"_genesis_hide_breadcrumbs":false,"_genesis_hide_singular_image":false,"_genesis_hide_footer_widgets":false,"_genesis_custom_body_class":"","_genesis_custom_post_class":"","_genesis_layout":""},"product_brand":[],"product_cat":[7167,7165,7133],"product_tag":[],"class_list":{"0":"post-24218","1":"product","2":"type-product","3":"status-publish","4":"has-post-thumbnail","6":"product_cat-ados-oc","7":"product_cat-jounessa-bd-umor","8":"product_cat-libres-oc","9":"pa_auteur-piquemal-michel-oc","10":"pa_editeur-canope-editions-oc","11":"pa_illustrateur-mahieu-priscille-oc","12":"pa_illustrateur-peyrouny-martial-oc","13":"pa_langue-occitan-oc","14":"pa_langue-occitan-lemosin-oc","15":"entry","17":"first","18":"instock","19":"shipping-taxable","20":"purchasable","21":"product-type-simple"},"acf":[],"_links":{"self":[{"href":"https:\/\/www.libraria-occitana.org\/oc\/wp-json\/wp\/v2\/product\/24218","targetHints":{"allow":["GET"]}}],"collection":[{"href":"https:\/\/www.libraria-occitana.org\/oc\/wp-json\/wp\/v2\/product"}],"about":[{"href":"https:\/\/www.libraria-occitana.org\/oc\/wp-json\/wp\/v2\/types\/product"}],"wp:featuredmedia":[{"embeddable":true,"href":"https:\/\/www.libraria-occitana.org\/oc\/wp-json\/wp\/v2\/media\/17547"}],"wp:attachment":[{"href":"https:\/\/www.libraria-occitana.org\/oc\/wp-json\/wp\/v2\/media?parent=24218"}],"wp:term":[{"taxonomy":"product_brand","embeddable":true,"href":"https:\/\/www.libraria-occitana.org\/oc\/wp-json\/wp\/v2\/product_brand?post=24218"},{"taxonomy":"product_cat","embeddable":true,"href":"https:\/\/www.libraria-occitana.org\/oc\/wp-json\/wp\/v2\/product_cat?post=24218"},{"taxonomy":"product_tag","embeddable":true,"href":"https:\/\/www.libraria-occitana.org\/oc\/wp-json\/wp\/v2\/product_tag?post=24218"}],"curies":[{"name":"wp","href":"https:\/\/api.w.org\/{rel}","templated":true}]}}