{"id":24242,"date":"2015-11-01T18:52:08","date_gmt":"2015-11-01T17:52:08","guid":{"rendered":"http:\/\/www.libraria-occitana.org\/all-products\/les-sites-remarquables-du-limousin-tome-2-creuse?lang=oc"},"modified":"2026-04-11T00:17:04","modified_gmt":"2026-04-10T22:17:04","slug":"les-sites-remarquables-du-limousin-tome-2-creuse","status":"publish","type":"product","link":"https:\/\/www.libraria-occitana.org\/oc\/produch\/les-sites-remarquables-du-limousin-tome-2-creuse\/","title":{"rendered":"Les sites remarquables du Limousin T. 2 : Creuse"},"content":{"rendered":"<p>Au milieu des vallons bois\u00e9s de la Creuse, parmi le damier de pr\u00e9s et de haies, se cachent des tr\u00e9sors de paysages. Qui soup\u00e7onnerait la pr\u00e9sence d\u2019autant de ruines myst\u00e9rieuses, de chaos rocheux, de pierres \u00e9tranges, d\u2019arbres pluricentenaires, de torrents tumultueux bondissant en cascatelles au fond de gorges \u00e9troites ?<\/p>\n<p>Depuis les lois de 1906 et 1930 visant \u00e0 prot\u00e9ger les \u00ab monuments naturels et les sites de caract\u00e8re artistique, historique, scientifique, l\u00e9gendaire ou pittoresque \u00bb, de nombreux espaces naturels ou b\u00e2tis se d\u00e9marquant, par leurs apparences sortant de l\u2019\u00ab ordinaire \u00bb des paysages creusois, pourtant d\u00e9j\u00e0 remarquables dans leur ensemble, ont \u00e9t\u00e9 identifi\u00e9s et class\u00e9s par l\u2019administration afin que leur qualit\u00e9 et leur originalit\u00e9 soient conserv\u00e9s.<\/p>\n<p>Apr\u00e8s l\u2019ouvrage <em>Les sites remarquables du Limousin : Haute-Vienne<\/em>, ce livre pr\u00e9sente les 35 sites class\u00e9s ou inscrits de la Creuse entre 1912 et 2008. Pour chacun d\u2019entre eux sont d\u00e9crites leurs sp\u00e9cificit\u00e9s, ce qui fait leur int\u00e9r\u00eat, leur histoire, comment les d\u00e9couvrir. Outre de nombreuses photographies, quelques extraits ou reproductions d\u2019\u0153uvres d\u2019artistes inspir\u00e9s par ces paysages sont propos\u00e9s. Enfin, chaque site fait l\u2019objet d\u2019une carte reprenant les points de vue, parcours de randonn\u00e9e, \u00e9l\u00e9ments naturels ou b\u00e2tis remarquables m\u00e9ritant leur d\u00e9couverte.<\/p>\n","protected":false},"excerpt":{"rendered":"<p>Au milieu des vallons bois\u00e9s de la Creuse, parmi le damier de pr\u00e9s et de haies, se cachent des tr\u00e9sors de paysages. Qui soup\u00e7onnerait la pr\u00e9sence d\u2019autant de ruines myst\u00e9rieuses, de chaos rocheux, de pierres \u00e9tranges, d\u2019arbres pluricentenaires, de torrents tumultueux bondissant en cascatelles au fond de gorges \u00e9troites ? Depuis les lois de 1906 [&hellip;]<\/p>\n","protected":false},"featured_media":24243,"template":"","meta":{"_acf_changed":false,"_genesis_hide_title":false,"_genesis_hide_breadcrumbs":false,"_genesis_hide_singular_image":false,"_genesis_hide_footer_widgets":false,"_genesis_custom_body_class":"","_genesis_custom_post_class":"","_genesis_layout":""},"product_brand":[],"product_cat":[7199,7133,7197],"product_tag":[],"class_list":{"0":"post-24242","1":"product","2":"type-product","3":"status-publish","4":"has-post-thumbnail","6":"product_cat-guides-torisme-viatge-oc","7":"product_cat-libres-oc","8":"product_cat-natura-torisme-oc","9":"pa_auteur-dreal-du-limousin-oc","10":"pa_editeur-les-ardents-editeurs-oc","11":"pa_langue-francais-oc","12":"entry","14":"first","15":"instock","16":"shipping-taxable","17":"purchasable","18":"product-type-simple"},"acf":[],"_links":{"self":[{"href":"https:\/\/www.libraria-occitana.org\/oc\/wp-json\/wp\/v2\/product\/24242","targetHints":{"allow":["GET"]}}],"collection":[{"href":"https:\/\/www.libraria-occitana.org\/oc\/wp-json\/wp\/v2\/product"}],"about":[{"href":"https:\/\/www.libraria-occitana.org\/oc\/wp-json\/wp\/v2\/types\/product"}],"wp:featuredmedia":[{"embeddable":true,"href":"https:\/\/www.libraria-occitana.org\/oc\/wp-json\/wp\/v2\/media\/24243"}],"wp:attachment":[{"href":"https:\/\/www.libraria-occitana.org\/oc\/wp-json\/wp\/v2\/media?parent=24242"}],"wp:term":[{"taxonomy":"product_brand","embeddable":true,"href":"https:\/\/www.libraria-occitana.org\/oc\/wp-json\/wp\/v2\/product_brand?post=24242"},{"taxonomy":"product_cat","embeddable":true,"href":"https:\/\/www.libraria-occitana.org\/oc\/wp-json\/wp\/v2\/product_cat?post=24242"},{"taxonomy":"product_tag","embeddable":true,"href":"https:\/\/www.libraria-occitana.org\/oc\/wp-json\/wp\/v2\/product_tag?post=24242"}],"curies":[{"name":"wp","href":"https:\/\/api.w.org\/{rel}","templated":true}]}}