{"id":24306,"date":"2015-12-28T17:54:13","date_gmt":"2015-12-28T16:54:13","guid":{"rendered":"http:\/\/www.libraria-occitana.org\/all-products\/prenoms-occitans-petit-dictionnaire-de-poche?lang=oc"},"modified":"2026-04-29T10:32:07","modified_gmt":"2026-04-29T08:32:07","slug":"prenoms-occitans-petit-dictionnaire-de-poche","status":"publish","type":"product","link":"https:\/\/www.libraria-occitana.org\/oc\/produch\/prenoms-occitans-petit-dictionnaire-de-poche\/","title":{"rendered":"Pr\u00e9noms occitans : Petit dictionnaire de poche"},"content":{"rendered":"<p><strong>[oc]<\/strong><br \/>\nDesempuish un trentenat d&#8217;annadas de mei en mei numer\u00f3s qu&#8217;eston los qui vol\u00e8van balhar petits noms occitans aus lors mainatges. Lhevat los Guilhem, Estela e mei P\u00e8ire, qu&#8217;\u00e8ra de pro mau trobar ua ti\u00e8ra compl\u00e8ta de petits noms occitans.<br \/>\nDab aqueth obratge en forma de diccionari, que poiratz cercar, acomparar, presar aqueths petits noms, presentats dab lo prononciar en Alfabet Fonetic Internacionau.<br \/>\nVariantas e diminutius qu&#8217;i tr\u00f2ban tab\u00e9 ua pla\u00e7a de las bonas.<br \/>\nUn lexic deus equivalents franc\u00e9s deus prenoms occitans qu&#8217;es un complement de h\u00f2rt bona ajuda.<\/p>\n<p><strong>[fr]<\/strong><br \/>\nDepuis d\u00e9j\u00e0 une trentaine d&#8217;ann\u00e9es, de plus en plus nombreux sont ceux ou celles qui veulent donner des pr\u00e9noms occitans \u00e0 leurs enfants. En dehors des Guilhem, Estela et autres P\u00e8ire , il n&#8217;\u00e9tait pas toujours facile de trouver une liste compl\u00e8te des pr\u00e9noms occitans. Avec ce petit ouvrage en forme de dictionnaire, vous pourrez rechercher, comparer, appr\u00e9cier ces pr\u00e9noms, pr\u00e9sent\u00e9s syst\u00e9matiquement avec leur prononciation en Alphabet Phon\u00e9tique International . Variantes et diminutifs y ont largement leur place \u00e9galement. Un lexique des \u00e9quivalents fran\u00e7ais des pr\u00e9noms occitans compl\u00e8te utilement l&#8217;ouvrage.<\/p>\n","protected":false},"excerpt":{"rendered":"<p>[oc] Desempuish un trentenat d&#8217;annadas de mei en mei numer\u00f3s qu&#8217;eston los qui vol\u00e8van balhar petits noms occitans aus lors mainatges. Lhevat los Guilhem, Estela e mei P\u00e8ire, qu&#8217;\u00e8ra de pro mau trobar ua ti\u00e8ra compl\u00e8ta de petits noms occitans. Dab aqueth obratge en forma de diccionari, que poiratz cercar, acomparar, presar aqueths petits noms, [&hellip;]<\/p>\n","protected":false},"featured_media":24307,"template":"","meta":{"_acf_changed":false,"_genesis_hide_title":false,"_genesis_hide_breadcrumbs":false,"_genesis_hide_singular_image":false,"_genesis_hide_footer_widgets":false,"_genesis_custom_body_class":"","_genesis_custom_post_class":"","_genesis_layout":""},"product_brand":[],"product_cat":[7133,7203],"product_tag":[],"class_list":{"0":"post-24306","1":"product","2":"type-product","3":"status-publish","4":"has-post-thumbnail","6":"product_cat-libres-oc","7":"product_cat-politica-sociologia-actualitat-oc","8":"pa_auteur-lieutard-arvei-oc","9":"pa_editeur-editions-des-regionalismes-oc","10":"pa_langue-francais-oc","11":"entry","13":"first","14":"outofstock","15":"shipping-taxable","16":"purchasable","17":"product-type-simple"},"acf":[],"_links":{"self":[{"href":"https:\/\/www.libraria-occitana.org\/oc\/wp-json\/wp\/v2\/product\/24306","targetHints":{"allow":["GET"]}}],"collection":[{"href":"https:\/\/www.libraria-occitana.org\/oc\/wp-json\/wp\/v2\/product"}],"about":[{"href":"https:\/\/www.libraria-occitana.org\/oc\/wp-json\/wp\/v2\/types\/product"}],"wp:featuredmedia":[{"embeddable":true,"href":"https:\/\/www.libraria-occitana.org\/oc\/wp-json\/wp\/v2\/media\/24307"}],"wp:attachment":[{"href":"https:\/\/www.libraria-occitana.org\/oc\/wp-json\/wp\/v2\/media?parent=24306"}],"wp:term":[{"taxonomy":"product_brand","embeddable":true,"href":"https:\/\/www.libraria-occitana.org\/oc\/wp-json\/wp\/v2\/product_brand?post=24306"},{"taxonomy":"product_cat","embeddable":true,"href":"https:\/\/www.libraria-occitana.org\/oc\/wp-json\/wp\/v2\/product_cat?post=24306"},{"taxonomy":"product_tag","embeddable":true,"href":"https:\/\/www.libraria-occitana.org\/oc\/wp-json\/wp\/v2\/product_tag?post=24306"}],"curies":[{"name":"wp","href":"https:\/\/api.w.org\/{rel}","templated":true}]}}