{"id":25196,"date":"2016-03-11T09:34:23","date_gmt":"2016-03-11T08:34:23","guid":{"rendered":"http:\/\/www.libraria-occitana.org\/all-products\/ou-lherbe-ne-pousse-plus?lang=oc"},"modified":"2026-04-18T00:21:36","modified_gmt":"2026-04-17T22:21:36","slug":"ou-lherbe-ne-pousse-plus","status":"publish","type":"product","link":"https:\/\/www.libraria-occitana.org\/oc\/produch\/ou-lherbe-ne-pousse-plus\/","title":{"rendered":"O\u00f9 l&#8217;herbe ne pousse plus"},"content":{"rendered":"<p>\u00ab Le grondement des camions, ce jour de juin 1944, ne lui parut suspect que longtemps apr\u00e8s qu&#8217;il l&#8217;eut entendu. Les nouvelles de la d\u00e9b\u00e2cle allemande, \u00e9cout\u00e9es chaque soir \u00e0 la Radio, lui avaient sembl\u00e9 aussi peu surprenantes que, quelque trois ans plus t\u00f4t, les annonces violemment tambourin\u00e9es de la ru\u00e9e vers l&#8217;Est : ce n&#8217;\u00e9tait pas son affaire. Il avait fait ce qu&#8217;il avait pu pour sa famille, pour les r\u00e9fugi\u00e9s, pour les affam\u00e9s de la ville qui s&#8217;adressaient \u00e0 lui ; il avait empli ras bord chaque journ\u00e9e du labeur le plus harassant. Alors, tant pis pour ceux qui avaient jou\u00e9 avec le tonnerre et la mort. Il ne jouait pas, lui, il n&#8217;avait pas le temps&#8230; \u00bb<\/p>\n<p>Ainsi commence ce livre, le roman d&#8217;Oradour.<\/p>\n","protected":false},"excerpt":{"rendered":"<p>\u00ab Le grondement des camions, ce jour de juin 1944, ne lui parut suspect que longtemps apr\u00e8s qu&#8217;il l&#8217;eut entendu. Les nouvelles de la d\u00e9b\u00e2cle allemande, \u00e9cout\u00e9es chaque soir \u00e0 la Radio, lui avaient sembl\u00e9 aussi peu surprenantes que, quelque trois ans plus t\u00f4t, les annonces violemment tambourin\u00e9es de la ru\u00e9e vers l&#8217;Est : ce [&hellip;]<\/p>\n","protected":false},"featured_media":17615,"template":"","meta":{"_acf_changed":false,"_genesis_hide_title":false,"_genesis_hide_breadcrumbs":false,"_genesis_hide_singular_image":false,"_genesis_hide_footer_widgets":false,"_genesis_custom_body_class":"","_genesis_custom_post_class":"","_genesis_layout":""},"product_brand":[],"product_cat":[7133,7175,7183],"product_tag":[],"class_list":{"0":"post-25196","1":"product","2":"type-product","3":"status-publish","4":"has-post-thumbnail","6":"product_cat-libres-oc","7":"product_cat-literatura-oc","8":"product_cat-romans-novelas-oc","9":"pa_auteur-magnane-georges-oc","10":"pa_editeur-maiade-oc","11":"pa_langue-francais-oc","12":"entry","14":"first","15":"instock","16":"shipping-taxable","17":"purchasable","18":"product-type-simple"},"acf":[],"_links":{"self":[{"href":"https:\/\/www.libraria-occitana.org\/oc\/wp-json\/wp\/v2\/product\/25196","targetHints":{"allow":["GET"]}}],"collection":[{"href":"https:\/\/www.libraria-occitana.org\/oc\/wp-json\/wp\/v2\/product"}],"about":[{"href":"https:\/\/www.libraria-occitana.org\/oc\/wp-json\/wp\/v2\/types\/product"}],"wp:featuredmedia":[{"embeddable":true,"href":"https:\/\/www.libraria-occitana.org\/oc\/wp-json\/wp\/v2\/media\/17615"}],"wp:attachment":[{"href":"https:\/\/www.libraria-occitana.org\/oc\/wp-json\/wp\/v2\/media?parent=25196"}],"wp:term":[{"taxonomy":"product_brand","embeddable":true,"href":"https:\/\/www.libraria-occitana.org\/oc\/wp-json\/wp\/v2\/product_brand?post=25196"},{"taxonomy":"product_cat","embeddable":true,"href":"https:\/\/www.libraria-occitana.org\/oc\/wp-json\/wp\/v2\/product_cat?post=25196"},{"taxonomy":"product_tag","embeddable":true,"href":"https:\/\/www.libraria-occitana.org\/oc\/wp-json\/wp\/v2\/product_tag?post=25196"}],"curies":[{"name":"wp","href":"https:\/\/api.w.org\/{rel}","templated":true}]}}